{"id":31345,"date":"2026-01-09T17:12:23","date_gmt":"2026-01-09T17:12:23","guid":{"rendered":"https:\/\/topprixsarl.ch\/product\/classeur-semi-rigide-exacompta-forever-young-dos-4-cm-assortis-par-4\/"},"modified":"2026-01-14T14:19:06","modified_gmt":"2026-01-14T14:19:06","slug":"classeur-semi-rigide-exacompta-forever-young-dos-4-cm-assortis-par-4","status":"publish","type":"product","link":"https:\/\/topprixsarl.ch\/de\/product\/classeur-semi-rigide-exacompta-forever-young-dos-4-cm-assortis-par-4\/","title":{"rendered":"Classeur semi-rigide Exacompta Forever Young &#8211; dos 4 cm &#8211; assortis &#8211; par 4"},"content":{"rendered":"<p>Durable pour toujours<\/p>\n<p>Il est presque impossible d&rsquo;imaginer la discussion d&rsquo;aujourd&rsquo;hui sans la durabilit\u00e9. Chacun doit se demander comment il peut rendre ses d\u00e9cisions plus responsables. Les d\u00e9cisions les plus faciles sont celles qui ne demandent aucun effort et aucun ajustement des processus existants, n&rsquo;est-ce pas? <\/p>\n<p>C&rsquo;est pour cela qu&rsquo;Exacompta a cr\u00e9\u00e9 ce classeur \u00e0 anneaux. <\/p>\n<p>+ La mati\u00e8re premi\u00e8re est le plastique fabriqu\u00e9 \u00e0 partir de d\u00e9chets recycl\u00e9s. Ainsi, aucune mati\u00e8re premi\u00e8re n&rsquo;est pr\u00e9lev\u00e9e sur la terre et moins de d\u00e9chets finissent \u00e0 l&rsquo;incin\u00e9rateur. <\/p>\n<p>+ Ce classeur \u00e0 anneaux peut \u00e9galement \u00eatre facilement recycl\u00e9 apr\u00e8s utilisation. \u00c0 cette fin, ce classeur a \u00e9t\u00e9 certifi\u00e9 par l&rsquo;Ange bleu. <\/p>\n<p>+ Ce classeur \u00e0 anneaux r\u00e9sistant et durable pr\u00e9sente une bonne r\u00e9sistance avec ses 700\u00b5. <\/p>\n<p>Mais ce qui fait sa particularit\u00e9, c&rsquo;est son surdimensionnement: <\/p>\n<p>+ Il peut donc accueillir non seulement des feuilles A4 perfor\u00e9es, mais aussi des registres ou des pochettes de cahier d&rsquo;index A4 sans qu&rsquo;ils d\u00e9bordent du dossier. <\/p>\n<p>Soyez durable!<\/p>","protected":false},"excerpt":{"rendered":"<p>Durable pour toujours Il est presque impossible d&rsquo;imaginer la discussion d&rsquo;aujourd&rsquo;hui sans la durabilit\u00e9. Chacun doit se demander comment il peut rendre ses d\u00e9cisions plus responsables. Les d\u00e9cisions les plus faciles sont celles qui ne demandent auc<\/p>","protected":false},"featured_media":31344,"comment_status":"open","ping_status":"closed","template":"","meta":[],"product_brand":[],"product_cat":[137],"product_tag":[],"class_list":{"0":"post-31345","1":"product","2":"type-product","3":"status-publish","4":"has-post-thumbnail","6":"product_cat-article-offic","8":"first","9":"instock","10":"shipping-taxable","11":"purchasable","12":"product-type-simple"},"_links":{"self":[{"href":"https:\/\/topprixsarl.ch\/de\/wp-json\/wp\/v2\/product\/31345","targetHints":{"allow":["GET"]}}],"collection":[{"href":"https:\/\/topprixsarl.ch\/de\/wp-json\/wp\/v2\/product"}],"about":[{"href":"https:\/\/topprixsarl.ch\/de\/wp-json\/wp\/v2\/types\/product"}],"replies":[{"embeddable":true,"href":"https:\/\/topprixsarl.ch\/de\/wp-json\/wp\/v2\/comments?post=31345"}],"version-history":[{"count":2,"href":"https:\/\/topprixsarl.ch\/de\/wp-json\/wp\/v2\/product\/31345\/revisions"}],"predecessor-version":[{"id":33040,"href":"https:\/\/topprixsarl.ch\/de\/wp-json\/wp\/v2\/product\/31345\/revisions\/33040"}],"wp:featuredmedia":[{"embeddable":true,"href":"https:\/\/topprixsarl.ch\/de\/wp-json\/wp\/v2\/media\/31344"}],"wp:attachment":[{"href":"https:\/\/topprixsarl.ch\/de\/wp-json\/wp\/v2\/media?parent=31345"}],"wp:term":[{"taxonomy":"product_brand","embeddable":true,"href":"https:\/\/topprixsarl.ch\/de\/wp-json\/wp\/v2\/product_brand?post=31345"},{"taxonomy":"product_cat","embeddable":true,"href":"https:\/\/topprixsarl.ch\/de\/wp-json\/wp\/v2\/product_cat?post=31345"},{"taxonomy":"product_tag","embeddable":true,"href":"https:\/\/topprixsarl.ch\/de\/wp-json\/wp\/v2\/product_tag?post=31345"}],"curies":[{"name":"wp","href":"https:\/\/api.w.org\/{rel}","templated":true}]}}