{"id":31341,"date":"2026-01-09T17:11:55","date_gmt":"2026-01-09T17:11:55","guid":{"rendered":"https:\/\/topprixsarl.ch\/product\/savon-mains-neutre-ecolabel-bidon-de-5-l\/"},"modified":"2026-01-14T14:19:06","modified_gmt":"2026-01-14T14:19:06","slug":"savon-mains-neutre-ecolabel-bidon-de-5-l","status":"publish","type":"product","link":"https:\/\/topprixsarl.ch\/de\/product\/savon-mains-neutre-ecolabel-bidon-de-5-l\/","title":{"rendered":"Savon mains- neutre- \u00c9colabel- bidon de 5 L"},"content":{"rendered":"<p>Facile \u00e0 manipuler, Valentin est le gardien de l&rsquo;entreprise. Il est le seul \u00e0 avoir toutes les cl\u00e9s de chaque pi\u00e8ce. Tout au fond du sous-sol, il a une armoire avec les ustensiles de nettoyage. C&rsquo;est l\u00e0 que sont stock\u00e9s, entre autres, les grands bidons de savon que Valentin distribue lorsque les flacons individuels avec bouchon-pompe (article 14.139.014) sont vides. <\/p>\n<p>Valentin note que ce savon, le savon inodore pour les mains de, semble \u00eatre tr\u00e8s populaire parmi ses coll\u00e8gues de travail. <\/p>\n<p>+ Tr\u00e8s doux pour la peau, m\u00eame sur les mains sensibles.<br \/> + Effet nettoyant et activement protecteur, parfait pour une utilisation quotidienne.<br \/> + Savon neutre sans parfum ni colorant, produit de mani\u00e8re \u00e9cologique.<br \/> + Prend moins de place dans le local de stockage qu&rsquo;une quantit\u00e9 comparable de bouteilles \u00e0 pompe.<br \/> + A re\u00e7u le label \u00e9cologique de l&rsquo;UE. <\/p>\n<p>Stockez le savon en \u00e9conomisant de l&rsquo;espace! <\/p>\n<p>*Fu\u00dfnoten:*<br \/> *1. Article 14.139.014- Flacons individuels avec bouchon-pompe.*<\/p>","protected":false},"excerpt":{"rendered":"<p>Facile \u00e0 manipuler Valentin est le gardien de l&rsquo;entreprise. Il est le seul \u00e0 avoir toutes les cl\u00e9s de chaque pi\u00e8ce. Tout au fond du sous-sol, il a une armoire avec les ustensiles de nettoyage. C&rsquo;est l\u00e0 que sont stock\u00e9s, entre autres, les grands bidon<\/p>","protected":false},"featured_media":31340,"comment_status":"open","ping_status":"closed","template":"","meta":[],"product_brand":[],"product_cat":[143],"product_tag":[],"class_list":{"0":"post-31341","1":"product","2":"type-product","3":"status-publish","4":"has-post-thumbnail","6":"product_cat-nettoyage","8":"first","9":"instock","10":"shipping-taxable","11":"purchasable","12":"product-type-simple"},"_links":{"self":[{"href":"https:\/\/topprixsarl.ch\/de\/wp-json\/wp\/v2\/product\/31341","targetHints":{"allow":["GET"]}}],"collection":[{"href":"https:\/\/topprixsarl.ch\/de\/wp-json\/wp\/v2\/product"}],"about":[{"href":"https:\/\/topprixsarl.ch\/de\/wp-json\/wp\/v2\/types\/product"}],"replies":[{"embeddable":true,"href":"https:\/\/topprixsarl.ch\/de\/wp-json\/wp\/v2\/comments?post=31341"}],"version-history":[{"count":3,"href":"https:\/\/topprixsarl.ch\/de\/wp-json\/wp\/v2\/product\/31341\/revisions"}],"predecessor-version":[{"id":33234,"href":"https:\/\/topprixsarl.ch\/de\/wp-json\/wp\/v2\/product\/31341\/revisions\/33234"}],"wp:featuredmedia":[{"embeddable":true,"href":"https:\/\/topprixsarl.ch\/de\/wp-json\/wp\/v2\/media\/31340"}],"wp:attachment":[{"href":"https:\/\/topprixsarl.ch\/de\/wp-json\/wp\/v2\/media?parent=31341"}],"wp:term":[{"taxonomy":"product_brand","embeddable":true,"href":"https:\/\/topprixsarl.ch\/de\/wp-json\/wp\/v2\/product_brand?post=31341"},{"taxonomy":"product_cat","embeddable":true,"href":"https:\/\/topprixsarl.ch\/de\/wp-json\/wp\/v2\/product_cat?post=31341"},{"taxonomy":"product_tag","embeddable":true,"href":"https:\/\/topprixsarl.ch\/de\/wp-json\/wp\/v2\/product_tag?post=31341"}],"curies":[{"name":"wp","href":"https:\/\/api.w.org\/{rel}","templated":true}]}}