{"id":31339,"date":"2026-01-09T17:11:43","date_gmt":"2026-01-09T17:11:43","guid":{"rendered":"https:\/\/topprixsarl.ch\/product\/savon-mains-neutre-ecolabel-flacon-pompe-de-500-ml\/"},"modified":"2026-01-14T14:19:06","modified_gmt":"2026-01-14T14:19:06","slug":"savon-mains-neutre-ecolabel-flacon-pompe-de-500-ml","status":"publish","type":"product","link":"https:\/\/topprixsarl.ch\/de\/product\/savon-mains-neutre-ecolabel-flacon-pompe-de-500-ml\/","title":{"rendered":"Savon mains- neutre- \u00c9colabel- flacon pompe de 500 ml"},"content":{"rendered":"<p>Doux pour toutes les mains<\/p>\n<p>La conf\u00e9rence se d\u00e9roule bien et C\u00e9line a d\u00e9j\u00e0 re\u00e7u beaucoup de nouvelles informations sur les fournisseurs et leurs produits. Elle a \u00e9galement pu nouer des contacts pr\u00e9cieux pendant la pause caf\u00e9. Juste un petit tour aux toilettes, parce que le prochain cours attend d\u00e9j\u00e0. <\/p>\n<p>En se lavant les mains, C\u00e9line s&rsquo;arr\u00eate un instant- quand elle remarque la douceur du savon. C\u00e9line regarde de plus pr\u00e8s et voit le savon pour les mains sans odeur de. <\/p>\n<p>+ Formul\u00e9 sans parfum ni colorant<br \/> + Nettoie et prot\u00e8ge activement la peau<br \/> + Id\u00e9al pour un usage quotidien et pour les personnes ayant les mains ou la peau sensibles<br \/> + Formul\u00e9 de mani\u00e8re \u00e9cologique et certifi\u00e9 par le label \u00e9cologique de l&rsquo;UE <\/p>\n<p>Le flacon de taille pratique contient une pompe qui distribue juste la bonne quantit\u00e9 pour deux mains propres. Il est donc facile \u00e0 placer dans n&rsquo;importe quelle salle de bains ou lavabo d&rsquo;autres pi\u00e8ces. <\/p>\n<p>Cette bouteille peut \u00eatre remplie avec le bidon de 5 litres (article 14.139.025). <\/p>\n<p>Sentez par vous-m\u00eame combien ce savon est agr\u00e9able sur la peau!<\/p>\n<p>* 12 bouteilles\/carton<br \/> * 91 cartons\/palette (=1092 bouteilles\/palette)<\/p>","protected":false},"excerpt":{"rendered":"<p>Doux pour toutes les mains La conf\u00e9rence se d\u00e9roule bien et C\u00e9line a d\u00e9j\u00e0 re\u00e7u beaucoup de nouvelles informations sur les fournisseurs et leurs produits. Elle a \u00e9galement pu nouer des contacts pr\u00e9cieux pendant la pause caf\u00e9. Juste un petit tour aux t<\/p>","protected":false},"featured_media":31338,"comment_status":"open","ping_status":"closed","template":"","meta":[],"product_brand":[],"product_cat":[143],"product_tag":[],"class_list":{"0":"post-31339","1":"product","2":"type-product","3":"status-publish","4":"has-post-thumbnail","6":"product_cat-nettoyage","8":"first","9":"instock","10":"shipping-taxable","11":"purchasable","12":"product-type-simple"},"_links":{"self":[{"href":"https:\/\/topprixsarl.ch\/de\/wp-json\/wp\/v2\/product\/31339","targetHints":{"allow":["GET"]}}],"collection":[{"href":"https:\/\/topprixsarl.ch\/de\/wp-json\/wp\/v2\/product"}],"about":[{"href":"https:\/\/topprixsarl.ch\/de\/wp-json\/wp\/v2\/types\/product"}],"replies":[{"embeddable":true,"href":"https:\/\/topprixsarl.ch\/de\/wp-json\/wp\/v2\/comments?post=31339"}],"version-history":[{"count":3,"href":"https:\/\/topprixsarl.ch\/de\/wp-json\/wp\/v2\/product\/31339\/revisions"}],"predecessor-version":[{"id":33235,"href":"https:\/\/topprixsarl.ch\/de\/wp-json\/wp\/v2\/product\/31339\/revisions\/33235"}],"wp:featuredmedia":[{"embeddable":true,"href":"https:\/\/topprixsarl.ch\/de\/wp-json\/wp\/v2\/media\/31338"}],"wp:attachment":[{"href":"https:\/\/topprixsarl.ch\/de\/wp-json\/wp\/v2\/media?parent=31339"}],"wp:term":[{"taxonomy":"product_brand","embeddable":true,"href":"https:\/\/topprixsarl.ch\/de\/wp-json\/wp\/v2\/product_brand?post=31339"},{"taxonomy":"product_cat","embeddable":true,"href":"https:\/\/topprixsarl.ch\/de\/wp-json\/wp\/v2\/product_cat?post=31339"},{"taxonomy":"product_tag","embeddable":true,"href":"https:\/\/topprixsarl.ch\/de\/wp-json\/wp\/v2\/product_tag?post=31339"}],"curies":[{"name":"wp","href":"https:\/\/api.w.org\/{rel}","templated":true}]}}