{"id":31337,"date":"2026-01-09T17:11:27","date_gmt":"2026-01-09T17:11:27","guid":{"rendered":"https:\/\/topprixsarl.ch\/product\/savon-mains-amande-ecolabel-bidon-de-5-l\/"},"modified":"2026-01-14T14:19:06","modified_gmt":"2026-01-14T14:19:06","slug":"savon-mains-amande-ecolabel-bidon-de-5-l","status":"publish","type":"product","link":"https:\/\/topprixsarl.ch\/de\/product\/savon-mains-amande-ecolabel-bidon-de-5-l\/","title":{"rendered":"Savon mains- amande- \u00c9colabel- bidon de 5 L"},"content":{"rendered":"<p>Apr\u00e8s le travail: se laver les mains <\/p>\n<p>C&rsquo;\u00e9tait une longue journ\u00e9e pour Werner. Sa ni\u00e8ce a eu son premier jour de travail dans son atelier aujourd&rsquo;hui, ce qui demande un peu plus d&rsquo;attention que d&rsquo;habitude. Mais maintenant, c&rsquo;est l&rsquo;heure de la fermeture. <\/p>\n<p>Il a rapidement chang\u00e9 de v\u00eatements et veut maintenant juste se laver les mains bri\u00e8vement et rentrer chez lui. Mais en se lavant les mains, il s&rsquo;arr\u00eate soudain- quelle est cette odeur agr\u00e9able? <\/p>\n<p>Le parfum provient du savon, le savon \u00e0 main \u00e0 l&rsquo;extrait d&rsquo;amande. Ce produit nettoyant est agr\u00e9ablement parfum\u00e9, ce qui a \u00e9galement un effet positif sur l&rsquo;atmosph\u00e8re de la pi\u00e8ce. <\/p>\n<p>+ La peau est nettoy\u00e9e en douceur et activement prot\u00e9g\u00e9e avec ce savon. <\/p>\n<p>+ M\u00eame les mains sensibles peuvent utiliser ce produit et il convient \u00e0 un usage quotidien. <\/p>\n<p>+ Ce bidon, qui peut \u00eatre rang\u00e9 dans le garde-manger, permet de remplir facilement les bouteilles avec t\u00eates de distribution (article 14.138.966). <\/p>\n<p>+ De cette fa\u00e7on, le savon prend moins de place que les bouteilles de 500 ml. <\/p>\n<p>+ Il a \u00e9t\u00e9 m\u00e9lang\u00e9 de mani\u00e8re \u00e9cologique et a re\u00e7u le label \u00e9cologique de l&rsquo;UE. <\/p>\n<p>Lavez vos mains dans une atmosph\u00e8re agr\u00e9able!<\/p>","protected":false},"excerpt":{"rendered":"<p>Apr\u00e8s le travail: se laver les mains C&rsquo;\u00e9tait une longue journ\u00e9e pour Werner. Sa ni\u00e8ce a eu son premier jour de travail dans son atelier aujourd&rsquo;hui, ce qui demande un peu plus d&rsquo;attention que d&rsquo;habitude. Mais maintenant, c&rsquo;est l&rsquo;heure de la fermeture<\/p>","protected":false},"featured_media":31336,"comment_status":"open","ping_status":"closed","template":"","meta":[],"product_brand":[],"product_cat":[143],"product_tag":[],"class_list":{"0":"post-31337","1":"product","2":"type-product","3":"status-publish","4":"has-post-thumbnail","6":"product_cat-nettoyage","8":"first","9":"instock","10":"shipping-taxable","11":"purchasable","12":"product-type-simple"},"_links":{"self":[{"href":"https:\/\/topprixsarl.ch\/de\/wp-json\/wp\/v2\/product\/31337","targetHints":{"allow":["GET"]}}],"collection":[{"href":"https:\/\/topprixsarl.ch\/de\/wp-json\/wp\/v2\/product"}],"about":[{"href":"https:\/\/topprixsarl.ch\/de\/wp-json\/wp\/v2\/types\/product"}],"replies":[{"embeddable":true,"href":"https:\/\/topprixsarl.ch\/de\/wp-json\/wp\/v2\/comments?post=31337"}],"version-history":[{"count":3,"href":"https:\/\/topprixsarl.ch\/de\/wp-json\/wp\/v2\/product\/31337\/revisions"}],"predecessor-version":[{"id":33236,"href":"https:\/\/topprixsarl.ch\/de\/wp-json\/wp\/v2\/product\/31337\/revisions\/33236"}],"wp:featuredmedia":[{"embeddable":true,"href":"https:\/\/topprixsarl.ch\/de\/wp-json\/wp\/v2\/media\/31336"}],"wp:attachment":[{"href":"https:\/\/topprixsarl.ch\/de\/wp-json\/wp\/v2\/media?parent=31337"}],"wp:term":[{"taxonomy":"product_brand","embeddable":true,"href":"https:\/\/topprixsarl.ch\/de\/wp-json\/wp\/v2\/product_brand?post=31337"},{"taxonomy":"product_cat","embeddable":true,"href":"https:\/\/topprixsarl.ch\/de\/wp-json\/wp\/v2\/product_cat?post=31337"},{"taxonomy":"product_tag","embeddable":true,"href":"https:\/\/topprixsarl.ch\/de\/wp-json\/wp\/v2\/product_tag?post=31337"}],"curies":[{"name":"wp","href":"https:\/\/api.w.org\/{rel}","templated":true}]}}