{"id":31335,"date":"2026-01-09T17:11:15","date_gmt":"2026-01-09T17:11:15","guid":{"rendered":"https:\/\/topprixsarl.ch\/product\/savon-liquide-mains-aloe-vera-ecolabel-flacon-pompe-de-500-ml\/"},"modified":"2026-01-14T14:19:06","modified_gmt":"2026-01-14T14:19:06","slug":"savon-liquide-mains-aloe-vera-ecolabel-flacon-pompe-de-500-ml","status":"publish","type":"product","link":"https:\/\/topprixsarl.ch\/de\/product\/savon-liquide-mains-aloe-vera-ecolabel-flacon-pompe-de-500-ml\/","title":{"rendered":"Savon liquide mains- aloe vera- \u00c9colabel- flacon pompe de 500 ml"},"content":{"rendered":"<p>Mains s\u00e8ches? <\/p>\n<p>Il vient au travail tous les matins en bus- pour cette raison, se laver les mains est aussi la premi\u00e8re chose qu&rsquo;Alois fait lorsqu&rsquo;il entre dans l&rsquo;entreprise. Il se lave \u00e9galement les mains de temps en temps au cours de la journ\u00e9e. Malheureusement, il a remarqu\u00e9 derni\u00e8rement que ses mains devenaient un peu s\u00e8ches. <\/p>\n<p>Heureusement, son patron a r\u00e9agi et commande d\u00e9sormais le savon liquide de, qui est infus\u00e9 \u00e0 l&rsquo;aloe vera. Cet additif est connu pour ses propri\u00e9t\u00e9s hydratantes, qui prot\u00e8gent activement la peau. <\/p>\n<p>+ Ce savon est \u00e9galement un tr\u00e8s bon choix pour les mains sensibles. <\/p>\n<p>+ C&rsquo;est pourquoi il convient aux lavages fr\u00e9quents. <\/p>\n<p>+ Ce savon est \u00e9galement disponible dans un pot de 5 litres (14.136.834). <\/p>\n<p>+ Ce savon r\u00e9pand un parfum agr\u00e9able dans les toilettes ou pr\u00e8s de l&rsquo;\u00e9vier. <\/p>\n<p>+ La pompe, int\u00e9gr\u00e9e au flacon, dose parfaitement le savon et rend son utilisation extr\u00eamement pratique. <\/p>\n<p>+ Il permet \u00e9galement de changer le savon lorsqu&rsquo;il est vide en un tournemain. <\/p>\n<p>+ Il est produit de mani\u00e8re \u00e9cologique et a re\u00e7u le label \u00e9cologique de l&rsquo;UE. <\/p>\n<p>Soignez et nettoyez vos mains en m\u00eame temps! <\/p>\n<p>12 bouteilles\/carton <\/p>\n<p>91 cartons\/palette (=1092 bouteilles\/palette)<\/p>","protected":false},"excerpt":{"rendered":"<p>Mains s\u00e8ches? Il vient au travail tous les matins en bus &#8211; pour cette raison, se laver les mains est aussi la premi\u00e8re chose qu&rsquo;Alois fait lorsqu&rsquo;il entre dans l&rsquo;entreprise. Il se lave \u00e9galement les mains de temps en temps au cours de la journ\u00e9e. Mal<\/p>","protected":false},"featured_media":31334,"comment_status":"open","ping_status":"closed","template":"","meta":[],"product_brand":[],"product_cat":[143],"product_tag":[],"class_list":{"0":"post-31335","1":"product","2":"type-product","3":"status-publish","4":"has-post-thumbnail","6":"product_cat-nettoyage","8":"first","9":"instock","10":"shipping-taxable","11":"purchasable","12":"product-type-simple"},"_links":{"self":[{"href":"https:\/\/topprixsarl.ch\/de\/wp-json\/wp\/v2\/product\/31335","targetHints":{"allow":["GET"]}}],"collection":[{"href":"https:\/\/topprixsarl.ch\/de\/wp-json\/wp\/v2\/product"}],"about":[{"href":"https:\/\/topprixsarl.ch\/de\/wp-json\/wp\/v2\/types\/product"}],"replies":[{"embeddable":true,"href":"https:\/\/topprixsarl.ch\/de\/wp-json\/wp\/v2\/comments?post=31335"}],"version-history":[{"count":3,"href":"https:\/\/topprixsarl.ch\/de\/wp-json\/wp\/v2\/product\/31335\/revisions"}],"predecessor-version":[{"id":33237,"href":"https:\/\/topprixsarl.ch\/de\/wp-json\/wp\/v2\/product\/31335\/revisions\/33237"}],"wp:featuredmedia":[{"embeddable":true,"href":"https:\/\/topprixsarl.ch\/de\/wp-json\/wp\/v2\/media\/31334"}],"wp:attachment":[{"href":"https:\/\/topprixsarl.ch\/de\/wp-json\/wp\/v2\/media?parent=31335"}],"wp:term":[{"taxonomy":"product_brand","embeddable":true,"href":"https:\/\/topprixsarl.ch\/de\/wp-json\/wp\/v2\/product_brand?post=31335"},{"taxonomy":"product_cat","embeddable":true,"href":"https:\/\/topprixsarl.ch\/de\/wp-json\/wp\/v2\/product_cat?post=31335"},{"taxonomy":"product_tag","embeddable":true,"href":"https:\/\/topprixsarl.ch\/de\/wp-json\/wp\/v2\/product_tag?post=31335"}],"curies":[{"name":"wp","href":"https:\/\/api.w.org\/{rel}","templated":true}]}}