{"id":31331,"date":"2026-01-09T17:10:49","date_gmt":"2026-01-09T17:10:49","guid":{"rendered":"https:\/\/topprixsarl.ch\/product\/notes-post-it-super-sticky-476-x-476-mm-playful-12-blocs-x-90-feuilles\/"},"modified":"2026-01-14T14:19:07","modified_gmt":"2026-01-14T14:19:07","slug":"notes-post-it-super-sticky-476-x-476-mm-playful-12-blocs-x-90-feuilles","status":"publish","type":"product","link":"https:\/\/topprixsarl.ch\/de\/product\/notes-post-it-super-sticky-476-x-476-mm-playful-12-blocs-x-90-feuilles\/","title":{"rendered":"Notes Post-it Super Sticky &#8211; 47,6 x 47,6 mm &#8211; playful &#8211; 12 blocs x 90 feuilles"},"content":{"rendered":"<p>Toujours en vue, et pas seulement en cas d&rsquo;urgence: vos notes. Rendez-vous inattendus, informations importantes, \u00e9clairs de g\u00e9nie: dans notre vie professionnelle, des choses nous viennent \u00e0 l&rsquo;esprit chaque jour. Comme elles sont cruciales pour l&rsquo;optimisation des flux de travail, il ne faut pas les oublier. <\/p>\n<p>Personne ne veut perdre du temps pr\u00e9cieux juste parce qu&rsquo;il n&rsquo;y avait pas de bloc-notes \u00e0 port\u00e9e de main. C&rsquo;est pourquoi les notes de la marque Post-it doivent avoir leur place dans n&rsquo;importe quel bureau. <\/p>\n<p>+ Un paquet se compose de douze blocs. <\/p>\n<p>+ Gr\u00e2ce aux couleurs assorties de chaque bloc, vous gagnez encore plus de temps en ayant une vue d&rsquo;ensemble optimale. <\/p>\n<p>+ Comme elles ont une forme carr\u00e9e, il est tr\u00e8s facile d&rsquo;\u00e9crire sur les feuilles de papier. <\/p>\n<p>+ Le pouvoir adh\u00e9sif est fort, les feuilles restent donc l\u00e0 o\u00f9 vous les collez. <\/p>\n<p>N&rsquo;amputez pas votre budget et perdez moins de temps \u00e0 chercher vos notes. Avec un stock d&rsquo;un douze de la marque Post-it, vous et vos coll\u00e8gues ne manquerez plus rien. <\/p>\n<p>N&rsquo;attendez pas plus longtemps: optez pour un produit qui all\u00e9gera vos conditions de travail!<\/p>","protected":false},"excerpt":{"rendered":"<p>Toujours en vue, et pas seulement en cas d&rsquo;urgence: vos notes. Rendez-vous inattendus, informations importantes, \u00e9clairs de g\u00e9nie: dans notre vie professionnelle, des choses nous viennent \u00e0 l&rsquo;esprit chaque jour. Comme elles sont cruciales pour l&rsquo;opti<\/p>","protected":false},"featured_media":31330,"comment_status":"open","ping_status":"closed","template":"","meta":[],"product_brand":[],"product_cat":[137],"product_tag":[],"class_list":{"0":"post-31331","1":"product","2":"type-product","3":"status-publish","4":"has-post-thumbnail","6":"product_cat-article-offic","8":"first","9":"instock","10":"shipping-taxable","11":"purchasable","12":"product-type-simple"},"_links":{"self":[{"href":"https:\/\/topprixsarl.ch\/de\/wp-json\/wp\/v2\/product\/31331","targetHints":{"allow":["GET"]}}],"collection":[{"href":"https:\/\/topprixsarl.ch\/de\/wp-json\/wp\/v2\/product"}],"about":[{"href":"https:\/\/topprixsarl.ch\/de\/wp-json\/wp\/v2\/types\/product"}],"replies":[{"embeddable":true,"href":"https:\/\/topprixsarl.ch\/de\/wp-json\/wp\/v2\/comments?post=31331"}],"version-history":[{"count":2,"href":"https:\/\/topprixsarl.ch\/de\/wp-json\/wp\/v2\/product\/31331\/revisions"}],"predecessor-version":[{"id":33033,"href":"https:\/\/topprixsarl.ch\/de\/wp-json\/wp\/v2\/product\/31331\/revisions\/33033"}],"wp:featuredmedia":[{"embeddable":true,"href":"https:\/\/topprixsarl.ch\/de\/wp-json\/wp\/v2\/media\/31330"}],"wp:attachment":[{"href":"https:\/\/topprixsarl.ch\/de\/wp-json\/wp\/v2\/media?parent=31331"}],"wp:term":[{"taxonomy":"product_brand","embeddable":true,"href":"https:\/\/topprixsarl.ch\/de\/wp-json\/wp\/v2\/product_brand?post=31331"},{"taxonomy":"product_cat","embeddable":true,"href":"https:\/\/topprixsarl.ch\/de\/wp-json\/wp\/v2\/product_cat?post=31331"},{"taxonomy":"product_tag","embeddable":true,"href":"https:\/\/topprixsarl.ch\/de\/wp-json\/wp\/v2\/product_tag?post=31331"}],"curies":[{"name":"wp","href":"https:\/\/api.w.org\/{rel}","templated":true}]}}