{"id":31329,"date":"2026-01-09T17:10:34","date_gmt":"2026-01-09T17:10:34","guid":{"rendered":"https:\/\/topprixsarl.ch\/product\/cahier-spirale-oxford-my-recup-a4-180-pages-quadrille\/"},"modified":"2026-01-14T14:19:07","modified_gmt":"2026-01-14T14:19:07","slug":"cahier-spirale-oxford-my-recup-a4-180-pages-quadrille","status":"publish","type":"product","link":"https:\/\/topprixsarl.ch\/de\/product\/cahier-spirale-oxford-my-recup-a4-180-pages-quadrille\/","title":{"rendered":"Cahier spirale Oxford My Recup A4 &#8211; 180 pages &#8211; quadrill\u00e9"},"content":{"rendered":"<p>Facilitez l&rsquo;organisation d\u00e9j\u00e0 dans la t\u00eate<\/p>\n<p>Vous passez beaucoup de temps \u00e0 chercher un bout de papier ou une feuille de bloc-note sur votre bureau, car dans ces piles de papier se cachent des informations primordiales? Mettez fin \u00e0 ce d\u00e9sordre! <\/p>\n<p>Avec le carnet de notes avec reliure \u00e0 spirale de la marque Oxford, vous trouverez toutes les informations en un seul et m\u00eame endroit. Vous pourrez ainsi collecter et structurer toutes vos r\u00e9flexions et vous pr\u00e9parer \u00e0 travailler sur d&rsquo;autres projets. <\/p>\n<p>+ Format A4 : Pratique pour noter toutes les informations importantes et facile \u00e0 emporter partout dans n&rsquo;importe quel sac.<\/p>\n<p>+ Durabilit\u00e9 : Dot\u00e9 de 180 pages, l&rsquo;article est destin\u00e9 \u00e0 durer longtemps.<\/p>\n<p>+ Lin\u00e9ature \u00e0 carreaux : Offre une large libert\u00e9 d&rsquo;utilisation pour vos notes.<\/p>\n<p>+ Reliure \u00e0 double spirale : Facilite l&rsquo;\u00e9criture sur les feuilles sans avoir \u00e0 appuyer sur le carnet de notes.<\/p>\n<p>Si vos coll\u00e8gues ne se souviennent pas du contenu d&rsquo;un meeting, n&rsquo;h\u00e9sitez pas \u00e0 sortir le carnet de notes avec reliure \u00e0 spirale de la marque Oxford. Vous saurez ainsi de quoi il \u00e9tait question. <\/p>\n<p>Il est tr\u00e8s pratique d&rsquo;avoir pris des notes et de pouvoir faire preuve de professionnalisme! Notez tout ce qui est essentiel!<\/p>","protected":false},"excerpt":{"rendered":"<p>Facilitez l&rsquo;organisation d\u00e9j\u00e0 dans la t\u00eate Vous passez beaucoup de temps \u00e0 chercher un bout de papier ou une feuille de bloc-note sur votre bureau, car dans ces piles de papier se cachent des informations primordiales? Mettez fin \u00e0 ce d\u00e9sordre! Avec <\/p>","protected":false},"featured_media":31328,"comment_status":"open","ping_status":"closed","template":"","meta":[],"product_brand":[],"product_cat":[137],"product_tag":[],"class_list":{"0":"post-31329","1":"product","2":"type-product","3":"status-publish","4":"has-post-thumbnail","6":"product_cat-article-offic","8":"first","9":"instock","10":"shipping-taxable","11":"purchasable","12":"product-type-simple"},"_links":{"self":[{"href":"https:\/\/topprixsarl.ch\/de\/wp-json\/wp\/v2\/product\/31329","targetHints":{"allow":["GET"]}}],"collection":[{"href":"https:\/\/topprixsarl.ch\/de\/wp-json\/wp\/v2\/product"}],"about":[{"href":"https:\/\/topprixsarl.ch\/de\/wp-json\/wp\/v2\/types\/product"}],"replies":[{"embeddable":true,"href":"https:\/\/topprixsarl.ch\/de\/wp-json\/wp\/v2\/comments?post=31329"}],"version-history":[{"count":2,"href":"https:\/\/topprixsarl.ch\/de\/wp-json\/wp\/v2\/product\/31329\/revisions"}],"predecessor-version":[{"id":33032,"href":"https:\/\/topprixsarl.ch\/de\/wp-json\/wp\/v2\/product\/31329\/revisions\/33032"}],"wp:featuredmedia":[{"embeddable":true,"href":"https:\/\/topprixsarl.ch\/de\/wp-json\/wp\/v2\/media\/31328"}],"wp:attachment":[{"href":"https:\/\/topprixsarl.ch\/de\/wp-json\/wp\/v2\/media?parent=31329"}],"wp:term":[{"taxonomy":"product_brand","embeddable":true,"href":"https:\/\/topprixsarl.ch\/de\/wp-json\/wp\/v2\/product_brand?post=31329"},{"taxonomy":"product_cat","embeddable":true,"href":"https:\/\/topprixsarl.ch\/de\/wp-json\/wp\/v2\/product_cat?post=31329"},{"taxonomy":"product_tag","embeddable":true,"href":"https:\/\/topprixsarl.ch\/de\/wp-json\/wp\/v2\/product_tag?post=31329"}],"curies":[{"name":"wp","href":"https:\/\/api.w.org\/{rel}","templated":true}]}}