{"id":31325,"date":"2026-01-09T17:10:03","date_gmt":"2026-01-09T17:10:03","guid":{"rendered":"https:\/\/topprixsarl.ch\/product\/cahier-spirale-clairefontaine-forever-a4-120-pages-90-g-quadrille\/"},"modified":"2026-01-14T14:19:07","modified_gmt":"2026-01-14T14:19:07","slug":"cahier-spirale-clairefontaine-forever-a4-120-pages-90-g-quadrille","status":"publish","type":"product","link":"https:\/\/topprixsarl.ch\/de\/product\/cahier-spirale-clairefontaine-forever-a4-120-pages-90-g-quadrille\/","title":{"rendered":"Cahier spirale Clairefontaine Forever A4 &#8211; 120 pages &#8211; 90 g &#8211; quadrill\u00e9"},"content":{"rendered":"<p>Pour des notes prises de mani\u00e8re syst\u00e9matique<\/p>\n<p>Vous cherchez \u00e0 am\u00e9liorer votre concentration et vos performances? Si vous r\u00e9pondez par oui \u00e0 cette question, prenez des notes avec le carnet de notes avec reliure \u00e0 spirale de la marque Clairefontaine et apprenez \u00e0 mieux g\u00e9rer votre temps. Car en prenant des notes, vous pouvez vous concentrer sur les choses importantes.<\/p>\n<p>+ Format A4, facilement transportable dans n&rsquo;importe quel sac.<\/p>\n<p>+ Dot\u00e9 de 60 pages, parfaitement adapt\u00e9 \u00e0 vos notes, qu&rsquo;elles soient courtes ou longues.<\/p>\n<p>+ Papier \u00e0 carreaux offrant beaucoup de place pour les notes et les croquis.<\/p>\n<p>+ Reliure \u00e0 spirale permettant une ouverture \u00e0 360 degr\u00e9s.<\/p>\n<p>+ Pages micro-perfor\u00e9es pour un retrait facile des pages individuelles.<\/p>\n<p>Si vos coll\u00e8gues ne se souviennent pas du contenu d&rsquo;un meeting, n&rsquo;h\u00e9sitez pas \u00e0 sortir le carnet de notes avec reliure \u00e0 spirale de la marque Clairefontaine. Vous saurez ainsi de quoi il \u00e9tait question, et ce m\u00eame si la r\u00e9union s&rsquo;est tenue il y a de nombreuses semaines. <\/p>\n<p>Il est tr\u00e8s pratique d&rsquo;avoir pris des notes et de pouvoir faire preuve de professionnalisme! Am\u00e9liorez la mani\u00e8re de vous organiser au travail!<\/p>","protected":false},"excerpt":{"rendered":"<p>Pour des notes prises de mani\u00e8re syst\u00e9matique Vous cherchez \u00e0 am\u00e9liorer votre concentration et vos performances? Si vous r\u00e9pondez par oui \u00e0 cette question, prenez des notes avec le carnet de notes avec reliure \u00e0 spirale de la marque Clairefontaine et<\/p>","protected":false},"featured_media":31324,"comment_status":"open","ping_status":"closed","template":"","meta":[],"product_brand":[],"product_cat":[137],"product_tag":[],"class_list":{"0":"post-31325","1":"product","2":"type-product","3":"status-publish","4":"has-post-thumbnail","6":"product_cat-papier","8":"first","9":"instock","10":"shipping-taxable","11":"purchasable","12":"product-type-simple"},"_links":{"self":[{"href":"https:\/\/topprixsarl.ch\/de\/wp-json\/wp\/v2\/product\/31325","targetHints":{"allow":["GET"]}}],"collection":[{"href":"https:\/\/topprixsarl.ch\/de\/wp-json\/wp\/v2\/product"}],"about":[{"href":"https:\/\/topprixsarl.ch\/de\/wp-json\/wp\/v2\/types\/product"}],"replies":[{"embeddable":true,"href":"https:\/\/topprixsarl.ch\/de\/wp-json\/wp\/v2\/comments?post=31325"}],"version-history":[{"count":2,"href":"https:\/\/topprixsarl.ch\/de\/wp-json\/wp\/v2\/product\/31325\/revisions"}],"predecessor-version":[{"id":33030,"href":"https:\/\/topprixsarl.ch\/de\/wp-json\/wp\/v2\/product\/31325\/revisions\/33030"}],"wp:featuredmedia":[{"embeddable":true,"href":"https:\/\/topprixsarl.ch\/de\/wp-json\/wp\/v2\/media\/31324"}],"wp:attachment":[{"href":"https:\/\/topprixsarl.ch\/de\/wp-json\/wp\/v2\/media?parent=31325"}],"wp:term":[{"taxonomy":"product_brand","embeddable":true,"href":"https:\/\/topprixsarl.ch\/de\/wp-json\/wp\/v2\/product_brand?post=31325"},{"taxonomy":"product_cat","embeddable":true,"href":"https:\/\/topprixsarl.ch\/de\/wp-json\/wp\/v2\/product_cat?post=31325"},{"taxonomy":"product_tag","embeddable":true,"href":"https:\/\/topprixsarl.ch\/de\/wp-json\/wp\/v2\/product_tag?post=31325"}],"curies":[{"name":"wp","href":"https:\/\/api.w.org\/{rel}","templated":true}]}}