{"id":31323,"date":"2026-01-09T17:09:51","date_gmt":"2026-01-09T17:09:51","guid":{"rendered":"https:\/\/topprixsarl.ch\/product\/savon-liquide-mains-aloe-vera-ecolabel-bidon-de-5-l\/"},"modified":"2026-01-14T14:19:07","modified_gmt":"2026-01-14T14:19:07","slug":"savon-liquide-mains-aloe-vera-ecolabel-bidon-de-5-l","status":"publish","type":"product","link":"https:\/\/topprixsarl.ch\/de\/product\/savon-liquide-mains-aloe-vera-ecolabel-bidon-de-5-l\/","title":{"rendered":"Savon liquide mains  &#8211; aloe vera &#8211; \u00c9colabel &#8211; bidon de 5 L"},"content":{"rendered":"<p>Un gros paquet? Superbe<\/p>\n<p>L&rsquo;environnement est tr\u00e8s important pour Peter. Un point important pour lui est d&rsquo;\u00e9viter le gaspillage. Peter n&rsquo;ach\u00e8te donc pas de bouteilles en PET et se rend dans des magasins de d\u00e9ballage pour faire ses courses. Il pr\u00e9f\u00e8re \u00e9galement remplir son savon au lieu d&rsquo;acheter de nouvelles bouteilles.<\/p>\n<p>+ Savon en bidon de 5 litres, id\u00e9al pour remplir les bouteilles \u00e0 portion pratique (article 14.138.922).<\/p>\n<p>En plus de son effet nettoyant, il pr\u00e9sente un autre avantage: il contient de l&rsquo;aloe vera, qui prot\u00e8ge activement la peau gr\u00e2ce \u00e0 ses propri\u00e9t\u00e9s hydratantes. <\/p>\n<p>+ Convient \u00e9galement au lavage fr\u00e9quent des mains.<\/p>\n<p>Le parfum agr\u00e9able se r\u00e9pand \u00e0 chaque lavage. <\/p>\n<p>+ Bidon pouvant \u00eatre rang\u00e9 de mani\u00e8re pratique dans le garde-manger, ne doit \u00eatre r\u00e9cup\u00e9r\u00e9 que pour \u00eatre rempli.<\/p>\n<p>Cela signifie que le savon prend moins de place et produit moins de d\u00e9chets. <\/p>\n<p>+ Composition \u00e9cologique du savon ayant re\u00e7u le label \u00e9cologique de l&rsquo;UE.<\/p>\n<p>Remplissez le savon avec des mains soign\u00e9es!<\/p>","protected":false},"excerpt":{"rendered":"<p>Un gros paquet? Superbe L&rsquo;environnement est tr\u00e8s important pour Peter. Un point important pour lui est d&rsquo;\u00e9viter le gaspillage. Peter n&rsquo;ach\u00e8te donc pas de bouteilles en PET et se rend dans des magasins de d\u00e9ballage pour faire ses courses. Il pr\u00e9f\u00e8re \u00e9<\/p>","protected":false},"featured_media":31322,"comment_status":"open","ping_status":"closed","template":"","meta":[],"product_brand":[],"product_cat":[143],"product_tag":[],"class_list":{"0":"post-31323","1":"product","2":"type-product","3":"status-publish","4":"has-post-thumbnail","6":"product_cat-nettoyage","8":"first","9":"instock","10":"shipping-taxable","11":"purchasable","12":"product-type-simple"},"_links":{"self":[{"href":"https:\/\/topprixsarl.ch\/de\/wp-json\/wp\/v2\/product\/31323","targetHints":{"allow":["GET"]}}],"collection":[{"href":"https:\/\/topprixsarl.ch\/de\/wp-json\/wp\/v2\/product"}],"about":[{"href":"https:\/\/topprixsarl.ch\/de\/wp-json\/wp\/v2\/types\/product"}],"replies":[{"embeddable":true,"href":"https:\/\/topprixsarl.ch\/de\/wp-json\/wp\/v2\/comments?post=31323"}],"version-history":[{"count":2,"href":"https:\/\/topprixsarl.ch\/de\/wp-json\/wp\/v2\/product\/31323\/revisions"}],"predecessor-version":[{"id":33029,"href":"https:\/\/topprixsarl.ch\/de\/wp-json\/wp\/v2\/product\/31323\/revisions\/33029"}],"wp:featuredmedia":[{"embeddable":true,"href":"https:\/\/topprixsarl.ch\/de\/wp-json\/wp\/v2\/media\/31322"}],"wp:attachment":[{"href":"https:\/\/topprixsarl.ch\/de\/wp-json\/wp\/v2\/media?parent=31323"}],"wp:term":[{"taxonomy":"product_brand","embeddable":true,"href":"https:\/\/topprixsarl.ch\/de\/wp-json\/wp\/v2\/product_brand?post=31323"},{"taxonomy":"product_cat","embeddable":true,"href":"https:\/\/topprixsarl.ch\/de\/wp-json\/wp\/v2\/product_cat?post=31323"},{"taxonomy":"product_tag","embeddable":true,"href":"https:\/\/topprixsarl.ch\/de\/wp-json\/wp\/v2\/product_tag?post=31323"}],"curies":[{"name":"wp","href":"https:\/\/api.w.org\/{rel}","templated":true}]}}