{"id":31321,"date":"2026-01-09T17:09:35","date_gmt":"2026-01-09T17:09:35","guid":{"rendered":"https:\/\/topprixsarl.ch\/product\/gants-de-protection-chimique-maxichem-cut-76-733-taille-10-pc-de-12-paire\/"},"modified":"2026-01-14T14:19:07","modified_gmt":"2026-01-14T14:19:07","slug":"chemikalienschutzhandschuhe-maxichem-cut-76-733-grose-10-st-12-paar","status":"publish","type":"product","link":"https:\/\/topprixsarl.ch\/de\/product\/chemikalienschutzhandschuhe-maxichem-cut-76-733-grose-10-st-12-paar\/","title":{"rendered":"Chemikalienschutzhandschuhe MaxiChem Cut 76-733, Gr\u00f6\u00dfe 10, Stk. 12 Paar"},"content":{"rendered":"<p>In jeder Hinsicht gut gesch\u00fctzt<\/p>\n<p>In vielen Branchen geh\u00f6ren Chemikalien zum Arbeitsalltag. Wer mit Endkunden arbeitet, denkt in der Regel an Reinigungsmittel, die manchmal in etwas h\u00f6heren Dosen verwendet werden. Chemikalien, die gesundheitssch\u00e4dlich sind, wenn man sich nicht richtig sch\u00fctzt, finden jedoch immer weniger Anklang, insbesondere im B2B-Markt.<\/p>\n<p>Dieser Chemikalienschutzhandschuh MaxiChem Cut 76-733 ist ein Spezialhandschuh f\u00fcr den sicheren Umgang mit Fl\u00fcssigkeiten und Chemikalien. <\/p>\n<p>+ Tritech-Technologie: 30 % d\u00fcnner und 100 % komfortabler.<\/p>\n<p>+ Mechanische Leistung: Bietet bei Bedarf immer die gleiche mechanische Leistung und einen erh\u00f6hten Schutz vor Schnitten.<\/p>\n<p>+ Materialien: Aus Naturkautschuk und Latex hergestellt.<\/p>\n<p>+ Oberfl\u00e4che: Entwickelt mit einer Oberfl\u00e4che, die einen besseren Halt auf Gl\u00e4sern, Gegenst\u00e4nden oder Petrischalen erm\u00f6glicht.<\/p>\n<p>Dieser Handschuh ist nur f\u00fcr den einmaligen Gebrauch bestimmt und es sollte vor dem Gebrauch anhand von Piktogrammen gekl\u00e4rt werden, ob der Handschuh vor einer bestimmten Chemikalie sch\u00fctzt.<\/p>\n<p>Sch\u00fctzen Sie sich vor einer Vielzahl von Fl\u00fcssigkeiten!<\/p>","protected":false},"excerpt":{"rendered":"<p>In jeder Hinsicht gut gesch\u00fctzt In vielen Branchen sind Chemikalien Teil des Arbeitsalltags. Diejenigen, die mit Endkunden arbeiten, denken in der Regel an Reinigungsmittel, die manchmal in<\/p>","protected":false},"featured_media":31320,"comment_status":"open","ping_status":"closed","template":"","meta":[],"product_brand":[],"product_cat":[140],"product_tag":[],"class_list":{"0":"post-31321","1":"product","2":"type-product","3":"status-publish","4":"has-post-thumbnail","6":"product_cat-gants","8":"first","9":"instock","10":"shipping-taxable","11":"purchasable","12":"product-type-simple"},"_links":{"self":[{"href":"https:\/\/topprixsarl.ch\/de\/wp-json\/wp\/v2\/product\/31321","targetHints":{"allow":["GET"]}}],"collection":[{"href":"https:\/\/topprixsarl.ch\/de\/wp-json\/wp\/v2\/product"}],"about":[{"href":"https:\/\/topprixsarl.ch\/de\/wp-json\/wp\/v2\/types\/product"}],"replies":[{"embeddable":true,"href":"https:\/\/topprixsarl.ch\/de\/wp-json\/wp\/v2\/comments?post=31321"}],"version-history":[{"count":2,"href":"https:\/\/topprixsarl.ch\/de\/wp-json\/wp\/v2\/product\/31321\/revisions"}],"predecessor-version":[{"id":33028,"href":"https:\/\/topprixsarl.ch\/de\/wp-json\/wp\/v2\/product\/31321\/revisions\/33028"}],"wp:featuredmedia":[{"embeddable":true,"href":"https:\/\/topprixsarl.ch\/de\/wp-json\/wp\/v2\/media\/31320"}],"wp:attachment":[{"href":"https:\/\/topprixsarl.ch\/de\/wp-json\/wp\/v2\/media?parent=31321"}],"wp:term":[{"taxonomy":"product_brand","embeddable":true,"href":"https:\/\/topprixsarl.ch\/de\/wp-json\/wp\/v2\/product_brand?post=31321"},{"taxonomy":"product_cat","embeddable":true,"href":"https:\/\/topprixsarl.ch\/de\/wp-json\/wp\/v2\/product_cat?post=31321"},{"taxonomy":"product_tag","embeddable":true,"href":"https:\/\/topprixsarl.ch\/de\/wp-json\/wp\/v2\/product_tag?post=31321"}],"curies":[{"name":"wp","href":"https:\/\/api.w.org\/{rel}","templated":true}]}}