{"id":31319,"date":"2026-01-09T17:09:17","date_gmt":"2026-01-09T17:09:17","guid":{"rendered":"https:\/\/topprixsarl.ch\/product\/gants-jetables-en-nitrile-gogrip-grosse-xxl-pqt-de-50-pcs-orange\/"},"modified":"2026-01-21T00:21:23","modified_gmt":"2026-01-21T00:21:23","slug":"nitril-einmalhandschuhe-gogrip-grosse-xxl-pqt-50-stuck-orange","status":"publish","type":"product","link":"https:\/\/topprixsarl.ch\/de\/product\/nitril-einmalhandschuhe-gogrip-grosse-xxl-pqt-50-stuck-orange\/","title":{"rendered":"GoGrip Nitril-Einmalhandschuhe, Gr\u00f6sse XXL, pqt \u00e0 50 St., orange"},"content":{"rendered":"<p>Spezialhandschuhe f\u00fcr optimalen Schutz vor Chemikalien. <\/p>\n<p>+ Dickeres Material f\u00fcr mehr Festigkeit<br \/>\n+ Diamanttextur garantiert einen ausgezeichneten Griff, selbst in \u00f6ligen und feuchten Umgebungen<br \/>\n+ Optimaler Schutz bei der Arbeit unter schwierigen Bedingungen  <\/p>\n<p>Packung mit 50 St\u00fcck. <\/p>\n<p>Preis pro Paket.  <\/p>\n<p>*Fu\u00dfnoten:<br \/>\n*Bitte beachten Sie die Gebrauchsanweisung f\u00fcr maximale Sicherheit.<\/p>","protected":false},"excerpt":{"rendered":"<p>Gants sp\u00e9cialis\u00e9s pour une protection optimale contre les produits chimiques. Le mat\u00e9riau plus \u00e9pais et la texture diamant\u00e9e garantissent une excellente prise en main &#8211; m\u00eame dans des environnements gras et humides &#8211; et une protection optimale lors de<\/p>","protected":false},"featured_media":31318,"comment_status":"open","ping_status":"closed","template":"","meta":[],"product_brand":[],"product_cat":[140],"product_tag":[],"class_list":{"0":"post-31319","1":"product","2":"type-product","3":"status-publish","4":"has-post-thumbnail","6":"product_cat-gants","7":"pa_taille-2xl","8":"pa_taille-l","9":"pa_taille-m","10":"pa_taille-xl","12":"first","13":"instock","14":"shipping-taxable","15":"purchasable","16":"product-type-variable"},"_links":{"self":[{"href":"https:\/\/topprixsarl.ch\/de\/wp-json\/wp\/v2\/product\/31319","targetHints":{"allow":["GET"]}}],"collection":[{"href":"https:\/\/topprixsarl.ch\/de\/wp-json\/wp\/v2\/product"}],"about":[{"href":"https:\/\/topprixsarl.ch\/de\/wp-json\/wp\/v2\/types\/product"}],"replies":[{"embeddable":true,"href":"https:\/\/topprixsarl.ch\/de\/wp-json\/wp\/v2\/comments?post=31319"}],"version-history":[{"count":2,"href":"https:\/\/topprixsarl.ch\/de\/wp-json\/wp\/v2\/product\/31319\/revisions"}],"predecessor-version":[{"id":33027,"href":"https:\/\/topprixsarl.ch\/de\/wp-json\/wp\/v2\/product\/31319\/revisions\/33027"}],"wp:featuredmedia":[{"embeddable":true,"href":"https:\/\/topprixsarl.ch\/de\/wp-json\/wp\/v2\/media\/31318"}],"wp:attachment":[{"href":"https:\/\/topprixsarl.ch\/de\/wp-json\/wp\/v2\/media?parent=31319"}],"wp:term":[{"taxonomy":"product_brand","embeddable":true,"href":"https:\/\/topprixsarl.ch\/de\/wp-json\/wp\/v2\/product_brand?post=31319"},{"taxonomy":"product_cat","embeddable":true,"href":"https:\/\/topprixsarl.ch\/de\/wp-json\/wp\/v2\/product_cat?post=31319"},{"taxonomy":"product_tag","embeddable":true,"href":"https:\/\/topprixsarl.ch\/de\/wp-json\/wp\/v2\/product_tag?post=31319"}],"curies":[{"name":"wp","href":"https:\/\/api.w.org\/{rel}","templated":true}]}}