{"id":31311,"date":"2026-01-09T15:24:55","date_gmt":"2026-01-09T15:24:55","guid":{"rendered":"https:\/\/topprixsarl.ch\/product\/gants-jetables-en-nitrile-nitrylex-classic-taille-l-pqt-de-100-pcs-noirs\/"},"modified":"2026-01-21T00:21:06","modified_gmt":"2026-01-21T00:21:06","slug":"einweghandschuhe-aus-nitril-nitrylex-classic-grose-l-100-stuck-schwarz","status":"publish","type":"product","link":"https:\/\/topprixsarl.ch\/de\/product\/einweghandschuhe-aus-nitril-nitrylex-classic-grose-l-100-stuck-schwarz\/","title":{"rendered":"Nitril-Einmalhandschuhe NITRYLEX CLASSIC, Gr\u00f6\u00dfe L, pqt 100 St\u00fcck, schwarz"},"content":{"rendered":"<p>Halten Sie mehr als nur Fett und Schmutz fern. <\/p>\n<p>Wer in der Gastronomie oder in der chemischen Industrie arbeitet, ist es gewohnt, Handschuhe zu tragen. In der K\u00fcche sch\u00fctzen Handschuhe vor fettigen Speisen, w\u00e4hrend andere Handschuhe in der Industrie verhindern k\u00f6nnen, dass die H\u00e4nde durch Chemikalien verletzt werden. <\/p>\n<p>Aber wie k\u00f6nnen Sie Ihre Mitarbeiter vor den schlimmsten Plagen wie Viren oder Bakterien sch\u00fctzen? Nytrilex hat hier mit dem Classic-Handschuh eine M\u00f6glichkeit zum Schutz. <\/p>\n<p>+ Hochwertiger Einweghandschuh<br \/>\n+ Puderfreies Finish<br \/>\n+ Erh\u00e4ltlich in elegantem Schwarz<br \/>\n+ Schwarze Farbe, die Verschmutzungen weniger sichtbar macht<br \/>\n+ Barriere gegen Bakterien, Pilze und Viren  <\/p>\n<p>Sie k\u00f6nnen im Haushalt, bei der Herstellung und Verarbeitung von Lebensmitteln und bei mechanischen Arbeiten eingesetzt werden. <\/p>\n<p>Dar\u00fcber hinaus sind sie eine gute Wahl im unsterilen medizinischen Bereich, im Bildungswesen oder im Sch\u00f6nheitssektor. <\/p>\n<p>Halten Sie Abstand von Schmutz, Pilzen und Viren!<\/p>","protected":false},"excerpt":{"rendered":"<p>Tenir \u00e0 l&rsquo;\u00e9cart bien plus que de la simple graisse et salet\u00e9 Ceux qui travaillent dans la restauration ou dans l&rsquo;industrie chimique sont habitu\u00e9s \u00e0 porter des gants. Dans la cuisine, les gants prot\u00e8gent contre les aliments gras, tandis que d&rsquo;autres g<\/p>","protected":false},"featured_media":31310,"comment_status":"open","ping_status":"closed","template":"","meta":[],"product_brand":[],"product_cat":[140],"product_tag":[],"class_list":{"0":"post-31311","1":"product","2":"type-product","3":"status-publish","4":"has-post-thumbnail","6":"product_cat-gants","7":"pa_taille-l","8":"pa_taille-m","9":"pa_taille-s","10":"pa_taille-xl","12":"first","13":"instock","14":"shipping-taxable","15":"purchasable","16":"product-type-variable"},"_links":{"self":[{"href":"https:\/\/topprixsarl.ch\/de\/wp-json\/wp\/v2\/product\/31311","targetHints":{"allow":["GET"]}}],"collection":[{"href":"https:\/\/topprixsarl.ch\/de\/wp-json\/wp\/v2\/product"}],"about":[{"href":"https:\/\/topprixsarl.ch\/de\/wp-json\/wp\/v2\/types\/product"}],"replies":[{"embeddable":true,"href":"https:\/\/topprixsarl.ch\/de\/wp-json\/wp\/v2\/comments?post=31311"}],"version-history":[{"count":2,"href":"https:\/\/topprixsarl.ch\/de\/wp-json\/wp\/v2\/product\/31311\/revisions"}],"predecessor-version":[{"id":33024,"href":"https:\/\/topprixsarl.ch\/de\/wp-json\/wp\/v2\/product\/31311\/revisions\/33024"}],"wp:featuredmedia":[{"embeddable":true,"href":"https:\/\/topprixsarl.ch\/de\/wp-json\/wp\/v2\/media\/31310"}],"wp:attachment":[{"href":"https:\/\/topprixsarl.ch\/de\/wp-json\/wp\/v2\/media?parent=31311"}],"wp:term":[{"taxonomy":"product_brand","embeddable":true,"href":"https:\/\/topprixsarl.ch\/de\/wp-json\/wp\/v2\/product_brand?post=31311"},{"taxonomy":"product_cat","embeddable":true,"href":"https:\/\/topprixsarl.ch\/de\/wp-json\/wp\/v2\/product_cat?post=31311"},{"taxonomy":"product_tag","embeddable":true,"href":"https:\/\/topprixsarl.ch\/de\/wp-json\/wp\/v2\/product_tag?post=31311"}],"curies":[{"name":"wp","href":"https:\/\/api.w.org\/{rel}","templated":true}]}}