{"id":31281,"date":"2026-01-09T15:20:23","date_gmt":"2026-01-09T15:20:23","guid":{"rendered":"https:\/\/topprixsarl.ch\/product\/gants-jetables-en-nitrile-gogrip-taille-xl-pqt-de-50-pcs-orange\/"},"modified":"2026-01-21T00:20:08","modified_gmt":"2026-01-21T00:20:08","slug":"nitril-einmalhandschuhe-gogrip-grose-xl-pqt-50-stuck-orange","status":"publish","type":"product","link":"https:\/\/topprixsarl.ch\/de\/product\/nitril-einmalhandschuhe-gogrip-grose-xl-pqt-50-stuck-orange\/","title":{"rendered":"GoGrip Nitril-Einmalhandschuhe, Gr\u00f6\u00dfe XL, 50 St\u00fcck, orange"},"content":{"rendered":"<p>Schutz und Pr\u00e4vention<\/p>\n<p>Wer in der Gastronomie, in der Lebensmittelverarbeitung oder in der Industrie arbeitet, hat immer wieder Probleme mit Einweghandschuhen: Sie saugen sich schnell mit Fett oder Feuchtigkeit voll, was das Greifen erschwert. Au\u00dferdem schwitzt man beim Tragen von Handschuhen oft stark.<\/p>\n<p>Mit dem Modell Ideal Grip+ hat Mercator die ideale L\u00f6sung f\u00fcr dieses Dilemma auf den Markt gebracht. <\/p>\n<p>+ Diamanttextur: Auf der Au\u00dfenseite fallen diese Handschuhe durch ihre Diamanttextur auf, die die Reibung und damit die Griffigkeit erh\u00f6ht. Dies ist besonders in fettigen oder feuchten Bereichen von Vorteil.<\/p>\n<p>+ Optimaler Tragekomfort: Die Diamantstruktur sorgt noch daf\u00fcr, dass im Inneren mehr Platz ist, was wiederum bedeutet, dass du weniger schwitzt.<\/p>\n<p>+ Chemikalienschutz: Diese puderfreien Handschuhe bieten auch einen gewissen Schutz vor Chemikalien und erf\u00fcllen die Anforderungen der Kategorie III B.<\/p>\n<p>+ Benutzerfreundlichkeit: Sie sind leicht anzulegen und verringern die Gefahr von Verletzungen, Kratzern oder Reizungen an den H\u00e4nden.<\/p>\n<p>+ Nicht sterile Verwendung: Diese Handschuhe eignen sich f\u00fcr die nicht sterile Verwendung.<\/p>\n<p>Sch\u00fctzen Sie Ihre H\u00e4nde nicht auf Kosten der Griffigkeit!<\/p>","protected":false},"excerpt":{"rendered":"<p>Schutz und Vorbeugung Wer in der Gastronomie, in der Lebensmittelverarbeitung oder in der Industrie arbeitet, steht bei Einweghandschuhen immer wieder vor dem Problem, dass sie sich schnell mit Fett oder anderen Stoffen vollsaugen.<\/p>","protected":false},"featured_media":31280,"comment_status":"open","ping_status":"closed","template":"","meta":[],"product_brand":[],"product_cat":[140],"product_tag":[],"class_list":{"0":"post-31281","1":"product","2":"type-product","3":"status-publish","4":"has-post-thumbnail","6":"product_cat-gants","7":"pa_taille-2xl","8":"pa_taille-l","9":"pa_taille-m","10":"pa_taille-xl","12":"first","13":"instock","14":"shipping-taxable","15":"purchasable","16":"product-type-variable"},"_links":{"self":[{"href":"https:\/\/topprixsarl.ch\/de\/wp-json\/wp\/v2\/product\/31281","targetHints":{"allow":["GET"]}}],"collection":[{"href":"https:\/\/topprixsarl.ch\/de\/wp-json\/wp\/v2\/product"}],"about":[{"href":"https:\/\/topprixsarl.ch\/de\/wp-json\/wp\/v2\/types\/product"}],"replies":[{"embeddable":true,"href":"https:\/\/topprixsarl.ch\/de\/wp-json\/wp\/v2\/comments?post=31281"}],"version-history":[{"count":2,"href":"https:\/\/topprixsarl.ch\/de\/wp-json\/wp\/v2\/product\/31281\/revisions"}],"predecessor-version":[{"id":33004,"href":"https:\/\/topprixsarl.ch\/de\/wp-json\/wp\/v2\/product\/31281\/revisions\/33004"}],"wp:featuredmedia":[{"embeddable":true,"href":"https:\/\/topprixsarl.ch\/de\/wp-json\/wp\/v2\/media\/31280"}],"wp:attachment":[{"href":"https:\/\/topprixsarl.ch\/de\/wp-json\/wp\/v2\/media?parent=31281"}],"wp:term":[{"taxonomy":"product_brand","embeddable":true,"href":"https:\/\/topprixsarl.ch\/de\/wp-json\/wp\/v2\/product_brand?post=31281"},{"taxonomy":"product_cat","embeddable":true,"href":"https:\/\/topprixsarl.ch\/de\/wp-json\/wp\/v2\/product_cat?post=31281"},{"taxonomy":"product_tag","embeddable":true,"href":"https:\/\/topprixsarl.ch\/de\/wp-json\/wp\/v2\/product_tag?post=31281"}],"curies":[{"name":"wp","href":"https:\/\/api.w.org\/{rel}","templated":true}]}}