{"id":31273,"date":"2026-01-09T15:19:16","date_gmt":"2026-01-09T15:19:16","guid":{"rendered":"https:\/\/topprixsarl.ch\/product\/etiquette-avery-zweckform-l4717-210x148-mm-etanche-et-amovible-blanc-40-p\/"},"modified":"2026-01-14T14:19:09","modified_gmt":"2026-01-14T14:19:09","slug":"etiquette-avery-zweckform-l4717-210x148-mm-etanche-et-amovible-blanc-40-p","status":"publish","type":"product","link":"https:\/\/topprixsarl.ch\/de\/product\/etiquette-avery-zweckform-l4717-210x148-mm-etanche-et-amovible-blanc-40-p\/","title":{"rendered":"\u00c9tiquette Avery Zweckform L4717, 210&#215;148 mm, \u00e9tanche et amovible, blanc, 40 p."},"content":{"rendered":"<p>Des labels pour tous les champs d\u2019application<\/p>\n<p>Que ce soit un bo\u00eetier \u00e9lectrique qui doit \u00eatre \u00e9tiquet\u00e9 ou un avis d&rsquo;avertissement qui doit \u00eatre plac\u00e9 quelque part : si les \u00e9tiquettes doivent \u00eatre appliqu\u00e9es \u00e0 l&rsquo;ext\u00e9rieur, elles doivent \u00eatre con\u00e7ues \u00e0 cet effet. <\/p>\n<p>Les \u00e9tiquettes de films d&rsquo;Avery Zweckform sont faites exactement dans ce but. Elles sont beaucoup plus durables que les \u00e9tiquettes en papier normales et conviennent donc parfaitement \u00e0 une utilisation dans des endroits expos\u00e9s aux intemp\u00e9ries, tels que la bo\u00eete \u00e9lectrique sur le chantier ou l&rsquo;avertissement sur le gicleur du r\u00e9servoir du camion. <\/p>\n<p>+ Le label est con\u00e7u pour une adh\u00e9sion permanente. <\/p>\n<p>+ L&rsquo;\u00e9tiquette r\u00e9siste \u00e0 l&rsquo;huile, \u00e0 la salet\u00e9 et \u00e0 la temp\u00e9rature (-20 degr\u00e9s \u00e0 +80 degr\u00e9s). <\/p>\n<p>+ L&rsquo;\u00e9tiquette est \u00e9galement r\u00e9sistante \u00e0 l&rsquo;eau et \u00e0 la d\u00e9chirure. <\/p>\n<p>Outre les emplacements ext\u00e9rieurs susmentionn\u00e9s, le label peut \u00e9galement \u00eatre utilis\u00e9 pour l\u2019\u00e9tiquetage \u00e0 l&rsquo;int\u00e9rieur, par exemple dans un entrep\u00f4t ou un atelier. <\/p>\n<p>Obtenez des \u00e9tiquettes pour tous les usages !<\/p>","protected":false},"excerpt":{"rendered":"<p>Des labels pour tous les champs d\u2019application Que ce soit un bo\u00eetier \u00e9lectrique qui doit \u00eatre \u00e9tiquet\u00e9 ou un avis d&rsquo;avertissement qui doit \u00eatre plac\u00e9 quelque part: si les \u00e9tiquettes doivent \u00eatre appliqu\u00e9es \u00e0 l&rsquo;ext\u00e9rieur, elles doivent \u00eatre con\u00e7ues \u00e0 <\/p>","protected":false},"featured_media":31272,"comment_status":"open","ping_status":"closed","template":"","meta":[],"product_brand":[],"product_cat":[137],"product_tag":[],"class_list":{"0":"post-31273","1":"product","2":"type-product","3":"status-publish","4":"has-post-thumbnail","6":"product_cat-article-offic","8":"first","9":"instock","10":"shipping-taxable","11":"purchasable","12":"product-type-simple"},"_links":{"self":[{"href":"https:\/\/topprixsarl.ch\/de\/wp-json\/wp\/v2\/product\/31273","targetHints":{"allow":["GET"]}}],"collection":[{"href":"https:\/\/topprixsarl.ch\/de\/wp-json\/wp\/v2\/product"}],"about":[{"href":"https:\/\/topprixsarl.ch\/de\/wp-json\/wp\/v2\/types\/product"}],"replies":[{"embeddable":true,"href":"https:\/\/topprixsarl.ch\/de\/wp-json\/wp\/v2\/comments?post=31273"}],"version-history":[{"count":2,"href":"https:\/\/topprixsarl.ch\/de\/wp-json\/wp\/v2\/product\/31273\/revisions"}],"predecessor-version":[{"id":32999,"href":"https:\/\/topprixsarl.ch\/de\/wp-json\/wp\/v2\/product\/31273\/revisions\/32999"}],"wp:featuredmedia":[{"embeddable":true,"href":"https:\/\/topprixsarl.ch\/de\/wp-json\/wp\/v2\/media\/31272"}],"wp:attachment":[{"href":"https:\/\/topprixsarl.ch\/de\/wp-json\/wp\/v2\/media?parent=31273"}],"wp:term":[{"taxonomy":"product_brand","embeddable":true,"href":"https:\/\/topprixsarl.ch\/de\/wp-json\/wp\/v2\/product_brand?post=31273"},{"taxonomy":"product_cat","embeddable":true,"href":"https:\/\/topprixsarl.ch\/de\/wp-json\/wp\/v2\/product_cat?post=31273"},{"taxonomy":"product_tag","embeddable":true,"href":"https:\/\/topprixsarl.ch\/de\/wp-json\/wp\/v2\/product_tag?post=31273"}],"curies":[{"name":"wp","href":"https:\/\/api.w.org\/{rel}","templated":true}]}}