{"id":31269,"date":"2026-01-09T15:18:48","date_gmt":"2026-01-09T15:18:48","guid":{"rendered":"https:\/\/topprixsarl.ch\/product\/verre-a-dessert-alaska-26cl-paquet-de-12\/"},"modified":"2026-01-15T16:26:30","modified_gmt":"2026-01-15T16:26:30","slug":"verre-a-dessert-alaska-26cl-paquet-de-12","status":"publish","type":"product","link":"https:\/\/topprixsarl.ch\/de\/product\/verre-a-dessert-alaska-26cl-paquet-de-12\/","title":{"rendered":"Dessertglas Alaska, 26cl, Packung zu 12"},"content":{"rendered":"<p>Servez l&rsquo;\u00e9l\u00e9gance<\/p>\n<p>Vous avez pr\u00e9par\u00e9 ce rendez-vous important avec le client pendant des mois, et rien ne doit aller de travers. Les pr\u00e9sentations, qui \u00e9taient d\u00e9j\u00e0 convaincantes \u00e0 l&rsquo;avance, sont impeccables, la salle de r\u00e9union est r\u00e9serv\u00e9e et maintenant vous planifiez la restauration. <\/p>\n<p>Si de simples sandwiches suffisent pour d&rsquo;autres rendez-vous, il devrait y avoir quelque chose de sp\u00e9cial maintenant. Vous choisissez donc des amuse-bouches, des saladiers branch\u00e9s et un d\u00e9licieux dessert. <\/p>\n<p>Si l&rsquo;entr\u00e9e et le plat principal sont faciles \u00e0 manipuler, vous ne trouverez pas de bols assortis pour le dessert sucr\u00e9 dans tout le bureau. La nomination \u00e9choue-t-elle maintenant \u00e0 cause d&rsquo;une chose aussi banale? <\/p>\n<p>Cette coupe \u00e0 dessert \u00e0 large col de l&rsquo;Alaska, au design \u00e9l\u00e9gant, embellit tous les d\u00e9licieux desserts. <\/p>\n<p>+ Capacit\u00e9 de 26 cl, id\u00e9ale pour servir des desserts \u00e0 la cuill\u00e8re comme le pudding, les cr\u00e8mes, le tiramis\u00f9 ou le parfait, mais aussi pour les sorbets et les glaces. <\/p>\n<p>L&rsquo;onctuosit\u00e9 ainsi que les couleurs d\u00e9licates ou fruit\u00e9es des desserts sont mises en valeur par la particularit\u00e9 de la coupe, dont le style \u00e9l\u00e9gant rend toute sorte de mise en place sp\u00e9ciale. <\/p>\n<p>Assurez une pr\u00e9sentation sp\u00e9ciale.<\/p>","protected":false},"excerpt":{"rendered":"<p>Servez l&rsquo;\u00e9l\u00e9gance Vous avez pr\u00e9par\u00e9 ce rendez-vous important avec le client pendant des mois, et rien ne doit aller de travers. Les pr\u00e9sentations, qui \u00e9taient d\u00e9j\u00e0 convaincantes \u00e0 l&rsquo;avance, sont impeccables, la salle de r\u00e9union est r\u00e9serv\u00e9e et mainte<\/p>","protected":false},"featured_media":31268,"comment_status":"open","ping_status":"closed","template":"","meta":[],"product_brand":[],"product_cat":[139],"product_tag":[],"class_list":{"0":"post-31269","1":"product","2":"type-product","3":"status-publish","4":"has-post-thumbnail","6":"product_cat-lave-vaisselle","8":"first","9":"instock","10":"shipping-taxable","11":"purchasable","12":"product-type-simple"},"_links":{"self":[{"href":"https:\/\/topprixsarl.ch\/de\/wp-json\/wp\/v2\/product\/31269","targetHints":{"allow":["GET"]}}],"collection":[{"href":"https:\/\/topprixsarl.ch\/de\/wp-json\/wp\/v2\/product"}],"about":[{"href":"https:\/\/topprixsarl.ch\/de\/wp-json\/wp\/v2\/types\/product"}],"replies":[{"embeddable":true,"href":"https:\/\/topprixsarl.ch\/de\/wp-json\/wp\/v2\/comments?post=31269"}],"version-history":[{"count":2,"href":"https:\/\/topprixsarl.ch\/de\/wp-json\/wp\/v2\/product\/31269\/revisions"}],"predecessor-version":[{"id":32997,"href":"https:\/\/topprixsarl.ch\/de\/wp-json\/wp\/v2\/product\/31269\/revisions\/32997"}],"wp:featuredmedia":[{"embeddable":true,"href":"https:\/\/topprixsarl.ch\/de\/wp-json\/wp\/v2\/media\/31268"}],"wp:attachment":[{"href":"https:\/\/topprixsarl.ch\/de\/wp-json\/wp\/v2\/media?parent=31269"}],"wp:term":[{"taxonomy":"product_brand","embeddable":true,"href":"https:\/\/topprixsarl.ch\/de\/wp-json\/wp\/v2\/product_brand?post=31269"},{"taxonomy":"product_cat","embeddable":true,"href":"https:\/\/topprixsarl.ch\/de\/wp-json\/wp\/v2\/product_cat?post=31269"},{"taxonomy":"product_tag","embeddable":true,"href":"https:\/\/topprixsarl.ch\/de\/wp-json\/wp\/v2\/product_tag?post=31269"}],"curies":[{"name":"wp","href":"https:\/\/api.w.org\/{rel}","templated":true}]}}