{"id":31263,"date":"2026-01-09T15:18:05","date_gmt":"2026-01-09T15:18:05","guid":{"rendered":"https:\/\/topprixsarl.ch\/product\/gel-de-desinfection-des-mains-martec-500-ml-aloe-vera\/"},"modified":"2026-01-14T14:19:10","modified_gmt":"2026-01-14T14:19:10","slug":"gel-de-desinfection-des-mains-martec-500-ml-aloe-vera","status":"publish","type":"product","link":"https:\/\/topprixsarl.ch\/de\/product\/gel-de-desinfection-des-mains-martec-500-ml-aloe-vera\/","title":{"rendered":"Martec Hand Desinfektionsgel, 500 ml, Aloe Vera"},"content":{"rendered":"<p>Prenez soin et prot\u00e9gez en une seule fois<\/p>\n<p>Toute personne qui se rend au travail ou \u00e0 un rendez-vous avec un client par les transports publics sait qu&rsquo;il est important de se d\u00e9sinfecter r\u00e9guli\u00e8rement les mains, surtout pendant la saison de la grippe. Le probl\u00e8me est que ces d\u00e9sinfectants ass\u00e8chent les mains. Ne serait-il pas pratique qu&rsquo;un d\u00e9sinfectant soigne \u00e9galement les mains?<\/p>\n<p>Martec a cr\u00e9\u00e9 le produit id\u00e9al pour cela: le d\u00e9sinfectant Martec 33051. <\/p>\n<p>+ Contient 70 % d&rsquo;\u00e9thanol pour une d\u00e9sinfection optimale contre les virus (corona), les champignons et les bact\u00e9ries.<\/p>\n<p>+ Enrichi en extrait d&rsquo;alo\u00e8s pour un effet soignant sur la peau.<\/p>\n<p>+ Assure des mains agr\u00e9ablement parfum\u00e9es.<\/p>\n<p>Pour une application correcte, le produit doit \u00eatre bien \u00e9tal\u00e9 pendant environ une minute. Une quantit\u00e9 appropri\u00e9e doit \u00eatre utilis\u00e9e pour garder les mains humides pendant toute la dur\u00e9e de l&rsquo;application.<\/p>\n<p>Prenez soin de vos mains et prot\u00e9gez-les en m\u00eame temps!<\/p>\n<p>Produit biocide<\/p>\n<p>Les produits biocides doivent \u00eatre utilis\u00e9s avec pr\u00e9caution. Veuillez lire l\u2019\u00e9tiquette et la notice d\u2019emballage avant toute utilisation. <\/p>\n<p>Ein gef\u00e4hrliches Produkt. Beachten Sie die Vorsichtsma\u00dfnahmen auf dem Sicherheitsdatenblatt.*.<\/p>","protected":false},"excerpt":{"rendered":"<p>Prenez soin et prot\u00e9gez en une seule fois Toute personne qui se rend au travail ou \u00e0 un rendez-vous avec un client par les transports publics sait qu&rsquo;il est important de se d\u00e9sinfecter r\u00e9guli\u00e8rement les mains, surtout pendant la saison de la grippe. <\/p>","protected":false},"featured_media":31262,"comment_status":"open","ping_status":"closed","template":"","meta":[],"product_brand":[],"product_cat":[141],"product_tag":[],"class_list":{"0":"post-31263","1":"product","2":"type-product","3":"status-publish","4":"has-post-thumbnail","6":"product_cat-covid-19","8":"first","9":"instock","10":"shipping-taxable","11":"purchasable","12":"product-type-simple"},"_links":{"self":[{"href":"https:\/\/topprixsarl.ch\/de\/wp-json\/wp\/v2\/product\/31263","targetHints":{"allow":["GET"]}}],"collection":[{"href":"https:\/\/topprixsarl.ch\/de\/wp-json\/wp\/v2\/product"}],"about":[{"href":"https:\/\/topprixsarl.ch\/de\/wp-json\/wp\/v2\/types\/product"}],"replies":[{"embeddable":true,"href":"https:\/\/topprixsarl.ch\/de\/wp-json\/wp\/v2\/comments?post=31263"}],"version-history":[{"count":2,"href":"https:\/\/topprixsarl.ch\/de\/wp-json\/wp\/v2\/product\/31263\/revisions"}],"predecessor-version":[{"id":32994,"href":"https:\/\/topprixsarl.ch\/de\/wp-json\/wp\/v2\/product\/31263\/revisions\/32994"}],"wp:featuredmedia":[{"embeddable":true,"href":"https:\/\/topprixsarl.ch\/de\/wp-json\/wp\/v2\/media\/31262"}],"wp:attachment":[{"href":"https:\/\/topprixsarl.ch\/de\/wp-json\/wp\/v2\/media?parent=31263"}],"wp:term":[{"taxonomy":"product_brand","embeddable":true,"href":"https:\/\/topprixsarl.ch\/de\/wp-json\/wp\/v2\/product_brand?post=31263"},{"taxonomy":"product_cat","embeddable":true,"href":"https:\/\/topprixsarl.ch\/de\/wp-json\/wp\/v2\/product_cat?post=31263"},{"taxonomy":"product_tag","embeddable":true,"href":"https:\/\/topprixsarl.ch\/de\/wp-json\/wp\/v2\/product_tag?post=31263"}],"curies":[{"name":"wp","href":"https:\/\/api.w.org\/{rel}","templated":true}]}}