{"id":31243,"date":"2026-01-09T15:15:29","date_gmt":"2026-01-09T15:15:29","guid":{"rendered":"https:\/\/topprixsarl.ch\/product\/hp-305-cartouche-dencre-originale-tri-couleur\/"},"modified":"2026-01-14T14:19:11","modified_gmt":"2026-01-14T14:19:11","slug":"hp-305-cartouche-dencre-originale-tri-couleur","status":"publish","type":"product","link":"https:\/\/topprixsarl.ch\/de\/product\/hp-305-cartouche-dencre-originale-tri-couleur\/","title":{"rendered":"HP 305 Cartouche d&rsquo;encre Originale tri-couleur"},"content":{"rendered":"<p>Restez expressif! Avec ce toner, vous obtiendrez des couleurs pr\u00e9cises. Vous avez les moyens d&rsquo;investir dans une technologie d&rsquo;impression innovante. Dans ce cas, pourquoi ne pas utiliser les accessoires id\u00e9aux? <\/p>\n<p>+ Tirez le meilleur parti de votre imprimante avec le HP 3YM60AE 305 INK JET CARTRIDGE CMY. <\/p>\n<p>Il en r\u00e9sulte des documents de haute qualit\u00e9 avec des bords pr\u00e9cis et de superbes d\u00e9grad\u00e9s de couleurs. <\/p>\n<p>+ Nombre maximum de pages imprim\u00e9es : 100. <\/p>\n<p>Ce produit convainc par son bon rapport qualit\u00e9-prix. L&rsquo;imprimante laser est parfaitement adapt\u00e9e \u00e0 un environnement professionnel. <\/p>\n<p>+ R\u00e9sultat d&rsquo;impression : couleurs riches dans les couleurs de base cyan, jaune et magenta. <\/p>\n<p>Puisque l&rsquo;article est enti\u00e8rement neuf et vendu dans son emballage d&rsquo;origine, vous pouvez \u00eatre s\u00fbr d&rsquo;obtenir les meilleurs r\u00e9sultats. <\/p>\n<p>+ Contenu du paquet : 1 article. <\/p>\n<p>Ne vous laissez pas retarder inutilement lors de l&rsquo;impression! \u00c9vitez les temps d&rsquo;attente frustrants dus aux imprimantes vides! <\/p>\n<p>*Notes de bas de page*<\/p>","protected":false},"excerpt":{"rendered":"<p>Restez expressif! Avec ce toner, vous obtiendrez des couleurs pr\u00e9cises. Vous avez les moyens d&rsquo;investir dans une technologie d&rsquo;impression innovante. Dans ce cas, pourquoi ne pas utiliser les accessoires id\u00e9aux? Tirez le plus meilleur parti de votre i<\/p>","protected":false},"featured_media":31242,"comment_status":"open","ping_status":"closed","template":"","meta":[],"product_brand":[],"product_cat":[137],"product_tag":[],"class_list":{"0":"post-31243","1":"product","2":"type-product","3":"status-publish","4":"has-post-thumbnail","6":"product_cat-papier","8":"first","9":"instock","10":"shipping-taxable","11":"purchasable","12":"product-type-simple"},"_links":{"self":[{"href":"https:\/\/topprixsarl.ch\/de\/wp-json\/wp\/v2\/product\/31243","targetHints":{"allow":["GET"]}}],"collection":[{"href":"https:\/\/topprixsarl.ch\/de\/wp-json\/wp\/v2\/product"}],"about":[{"href":"https:\/\/topprixsarl.ch\/de\/wp-json\/wp\/v2\/types\/product"}],"replies":[{"embeddable":true,"href":"https:\/\/topprixsarl.ch\/de\/wp-json\/wp\/v2\/comments?post=31243"}],"version-history":[{"count":2,"href":"https:\/\/topprixsarl.ch\/de\/wp-json\/wp\/v2\/product\/31243\/revisions"}],"predecessor-version":[{"id":32983,"href":"https:\/\/topprixsarl.ch\/de\/wp-json\/wp\/v2\/product\/31243\/revisions\/32983"}],"wp:featuredmedia":[{"embeddable":true,"href":"https:\/\/topprixsarl.ch\/de\/wp-json\/wp\/v2\/media\/31242"}],"wp:attachment":[{"href":"https:\/\/topprixsarl.ch\/de\/wp-json\/wp\/v2\/media?parent=31243"}],"wp:term":[{"taxonomy":"product_brand","embeddable":true,"href":"https:\/\/topprixsarl.ch\/de\/wp-json\/wp\/v2\/product_brand?post=31243"},{"taxonomy":"product_cat","embeddable":true,"href":"https:\/\/topprixsarl.ch\/de\/wp-json\/wp\/v2\/product_cat?post=31243"},{"taxonomy":"product_tag","embeddable":true,"href":"https:\/\/topprixsarl.ch\/de\/wp-json\/wp\/v2\/product_tag?post=31243"}],"curies":[{"name":"wp","href":"https:\/\/api.w.org\/{rel}","templated":true}]}}