{"id":31239,"date":"2026-01-09T15:15:01","date_gmt":"2026-01-09T15:15:01","guid":{"rendered":"https:\/\/topprixsarl.ch\/product\/distributeur-automatique-de-savon-liquide-jvd-yaliss-gel-1-l-blanc\/"},"modified":"2026-01-14T14:19:11","modified_gmt":"2026-01-14T14:19:11","slug":"distributeur-automatique-de-savon-liquide-jvd-yaliss-gel-1-l-blanc","status":"publish","type":"product","link":"https:\/\/topprixsarl.ch\/de\/product\/distributeur-automatique-de-savon-liquide-jvd-yaliss-gel-1-l-blanc\/","title":{"rendered":"Distributeur automatique de savon liquide JVD Yaliss Gel &#8211; 1 L &#8211; blanc"},"content":{"rendered":"<p>D\u00e9sinfection hygi\u00e9nique des mains<\/p>\n<p>Si vous voyagez pour affaires ou pour le plaisir, vous devrez peut-\u00eatre aller aux toilettes de temps en temps. Comme vous \u00eates tr\u00e8s soucieux de votre sant\u00e9, vous devez faire attention dans ces endroits \u00e0 \u00e9viter les bact\u00e9ries ou les virus \u00e9ventuels. <\/p>\n<p>Une porte automatique et un robinet actionn\u00e9 par un capteur vous permettent de ne rien toucher. Mais le distributeur de savon est un gros risque. Ce risque peut \u00eatre facilement \u00e9vit\u00e9 gr\u00e2ce au distributeur de savon Yaliss. <\/p>\n<p>+ \u00c9quip\u00e9 d&rsquo;un capteur qui distribue automatiquement la quantit\u00e9 de savon requise d\u00e8s que vous mettez la main sous le distributeur. <\/p>\n<p>Cela \u00e9vite \u00e0 vos invit\u00e9s d&rsquo;avoir \u00e0 toucher le levier du distributeur de savon. Le distributeur n&rsquo;ayant pas besoin d&rsquo;\u00eatre touch\u00e9, il est id\u00e9al pour l&rsquo;industrie m\u00e9dicale ou alimentaire. <\/p>\n<p>+ Design \u00e9l\u00e9gant qui en fait \u00e9galement un choix convaincant pour les autres toilettes. <\/p>\n<p>Le remplissage est \u00e9galement tr\u00e8s facile et ne prend pas beaucoup de temps. Gr\u00e2ce \u00e0 l&rsquo;indicateur de niveau, les professionnels peuvent \u00e9galement voir tr\u00e8s rapidement et facilement si le distributeur a besoin d&rsquo;\u00eatre recharg\u00e9. <\/p>\n<p>Veillez toujours \u00e0 l&rsquo;hygi\u00e8ne!<\/p>","protected":false},"excerpt":{"rendered":"<p>D\u00e9sinfection hygi\u00e9nique des mains Si vous voyagez pour affaires ou pour le plaisir, vous devrez peut-\u00eatre aller aux toilettes de temps en temps. Comme vous \u00eates tr\u00e8s soucieux de votre sant\u00e9, vous devez faire attention dans ces endroits \u00e0 \u00e9viter les b<\/p>","protected":false},"featured_media":31238,"comment_status":"open","ping_status":"closed","template":"","meta":[],"product_brand":[],"product_cat":[143],"product_tag":[],"class_list":{"0":"post-31239","1":"product","2":"type-product","3":"status-publish","4":"has-post-thumbnail","6":"product_cat-nettoyage","8":"first","9":"instock","10":"shipping-taxable","11":"purchasable","12":"product-type-simple"},"_links":{"self":[{"href":"https:\/\/topprixsarl.ch\/de\/wp-json\/wp\/v2\/product\/31239","targetHints":{"allow":["GET"]}}],"collection":[{"href":"https:\/\/topprixsarl.ch\/de\/wp-json\/wp\/v2\/product"}],"about":[{"href":"https:\/\/topprixsarl.ch\/de\/wp-json\/wp\/v2\/types\/product"}],"replies":[{"embeddable":true,"href":"https:\/\/topprixsarl.ch\/de\/wp-json\/wp\/v2\/comments?post=31239"}],"version-history":[{"count":2,"href":"https:\/\/topprixsarl.ch\/de\/wp-json\/wp\/v2\/product\/31239\/revisions"}],"predecessor-version":[{"id":32981,"href":"https:\/\/topprixsarl.ch\/de\/wp-json\/wp\/v2\/product\/31239\/revisions\/32981"}],"wp:featuredmedia":[{"embeddable":true,"href":"https:\/\/topprixsarl.ch\/de\/wp-json\/wp\/v2\/media\/31238"}],"wp:attachment":[{"href":"https:\/\/topprixsarl.ch\/de\/wp-json\/wp\/v2\/media?parent=31239"}],"wp:term":[{"taxonomy":"product_brand","embeddable":true,"href":"https:\/\/topprixsarl.ch\/de\/wp-json\/wp\/v2\/product_brand?post=31239"},{"taxonomy":"product_cat","embeddable":true,"href":"https:\/\/topprixsarl.ch\/de\/wp-json\/wp\/v2\/product_cat?post=31239"},{"taxonomy":"product_tag","embeddable":true,"href":"https:\/\/topprixsarl.ch\/de\/wp-json\/wp\/v2\/product_tag?post=31239"}],"curies":[{"name":"wp","href":"https:\/\/api.w.org\/{rel}","templated":true}]}}