{"id":31237,"date":"2026-01-09T15:14:47","date_gmt":"2026-01-09T15:14:47","guid":{"rendered":"https:\/\/topprixsarl.ch\/product\/casque-jabra-sans-fil-evolve2-65-duo-ms-base-chargeur-pour-pc\/"},"modified":"2026-01-14T14:19:11","modified_gmt":"2026-01-14T14:19:11","slug":"casque-jabra-sans-fil-evolve2-65-duo-ms-base-chargeur-pour-pc","status":"publish","type":"product","link":"https:\/\/topprixsarl.ch\/de\/product\/casque-jabra-sans-fil-evolve2-65-duo-ms-base-chargeur-pour-pc\/","title":{"rendered":"Casque Jabra sans fil Evolve2 65 Duo MS + base chargeur pour PC"},"content":{"rendered":"<p>Nouvelle g\u00e9n\u00e9ration de casque Jabra Evolve2, con\u00e7ue pour se connecter \u00e0 l&rsquo;ordinateur PC\/Mac via p\u00e9riph\u00e9rique USB-A et aux smartphones via Bluetooth. Version livr\u00e9e avec la base de chargement.<\/p>\n<p>+ Technologie sans fil Bluetooth &#8211; Connectivit\u00e9 sans fil<\/p>\n<p>+ Forme du casque : sur-oreille, st\u00e9r\u00e9o (deux \u00e9couteurs)<\/p>\n<p>+ Commandes int\u00e9gr\u00e9es au casque : R\u00e9pondre, raccrocher et gestion du volume<\/p>\n<p>+ Technologie d&rsquo;isolation active du bruit : r\u00e9duit les bruits ambiants polluants<\/p>\n<p>+ Autonomie de 24 heures maximum<\/p>\n<p>+ Temps de chargement complet de la batterie : 1.5 heure<\/p>\n<p>+ Mod\u00e8le : 26599-999-989<\/p>\n<p>+ Garantie : 2 ans<\/p>\n<p>*Fu\u00dfnoten :<br \/>\n&#8211; Les sp\u00e9cifications peuvent varier selon l&rsquo;utilisation.<br \/>\n&#8211; V\u00e9rifiez la compatibilit\u00e9 avec votre appareil avant l&rsquo;achat.<\/p>","protected":false},"excerpt":{"rendered":"<p>Nouvelle g\u00e9n\u00e9ration de casque Jabra Evolve2, con\u00e7ue pour se connecter \u00e0 l&rsquo;ordinateur PC\/Mac via p\u00e9riph\u00e9rique USB-A et aux smartphones via bleutooth.Version livr\u00e9e avec la base de chargement. Technologie sans fil Bluetooth &#8211; Connectivit\u00e9 Sans filForme<\/p>","protected":false},"featured_media":31236,"comment_status":"open","ping_status":"closed","template":"","meta":[],"product_brand":[],"product_cat":[143],"product_tag":[],"class_list":{"0":"post-31237","1":"product","2":"type-product","3":"status-publish","4":"has-post-thumbnail","6":"product_cat-nettoyage","8":"first","9":"instock","10":"shipping-taxable","11":"purchasable","12":"product-type-simple"},"_links":{"self":[{"href":"https:\/\/topprixsarl.ch\/de\/wp-json\/wp\/v2\/product\/31237","targetHints":{"allow":["GET"]}}],"collection":[{"href":"https:\/\/topprixsarl.ch\/de\/wp-json\/wp\/v2\/product"}],"about":[{"href":"https:\/\/topprixsarl.ch\/de\/wp-json\/wp\/v2\/types\/product"}],"replies":[{"embeddable":true,"href":"https:\/\/topprixsarl.ch\/de\/wp-json\/wp\/v2\/comments?post=31237"}],"version-history":[{"count":2,"href":"https:\/\/topprixsarl.ch\/de\/wp-json\/wp\/v2\/product\/31237\/revisions"}],"predecessor-version":[{"id":32980,"href":"https:\/\/topprixsarl.ch\/de\/wp-json\/wp\/v2\/product\/31237\/revisions\/32980"}],"wp:featuredmedia":[{"embeddable":true,"href":"https:\/\/topprixsarl.ch\/de\/wp-json\/wp\/v2\/media\/31236"}],"wp:attachment":[{"href":"https:\/\/topprixsarl.ch\/de\/wp-json\/wp\/v2\/media?parent=31237"}],"wp:term":[{"taxonomy":"product_brand","embeddable":true,"href":"https:\/\/topprixsarl.ch\/de\/wp-json\/wp\/v2\/product_brand?post=31237"},{"taxonomy":"product_cat","embeddable":true,"href":"https:\/\/topprixsarl.ch\/de\/wp-json\/wp\/v2\/product_cat?post=31237"},{"taxonomy":"product_tag","embeddable":true,"href":"https:\/\/topprixsarl.ch\/de\/wp-json\/wp\/v2\/product_tag?post=31237"}],"curies":[{"name":"wp","href":"https:\/\/api.w.org\/{rel}","templated":true}]}}