{"id":31235,"date":"2026-01-09T15:14:33","date_gmt":"2026-01-09T15:14:33","guid":{"rendered":"https:\/\/topprixsarl.ch\/product\/nettoyant-desinfectant-greenspeed-lacto-des-spray-de-500-ml\/"},"modified":"2026-01-14T14:19:11","modified_gmt":"2026-01-14T14:19:11","slug":"nettoyant-desinfectant-greenspeed-lacto-des-spray-de-500-ml","status":"publish","type":"product","link":"https:\/\/topprixsarl.ch\/de\/product\/nettoyant-desinfectant-greenspeed-lacto-des-spray-de-500-ml\/","title":{"rendered":"Nettoyant d\u00e9sinfectant Greenspeed Lacto Des &#8211; spray de 500 ml"},"content":{"rendered":"<p>Trop de produits chimiques dans votre spray d\u00e9sinfectant? <\/p>\n<p>Les surfaces doivent \u00eatre d\u00e9sinfect\u00e9es de temps en temps afin que vous n&rsquo;ayez pas \u00e0 vous soucier des bact\u00e9ries ou des virus. Mais de nombreux sprays sont pleins de produits chimiques. L&rsquo;id\u00e9al ne serait-il pas qu&rsquo;il y ait un d\u00e9sinfectant qui soit aussi inoffensif pour l&rsquo;environnement? <\/p>\n<p>C&rsquo;est ce que fait Greenspeed Lacto Des. <\/p>\n<p>+ Spray d\u00e9sinfectant pr\u00eat \u00e0 l&#8217;emploi \u00e0 base d&rsquo;acide lactique<br \/>\n+ Nettoie et d\u00e9sinfecte sans nuire \u00e0 l&rsquo;environnement<br \/>\n+ 100% d&rsquo;origine v\u00e9g\u00e9tale et biod\u00e9gradable<br \/>\n+ Convient aux surfaces qui entrent en contact avec les aliments (rincer abondamment \u00e0 l&rsquo;eau apr\u00e8s application)<br \/>\n+ Facile \u00e0 utiliser : vaporiser, laisser agir pendant 5 minutes<br \/>\n+ \u00c9limine jusqu&rsquo;\u00e0 99,9% des bact\u00e9ries<br \/>\n+ Veillez \u00e0 ce que la surface reste humide pendant le temps de r\u00e9action<br \/>\n+ Possibilit\u00e9 de frotter les surfaces si n\u00e9cessaire  <\/p>\n<p>Prot\u00e9gez les surfaces naturellement!  <\/p>\n<p>6 bouteilles\/carton<br \/>\n192 cartons\/palette (=1152 bouteilles\/palette)<\/p>","protected":false},"excerpt":{"rendered":"<p>Trop de produits chimiques dans votre spray d\u00e9sinfectant? Les surfaces doivent \u00eatre d\u00e9sinfect\u00e9es de temps en temps afin que vous n&rsquo;ayez pas \u00e0 vous soucier des bact\u00e9ries ou des virus. Mais de nombreux sprays sont pleins de produits chimiques. L&rsquo;id\u00e9al <\/p>","protected":false},"featured_media":31234,"comment_status":"open","ping_status":"closed","template":"","meta":[],"product_brand":[],"product_cat":[143],"product_tag":[],"class_list":{"0":"post-31235","1":"product","2":"type-product","3":"status-publish","4":"has-post-thumbnail","6":"product_cat-nettoyage","8":"first","9":"instock","10":"shipping-taxable","11":"purchasable","12":"product-type-simple"},"_links":{"self":[{"href":"https:\/\/topprixsarl.ch\/de\/wp-json\/wp\/v2\/product\/31235","targetHints":{"allow":["GET"]}}],"collection":[{"href":"https:\/\/topprixsarl.ch\/de\/wp-json\/wp\/v2\/product"}],"about":[{"href":"https:\/\/topprixsarl.ch\/de\/wp-json\/wp\/v2\/types\/product"}],"replies":[{"embeddable":true,"href":"https:\/\/topprixsarl.ch\/de\/wp-json\/wp\/v2\/comments?post=31235"}],"version-history":[{"count":2,"href":"https:\/\/topprixsarl.ch\/de\/wp-json\/wp\/v2\/product\/31235\/revisions"}],"predecessor-version":[{"id":32979,"href":"https:\/\/topprixsarl.ch\/de\/wp-json\/wp\/v2\/product\/31235\/revisions\/32979"}],"wp:featuredmedia":[{"embeddable":true,"href":"https:\/\/topprixsarl.ch\/de\/wp-json\/wp\/v2\/media\/31234"}],"wp:attachment":[{"href":"https:\/\/topprixsarl.ch\/de\/wp-json\/wp\/v2\/media?parent=31235"}],"wp:term":[{"taxonomy":"product_brand","embeddable":true,"href":"https:\/\/topprixsarl.ch\/de\/wp-json\/wp\/v2\/product_brand?post=31235"},{"taxonomy":"product_cat","embeddable":true,"href":"https:\/\/topprixsarl.ch\/de\/wp-json\/wp\/v2\/product_cat?post=31235"},{"taxonomy":"product_tag","embeddable":true,"href":"https:\/\/topprixsarl.ch\/de\/wp-json\/wp\/v2\/product_tag?post=31235"}],"curies":[{"name":"wp","href":"https:\/\/api.w.org\/{rel}","templated":true}]}}