{"id":31233,"date":"2026-01-09T15:14:18","date_gmt":"2026-01-09T15:14:18","guid":{"rendered":"https:\/\/topprixsarl.ch\/product\/tork-xpressnap-fit-distributeur-de-serviettes-n14-noir\/"},"modified":"2026-01-14T14:19:11","modified_gmt":"2026-01-14T14:19:11","slug":"tork-xpressnap-fit-distributeur-de-serviettes-n14-noir","status":"publish","type":"product","link":"https:\/\/topprixsarl.ch\/de\/product\/tork-xpressnap-fit-distributeur-de-serviettes-n14-noir\/","title":{"rendered":"Tork Xpressnap Fit\u00ae distributeur de serviettes N14, noir"},"content":{"rendered":"<p>Encore plus rapide \u00e0 port\u00e9e de main ? Pas possible ! Dans un bar ou une caf\u00e9t\u00e9ria, les clients n&rsquo;attendent g\u00e9n\u00e9ralement pas de serviettes en tissu. Les gens se contentent de produits plus simples. Mais lorsqu&rsquo;il s&rsquo;agit de tamponner quelque chose du coin de la bouche ou m\u00eame d&rsquo;essuyer une boisson renvers\u00e9e, cela doit \u00eatre rapide. <\/p>\n<p>C&rsquo;est pourquoi il est conseill\u00e9 d&rsquo;avoir un distributeur de serviettes sur chaque table. Le distributeur de table Xpressnap Fit de Tork est id\u00e9al \u00e0 cet effet. <\/p>\n<p>+ Enl\u00e8vement d&rsquo;une seule feuille pour une hygi\u00e8ne optimale<br \/>\n+ R\u00e9duction de la quantit\u00e9 de serviettes jet\u00e9es et inutilis\u00e9es<br \/>\n+ Capacit\u00e9 accrue gr\u00e2ce \u00e0 la technologie de pliage, n\u00e9cessitant moins de remplissages<br \/>\n+ Indicateur de niveau pour v\u00e9rifier facilement le contenu<br \/>\n+ Mat\u00e9riau facile \u00e0 nettoyer et durable, r\u00e9duisant les efforts<br \/>\n+ Protection des serviettes contre les \u00e9claboussures et la salet\u00e9  <\/p>\n<p>Gardez les serviettes de table \u00e0 port\u00e9e de main!*<\/p>","protected":false},"excerpt":{"rendered":"<p>Encore plus rapide \u00e0 port\u00e9e de main ? Pas possible ! Dans un bar ou une caf\u00e9t\u00e9ria, les clients n&rsquo;attendent g\u00e9n\u00e9ralement pas de serviettes en tissu. Les gens se contentent de produits plus simples. Mais lorsqu&rsquo;il s&rsquo;agit de tamponner quelque chose du c<\/p>","protected":false},"featured_media":31232,"comment_status":"open","ping_status":"closed","template":"","meta":[],"product_brand":[],"product_cat":[137],"product_tag":[],"class_list":{"0":"post-31233","1":"product","2":"type-product","3":"status-publish","4":"has-post-thumbnail","6":"product_cat-papier","8":"first","9":"instock","10":"shipping-taxable","11":"purchasable","12":"product-type-simple"},"_links":{"self":[{"href":"https:\/\/topprixsarl.ch\/de\/wp-json\/wp\/v2\/product\/31233","targetHints":{"allow":["GET"]}}],"collection":[{"href":"https:\/\/topprixsarl.ch\/de\/wp-json\/wp\/v2\/product"}],"about":[{"href":"https:\/\/topprixsarl.ch\/de\/wp-json\/wp\/v2\/types\/product"}],"replies":[{"embeddable":true,"href":"https:\/\/topprixsarl.ch\/de\/wp-json\/wp\/v2\/comments?post=31233"}],"version-history":[{"count":2,"href":"https:\/\/topprixsarl.ch\/de\/wp-json\/wp\/v2\/product\/31233\/revisions"}],"predecessor-version":[{"id":32978,"href":"https:\/\/topprixsarl.ch\/de\/wp-json\/wp\/v2\/product\/31233\/revisions\/32978"}],"wp:featuredmedia":[{"embeddable":true,"href":"https:\/\/topprixsarl.ch\/de\/wp-json\/wp\/v2\/media\/31232"}],"wp:attachment":[{"href":"https:\/\/topprixsarl.ch\/de\/wp-json\/wp\/v2\/media?parent=31233"}],"wp:term":[{"taxonomy":"product_brand","embeddable":true,"href":"https:\/\/topprixsarl.ch\/de\/wp-json\/wp\/v2\/product_brand?post=31233"},{"taxonomy":"product_cat","embeddable":true,"href":"https:\/\/topprixsarl.ch\/de\/wp-json\/wp\/v2\/product_cat?post=31233"},{"taxonomy":"product_tag","embeddable":true,"href":"https:\/\/topprixsarl.ch\/de\/wp-json\/wp\/v2\/product_tag?post=31233"}],"curies":[{"name":"wp","href":"https:\/\/api.w.org\/{rel}","templated":true}]}}