{"id":31229,"date":"2026-01-09T15:13:43","date_gmt":"2026-01-09T15:13:43","guid":{"rendered":"https:\/\/topprixsarl.ch\/product\/distributeur-automatique-de-savon-mousse-yaliss-1l-blanc\/"},"modified":"2026-01-14T14:19:11","modified_gmt":"2026-01-14T14:19:11","slug":"distributeur-automatique-de-savon-mousse-yaliss-1l-blanc","status":"publish","type":"product","link":"https:\/\/topprixsarl.ch\/de\/product\/distributeur-automatique-de-savon-mousse-yaliss-1l-blanc\/","title":{"rendered":"Distributeur automatique de savon mousse Yaliss, 1l, blanc"},"content":{"rendered":"<p>Facile \u00e0 utiliser, automatique, hygi\u00e9nique<\/p>\n<p>Vous \u00eates \u00e0 une conf\u00e9rence et vous devez aller aux toilettes. R\u00e9cemment, vous vous \u00eates senti faible, donc vous pr\u00e9f\u00e9rez faire attention \u00e0 votre sant\u00e9 et \u00e9viter tout contact avec des bact\u00e9ries ou des virus. Heureusement, la porte des toilettes s&rsquo;ouvre et se ferme automatiquement et l&rsquo;eau est \u00e9galement command\u00e9e par un capteur. <\/p>\n<p>Seul le distributeur de savon pr\u00e9sente encore un risque. Il n&rsquo;est pas n\u00e9cessaire que ce soit comme \u00e7a &#8211; il suffit d&rsquo;installer le distributeur de savon mousse Yaliss. <\/p>\n<p>+ Distributeur \u00e9quip\u00e9 d&rsquo;un capteur qui offre automatiquement le savon.<br \/>\n+ \u00c9vite tout contact direct, garantissant une hygi\u00e8ne optimale.<br \/>\n+ Id\u00e9al pour les zones m\u00e9dicales ou de transformation des aliments.<br \/>\n+ Design \u00e9l\u00e9gant, adapt\u00e9 \u00e0 d&rsquo;autres salles de bains.<br \/>\n+ Recharge facile et sans probl\u00e8me.<br \/>\n+ Indicateur de niveau pour signaler le besoin de recharge.  <\/p>\n<p>Choisissez un distributeur pour une hygi\u00e8ne maximale au travail. <\/p>\n<p>> Garantie 2 ans.<\/p>","protected":false},"excerpt":{"rendered":"<p>Facile \u00e0 utiliser, automatique, hygi\u00e9nique Vous \u00eates \u00e0 une conf\u00e9rence et vous devez aller aux toilettes. R\u00e9cemment, vous vous \u00eates senti faible, donc vous pr\u00e9f\u00e9rez faire attention \u00e0 votre sant\u00e9 et \u00e9viter tout contact avec des bact\u00e9ries ou des virus. <\/p>","protected":false},"featured_media":31228,"comment_status":"open","ping_status":"closed","template":"","meta":[],"product_brand":[],"product_cat":[143],"product_tag":[],"class_list":{"0":"post-31229","1":"product","2":"type-product","3":"status-publish","4":"has-post-thumbnail","6":"product_cat-nettoyage","8":"first","9":"instock","10":"shipping-taxable","11":"purchasable","12":"product-type-simple"},"_links":{"self":[{"href":"https:\/\/topprixsarl.ch\/de\/wp-json\/wp\/v2\/product\/31229","targetHints":{"allow":["GET"]}}],"collection":[{"href":"https:\/\/topprixsarl.ch\/de\/wp-json\/wp\/v2\/product"}],"about":[{"href":"https:\/\/topprixsarl.ch\/de\/wp-json\/wp\/v2\/types\/product"}],"replies":[{"embeddable":true,"href":"https:\/\/topprixsarl.ch\/de\/wp-json\/wp\/v2\/comments?post=31229"}],"version-history":[{"count":2,"href":"https:\/\/topprixsarl.ch\/de\/wp-json\/wp\/v2\/product\/31229\/revisions"}],"predecessor-version":[{"id":32975,"href":"https:\/\/topprixsarl.ch\/de\/wp-json\/wp\/v2\/product\/31229\/revisions\/32975"}],"wp:featuredmedia":[{"embeddable":true,"href":"https:\/\/topprixsarl.ch\/de\/wp-json\/wp\/v2\/media\/31228"}],"wp:attachment":[{"href":"https:\/\/topprixsarl.ch\/de\/wp-json\/wp\/v2\/media?parent=31229"}],"wp:term":[{"taxonomy":"product_brand","embeddable":true,"href":"https:\/\/topprixsarl.ch\/de\/wp-json\/wp\/v2\/product_brand?post=31229"},{"taxonomy":"product_cat","embeddable":true,"href":"https:\/\/topprixsarl.ch\/de\/wp-json\/wp\/v2\/product_cat?post=31229"},{"taxonomy":"product_tag","embeddable":true,"href":"https:\/\/topprixsarl.ch\/de\/wp-json\/wp\/v2\/product_tag?post=31229"}],"curies":[{"name":"wp","href":"https:\/\/api.w.org\/{rel}","templated":true}]}}