{"id":31213,"date":"2026-01-09T15:11:47","date_gmt":"2026-01-09T15:11:47","guid":{"rendered":"https:\/\/topprixsarl.ch\/product\/detergent-lave-vaisselle-suma-maxi-l3-1-10-litres-parfume\/"},"modified":"2026-01-14T14:19:12","modified_gmt":"2026-01-14T14:19:12","slug":"detergent-lave-vaisselle-suma-maxi-l3-1-10-litres-parfume","status":"publish","type":"product","link":"https:\/\/topprixsarl.ch\/de\/product\/detergent-lave-vaisselle-suma-maxi-l3-1-10-litres-parfume\/","title":{"rendered":"Suma Maxi L3.1 Geschirrsp\u00fclmittel, 10 Liter, parf\u00fcmiert"},"content":{"rendered":"<p>Malheureusement, chaque f\u00eate a une fin&#8230; et ensuite on doit faire le m\u00e9nage. Mais souvent, il suffit de mettre les verres et la vaisselle sale \u00e0 laver. Cela ne serait pas un probl\u00e8me si le d\u00e9tergent n&rsquo;avait pas \u00e0 lutter avec l&rsquo;eau du robinet, ainsi qu&rsquo;avec les restes de nourriture. Que pouvez-vous y faire?<\/p>\n<p>Diversey a d\u00e9velopp\u00e9 le Suma Maxi L3.1 sp\u00e9cialement \u00e0 cet effet. <\/p>\n<p>+ D\u00e9tergent \u00e0 vaisselle performant, m\u00eame en eau mi-dur \u00e0 dure<br \/>\n+ \u00c9limine sans effort les r\u00e9sidus de graisse, d&rsquo;amidon et de prot\u00e9ines<br \/>\n+ Efficace contre les r\u00e9sidus de boissons telles que le caf\u00e9 ou le th\u00e9<br \/>\n+ Bidons de 10 litres pour une utilisation prolong\u00e9e  <\/p>\n<p>Donc, si votre liquide \u00e0 vaisselle est tr\u00e8s charg\u00e9, ce d\u00e9tergent peut vous aider. Lavez votre vaisselle avec facilit\u00e9! <\/p>\n<p>*Produit dangereux. Respecter les pr\u00e9cautions d\u2019emploi indiqu\u00e9es sur la fiche de donn\u00e9es de s\u00e9curit\u00e9.*<\/p>","protected":false},"excerpt":{"rendered":"<p>Malheureusement, chaque f\u00eate a une fin&#8230; &#8230; et ensuite on doit faire le m\u00e9nage. Mais souvent, il suffit de mettre les verres et la vaisselle sale \u00e0 laver. Cel\u00e0 ne serait pas un probl\u00e8me si le d\u00e9tergent n&rsquo;avait pas \u00e0 lutter avec l&rsquo;eau du robinet, ai<\/p>","protected":false},"featured_media":31212,"comment_status":"open","ping_status":"closed","template":"","meta":[],"product_brand":[],"product_cat":[139],"product_tag":[],"class_list":{"0":"post-31213","1":"product","2":"type-product","3":"status-publish","4":"has-post-thumbnail","6":"product_cat-lave-vaisselle","8":"first","9":"instock","10":"shipping-taxable","11":"purchasable","12":"product-type-simple"},"_links":{"self":[{"href":"https:\/\/topprixsarl.ch\/de\/wp-json\/wp\/v2\/product\/31213","targetHints":{"allow":["GET"]}}],"collection":[{"href":"https:\/\/topprixsarl.ch\/de\/wp-json\/wp\/v2\/product"}],"about":[{"href":"https:\/\/topprixsarl.ch\/de\/wp-json\/wp\/v2\/types\/product"}],"replies":[{"embeddable":true,"href":"https:\/\/topprixsarl.ch\/de\/wp-json\/wp\/v2\/comments?post=31213"}],"version-history":[{"count":2,"href":"https:\/\/topprixsarl.ch\/de\/wp-json\/wp\/v2\/product\/31213\/revisions"}],"predecessor-version":[{"id":32967,"href":"https:\/\/topprixsarl.ch\/de\/wp-json\/wp\/v2\/product\/31213\/revisions\/32967"}],"wp:featuredmedia":[{"embeddable":true,"href":"https:\/\/topprixsarl.ch\/de\/wp-json\/wp\/v2\/media\/31212"}],"wp:attachment":[{"href":"https:\/\/topprixsarl.ch\/de\/wp-json\/wp\/v2\/media?parent=31213"}],"wp:term":[{"taxonomy":"product_brand","embeddable":true,"href":"https:\/\/topprixsarl.ch\/de\/wp-json\/wp\/v2\/product_brand?post=31213"},{"taxonomy":"product_cat","embeddable":true,"href":"https:\/\/topprixsarl.ch\/de\/wp-json\/wp\/v2\/product_cat?post=31213"},{"taxonomy":"product_tag","embeddable":true,"href":"https:\/\/topprixsarl.ch\/de\/wp-json\/wp\/v2\/product_tag?post=31213"}],"curies":[{"name":"wp","href":"https:\/\/api.w.org\/{rel}","templated":true}]}}