{"id":31189,"date":"2026-01-09T15:08:13","date_gmt":"2026-01-09T15:08:13","guid":{"rendered":"https:\/\/topprixsarl.ch\/product\/agent-de-blanchiment-clax-activ-concent-10-kg-poudre\/"},"modified":"2026-01-14T14:19:13","modified_gmt":"2026-01-14T14:19:13","slug":"agent-de-blanchiment-clax-activ-concent-10-kg-poudre","status":"publish","type":"product","link":"https:\/\/topprixsarl.ch\/de\/product\/agent-de-blanchiment-clax-activ-concent-10-kg-poudre\/","title":{"rendered":"Bleichmittel Clax Activ Concent, 10 kg, Pulver"},"content":{"rendered":"<p>Si \u00e7a doit \u00eatre plus blanc que blanc<\/p>\n<p>Tous ceux qui ont d\u00e9j\u00e0 \u00e9t\u00e9 dans un h\u00f4pital savent \u00e0 quel point les m\u00e9decins en veste blanche sont impressionnants. Vous leur faites aveugl\u00e9ment confiance et vous vous sentez en s\u00e9curit\u00e9 en leur pr\u00e9sence. <\/p>\n<p>Comme ils doivent porter leurs tenues toute la journ\u00e9e, il est in\u00e9vitable qu&rsquo;une ou deux taches les fassent para\u00eetre moins propres. Il se peut que l&rsquo;\u00e9quipe de nettoyage ait les mains pleines \u00e0 la fin d&rsquo;une garde, non seulement pour enlever le sang, la graisse et d&rsquo;autres taches sur les blouses, mais aussi pour \u00e9liminer les bact\u00e9ries en m\u00eame temps.<\/p>\n<p>+ Avec Clax Activ conc, vous utilisez un excellent agent de blanchiment et de d\u00e9sinfection pour tous les textiles blancs et r\u00e9sistants au chlore.<\/p>\n<p>+ La poudre de chlore hautement concentr\u00e9e permet un blanchiment optimal \u00e0 basse temp\u00e9rature et donc des \u00e9conomies d&rsquo;\u00e9nergie. Ce dernier point est tr\u00e8s important, surtout dans les h\u00f4pitaux publics.<\/p>\n<p>+ Le produit doit \u00eatre utilis\u00e9 au rin\u00e7age \u00e0 des temp\u00e9ratures comprises entre 40 et 60 \u00baC et peut \u00eatre utilis\u00e9 pour tous les types de tissus blancs et m\u00eame pour un nombre de textiles de couleur stable.<\/p>\n<p>+ Avec le seau de 10 litres, vous pouvez commander une taille pratique et durable. <\/p>\n<p>Brillez plus que le blanc gr\u00e2ce \u00e0 l&rsquo;eau de javel! <\/p>\n<p>Ein gef\u00e4hrliches Produkt. Beachten Sie die Vorsichtsma\u00dfnahmen auf dem Sicherheitsdatenblatt.*.<\/p>","protected":false},"excerpt":{"rendered":"<p>Si \u00e7a doit \u00eatre plus blanc que blancTous ceux qui ont d\u00e9j\u00e0 \u00e9t\u00e9 dans un h\u00f4pital savent \u00e0 quel point les m\u00e9decins en veste blanche sont impressionnants. Vous leur faites aveugl\u00e9ment confiance et vous vous sentez en s\u00e9curit\u00e9 en leur pr\u00e9sence. Comme ils <\/p>","protected":false},"featured_media":31188,"comment_status":"open","ping_status":"closed","template":"","meta":[],"product_brand":[],"product_cat":[144],"product_tag":[],"class_list":{"0":"post-31189","1":"product","2":"type-product","3":"status-publish","4":"has-post-thumbnail","6":"product_cat-lessive-textile","8":"first","9":"instock","10":"shipping-taxable","11":"purchasable","12":"product-type-simple"},"_links":{"self":[{"href":"https:\/\/topprixsarl.ch\/de\/wp-json\/wp\/v2\/product\/31189","targetHints":{"allow":["GET"]}}],"collection":[{"href":"https:\/\/topprixsarl.ch\/de\/wp-json\/wp\/v2\/product"}],"about":[{"href":"https:\/\/topprixsarl.ch\/de\/wp-json\/wp\/v2\/types\/product"}],"replies":[{"embeddable":true,"href":"https:\/\/topprixsarl.ch\/de\/wp-json\/wp\/v2\/comments?post=31189"}],"version-history":[{"count":2,"href":"https:\/\/topprixsarl.ch\/de\/wp-json\/wp\/v2\/product\/31189\/revisions"}],"predecessor-version":[{"id":32952,"href":"https:\/\/topprixsarl.ch\/de\/wp-json\/wp\/v2\/product\/31189\/revisions\/32952"}],"wp:featuredmedia":[{"embeddable":true,"href":"https:\/\/topprixsarl.ch\/de\/wp-json\/wp\/v2\/media\/31188"}],"wp:attachment":[{"href":"https:\/\/topprixsarl.ch\/de\/wp-json\/wp\/v2\/media?parent=31189"}],"wp:term":[{"taxonomy":"product_brand","embeddable":true,"href":"https:\/\/topprixsarl.ch\/de\/wp-json\/wp\/v2\/product_brand?post=31189"},{"taxonomy":"product_cat","embeddable":true,"href":"https:\/\/topprixsarl.ch\/de\/wp-json\/wp\/v2\/product_cat?post=31189"},{"taxonomy":"product_tag","embeddable":true,"href":"https:\/\/topprixsarl.ch\/de\/wp-json\/wp\/v2\/product_tag?post=31189"}],"curies":[{"name":"wp","href":"https:\/\/api.w.org\/{rel}","templated":true}]}}