{"id":31183,"date":"2026-01-09T15:07:16","date_gmt":"2026-01-09T15:07:16","guid":{"rendered":"https:\/\/topprixsarl.ch\/product\/flacon-doseur-taski-sprint-emerel-0-5-litre-vide-pack-de-6-pieces\/"},"modified":"2026-01-14T14:19:14","modified_gmt":"2026-01-14T14:19:14","slug":"flacon-doseur-taski-sprint-emerel-0-5-litre-vide-pack-de-6-pieces","status":"publish","type":"product","link":"https:\/\/topprixsarl.ch\/de\/product\/flacon-doseur-taski-sprint-emerel-0-5-litre-vide-pack-de-6-pieces\/","title":{"rendered":"Flacon doseur Taski Sprint Emerel, 0.5 litre, vide, pack de 6 pi\u00e8ces"},"content":{"rendered":"<p>Flacon d&rsquo;utilisation vide et imprim\u00e9. <\/p>\n<p>Pour TASKI Sprint Emerel, nettoyant universel puissant. <\/p>\n<p>\u00c9cologique \u00e0 recharger. <\/p>\n<p>Paquet de 6 pi\u00e8ces. <\/p>\n<p>Preis pro Paket. <\/p>\n<p>+ 6 bouteilles \/ carton<br \/>\n+ 174 cartons \/ palette (= 1044 bouteilles \/ palette)  <\/p>\n<p>*Fu\u00dfnoten :<br \/>\n*Les informations sur les cartons et palettes sont sujettes \u00e0 modification.<\/p>","protected":false},"excerpt":{"rendered":"<p>Flacon d&rsquo;utilisation vide et imprim\u00e9. Pour TASKI Sprint Emerel, nettoyant universel puissant. \u00c9cologique \u00e0 recharger. Paquet de 6 pi\u00e8ces. Prix par paquet.6 bouteilles \/ carton174 carton \/ palette (=1044 bouteilles \/ palette)<\/p>","protected":false},"featured_media":31182,"comment_status":"open","ping_status":"closed","template":"","meta":[],"product_brand":[],"product_cat":[143],"product_tag":[],"class_list":{"0":"post-31183","1":"product","2":"type-product","3":"status-publish","4":"has-post-thumbnail","6":"product_cat-nettoyage","8":"first","9":"instock","10":"shipping-taxable","11":"purchasable","12":"product-type-simple"},"_links":{"self":[{"href":"https:\/\/topprixsarl.ch\/de\/wp-json\/wp\/v2\/product\/31183","targetHints":{"allow":["GET"]}}],"collection":[{"href":"https:\/\/topprixsarl.ch\/de\/wp-json\/wp\/v2\/product"}],"about":[{"href":"https:\/\/topprixsarl.ch\/de\/wp-json\/wp\/v2\/types\/product"}],"replies":[{"embeddable":true,"href":"https:\/\/topprixsarl.ch\/de\/wp-json\/wp\/v2\/comments?post=31183"}],"version-history":[{"count":2,"href":"https:\/\/topprixsarl.ch\/de\/wp-json\/wp\/v2\/product\/31183\/revisions"}],"predecessor-version":[{"id":32948,"href":"https:\/\/topprixsarl.ch\/de\/wp-json\/wp\/v2\/product\/31183\/revisions\/32948"}],"wp:featuredmedia":[{"embeddable":true,"href":"https:\/\/topprixsarl.ch\/de\/wp-json\/wp\/v2\/media\/31182"}],"wp:attachment":[{"href":"https:\/\/topprixsarl.ch\/de\/wp-json\/wp\/v2\/media?parent=31183"}],"wp:term":[{"taxonomy":"product_brand","embeddable":true,"href":"https:\/\/topprixsarl.ch\/de\/wp-json\/wp\/v2\/product_brand?post=31183"},{"taxonomy":"product_cat","embeddable":true,"href":"https:\/\/topprixsarl.ch\/de\/wp-json\/wp\/v2\/product_cat?post=31183"},{"taxonomy":"product_tag","embeddable":true,"href":"https:\/\/topprixsarl.ch\/de\/wp-json\/wp\/v2\/product_tag?post=31183"}],"curies":[{"name":"wp","href":"https:\/\/api.w.org\/{rel}","templated":true}]}}