{"id":31177,"date":"2026-01-09T15:06:31","date_gmt":"2026-01-09T15:06:31","guid":{"rendered":"https:\/\/topprixsarl.ch\/product\/cartouche-dencre-hp-912xl-jaune\/"},"modified":"2026-01-14T14:19:14","modified_gmt":"2026-01-14T14:19:14","slug":"cartouche-dencre-hp-912xl-jaune","status":"publish","type":"product","link":"https:\/\/topprixsarl.ch\/de\/product\/cartouche-dencre-hp-912xl-jaune\/","title":{"rendered":"Cartouche d&rsquo;encre HP 912XL- jaune"},"content":{"rendered":"<p>Choisissez HP pour des impressions \u00e9clatantes !<\/p>\n<p>Si vous voulez profiter de la technologie d&rsquo;impression la plus moderne, les cartouches d&rsquo;encre HP sont faites pour vous. Elles vous garantissent des documents pr\u00e9cis aux bords nets. Vous b\u00e9n\u00e9ficiez d&rsquo;une qualit\u00e9 d&rsquo;impression in\u00e9gal\u00e9e et de couleurs intenses gr\u00e2ce \u00e0 cette cartouche de couleur jaune.<\/p>\n<p>+ Marque : HP<br \/> + Produit neuf et authentique<br \/> + Couleur : Jaune<br \/> + Contenance : 9.9 ml<br \/> + Code fabricant : 3YL83AE<br \/> + Nombre d&rsquo;unit\u00e9s emball\u00e9es : 1 <\/p>\n<p>Pour un budget ma\u00eetris\u00e9 et une tranquillit\u00e9 assur\u00e9e : profitez de notre service de r\u00e9approvisionnement automatique de vos consommables ! <\/p>\n<p>Pour la reprise de vos cartouches usag\u00e9es, pensez au container (r\u00e9f\u00e9rence : 2.157.879) ! <\/p>\n<p>Passez votre commande d\u00e8s aujourd&rsquo;hui ! <\/p>\n<p>> Garantie 2 ans*<\/p>","protected":false},"excerpt":{"rendered":"<p>Choisissez HP pour des impressions \u00e9clatantes ! Si vous voulez profiter de la technologie d&rsquo;impression la plus moderne, les cartouches d&rsquo;encre HP sont faites pour vous. Elles vous garantissent des documents pr\u00e9cis aux bords nets. Vous b\u00e9n\u00e9ficiez d&rsquo;un<\/p>","protected":false},"featured_media":31176,"comment_status":"open","ping_status":"closed","template":"","meta":[],"product_brand":[],"product_cat":[137],"product_tag":[],"class_list":{"0":"post-31177","1":"product","2":"type-product","3":"status-publish","4":"has-post-thumbnail","6":"product_cat-article-offic","8":"first","9":"instock","10":"shipping-taxable","11":"purchasable","12":"product-type-simple"},"_links":{"self":[{"href":"https:\/\/topprixsarl.ch\/de\/wp-json\/wp\/v2\/product\/31177","targetHints":{"allow":["GET"]}}],"collection":[{"href":"https:\/\/topprixsarl.ch\/de\/wp-json\/wp\/v2\/product"}],"about":[{"href":"https:\/\/topprixsarl.ch\/de\/wp-json\/wp\/v2\/types\/product"}],"replies":[{"embeddable":true,"href":"https:\/\/topprixsarl.ch\/de\/wp-json\/wp\/v2\/comments?post=31177"}],"version-history":[{"count":3,"href":"https:\/\/topprixsarl.ch\/de\/wp-json\/wp\/v2\/product\/31177\/revisions"}],"predecessor-version":[{"id":33246,"href":"https:\/\/topprixsarl.ch\/de\/wp-json\/wp\/v2\/product\/31177\/revisions\/33246"}],"wp:featuredmedia":[{"embeddable":true,"href":"https:\/\/topprixsarl.ch\/de\/wp-json\/wp\/v2\/media\/31176"}],"wp:attachment":[{"href":"https:\/\/topprixsarl.ch\/de\/wp-json\/wp\/v2\/media?parent=31177"}],"wp:term":[{"taxonomy":"product_brand","embeddable":true,"href":"https:\/\/topprixsarl.ch\/de\/wp-json\/wp\/v2\/product_brand?post=31177"},{"taxonomy":"product_cat","embeddable":true,"href":"https:\/\/topprixsarl.ch\/de\/wp-json\/wp\/v2\/product_cat?post=31177"},{"taxonomy":"product_tag","embeddable":true,"href":"https:\/\/topprixsarl.ch\/de\/wp-json\/wp\/v2\/product_tag?post=31177"}],"curies":[{"name":"wp","href":"https:\/\/api.w.org\/{rel}","templated":true}]}}