{"id":31169,"date":"2026-01-09T15:05:29","date_gmt":"2026-01-09T15:05:29","guid":{"rendered":"https:\/\/topprixsarl.ch\/product\/eponge-en-viscose-linex\/"},"modified":"2026-01-14T14:19:14","modified_gmt":"2026-01-14T14:19:14","slug":"eponge-en-viscose-linex","status":"publish","type":"product","link":"https:\/\/topprixsarl.ch\/de\/product\/eponge-en-viscose-linex\/","title":{"rendered":"\u00c9ponge en viscose, Linex"},"content":{"rendered":"<p>Pour les mati\u00e8res spongieuses<\/p>\n<p>Si vous \u00eates charg\u00e9 du nettoyage ou m\u00eame de la gestion des installations, vous utilisez tr\u00e8s souvent une \u00e9ponge. Par exemple, elle peut \u00eatre utilis\u00e9e pour nettoyer les tableaux noirs ou les fen\u00eatres. Toutes les grandes surfaces peuvent \u00eatre nettoy\u00e9es rapidement et efficacement avec une \u00e9ponge. <\/p>\n<p>Mais il existe aussi diff\u00e9rentes qualit\u00e9s d&rsquo;\u00e9ponges. L&rsquo;\u00e9ponge en viscose de Linex est le bon choix pour vous. <\/p>\n<p>+ Pouvoir absorbant \u00e9lev\u00e9 : Vous n&rsquo;avez pas \u00e0 la presser tout le temps, ce qui vous permet de ne pas \u00eatre interrompu pendant le travail de nettoyage. <\/p>\n<p>+ Tr\u00e8s bonne qualit\u00e9 : Cette \u00e9ponge est lavable, ce qui garantit sa durabilit\u00e9. <\/p>\n<p>Vous serez satisfait de cette \u00e9ponge pendant longtemps !<\/p>\n<p>> Garantie 1 mois*<\/p>","protected":false},"excerpt":{"rendered":"<p>Pour les mati\u00e8res spongieuses Si vous \u00eates charg\u00e9 du nettoyage ou m\u00eame de la gestion des installations, vous utilisez tr\u00e8s souvent une \u00e9ponge. Par exemple, elle peut \u00eatre utilis\u00e9e pour nettoyer les tableaux noirs ou les fen\u00eatres. Toutes les grandes s<\/p>","protected":false},"featured_media":31168,"comment_status":"open","ping_status":"closed","template":"","meta":[],"product_brand":[],"product_cat":[143],"product_tag":[],"class_list":{"0":"post-31169","1":"product","2":"type-product","3":"status-publish","4":"has-post-thumbnail","6":"product_cat-nettoyage","8":"first","9":"instock","10":"shipping-taxable","11":"purchasable","12":"product-type-simple"},"_links":{"self":[{"href":"https:\/\/topprixsarl.ch\/de\/wp-json\/wp\/v2\/product\/31169","targetHints":{"allow":["GET"]}}],"collection":[{"href":"https:\/\/topprixsarl.ch\/de\/wp-json\/wp\/v2\/product"}],"about":[{"href":"https:\/\/topprixsarl.ch\/de\/wp-json\/wp\/v2\/types\/product"}],"replies":[{"embeddable":true,"href":"https:\/\/topprixsarl.ch\/de\/wp-json\/wp\/v2\/comments?post=31169"}],"version-history":[{"count":2,"href":"https:\/\/topprixsarl.ch\/de\/wp-json\/wp\/v2\/product\/31169\/revisions"}],"predecessor-version":[{"id":32941,"href":"https:\/\/topprixsarl.ch\/de\/wp-json\/wp\/v2\/product\/31169\/revisions\/32941"}],"wp:featuredmedia":[{"embeddable":true,"href":"https:\/\/topprixsarl.ch\/de\/wp-json\/wp\/v2\/media\/31168"}],"wp:attachment":[{"href":"https:\/\/topprixsarl.ch\/de\/wp-json\/wp\/v2\/media?parent=31169"}],"wp:term":[{"taxonomy":"product_brand","embeddable":true,"href":"https:\/\/topprixsarl.ch\/de\/wp-json\/wp\/v2\/product_brand?post=31169"},{"taxonomy":"product_cat","embeddable":true,"href":"https:\/\/topprixsarl.ch\/de\/wp-json\/wp\/v2\/product_cat?post=31169"},{"taxonomy":"product_tag","embeddable":true,"href":"https:\/\/topprixsarl.ch\/de\/wp-json\/wp\/v2\/product_tag?post=31169"}],"curies":[{"name":"wp","href":"https:\/\/api.w.org\/{rel}","templated":true}]}}