{"id":31167,"date":"2026-01-09T15:05:13","date_gmt":"2026-01-09T15:05:13","guid":{"rendered":"https:\/\/topprixsarl.ch\/product\/toner-hp-w2073a-700-pages-magenta\/"},"modified":"2026-01-14T14:19:14","modified_gmt":"2026-01-14T14:19:14","slug":"toner-hp-w2073a-700-pages-magenta","status":"publish","type":"product","link":"https:\/\/topprixsarl.ch\/de\/product\/toner-hp-w2073a-700-pages-magenta\/","title":{"rendered":"Toner HP W2073A, 700 pages, magenta"},"content":{"rendered":"<p>Le choix id\u00e9al pour votre bureau : **HP W2073A 117A TONER MAGENTA**<\/p>\n<p>Lorsqu&rsquo;on se trouve au travail, rien n&rsquo;est plus d\u00e9sagr\u00e9able que de se retrouver face \u00e0 un toner vide, et ce alors qu&rsquo;aucun toner de rechange ne se trouve \u00e0 port\u00e9e de main. <\/p>\n<p>Assurez-vous un bon flux de travail et \u00e9vitez les interruptions inutiles caus\u00e9es par les toners vides. <\/p>\n<p>+ **HP W2073A 117A TONER MAGENTA** est l&rsquo;accessoire qu&rsquo;il vous faut toujours avoir en stock, car son contenu de haute qualit\u00e9 garantit toujours des bords nets sans ombres ni voiles. <\/p>\n<p>+ Avec un nombre maximum de 700 pages imprim\u00e9es, ce produit impressionne par son excellent rapport qualit\u00e9-prix. <\/p>\n<p>+ L&rsquo;imprimante laser est parfaitement adapt\u00e9e \u00e0 un environnement professionnel. <\/p>\n<p>+ Avec cet article, vous enrichissez la palette de couleurs de votre imprimante gr\u00e2ce aux nuances de ce magenta. <\/p>\n<p>V\u00e9ritable produit de marque \u00e0 l&rsquo;\u00e9tat neuf, il vous s\u00e9duira par son excellente qualit\u00e9. <\/p>\n<p>+ Avec un seul achat, vous obtenez 1 article. <\/p>\n<p>\u00c9vitez les probl\u00e8mes de ravitaillement ! \u00c9vitez les interruptions d\u00e9sagr\u00e9ables ! <\/p>\n<p>> Garantie 2 ans<\/p>","protected":false},"excerpt":{"rendered":"<p>Le choix id\u00e9al pour votre bureau: HP W2073A 117A TONER MAGENTA. Lorsqu&rsquo;on se trouve au travail, rien n&rsquo;est plus plus d\u00e9sagr\u00e9able que de se retrouver face \u00e0 un toner vide, et ce alors qu&rsquo;aucun toner de rechange ne se trouve \u00e0 port\u00e9e de main. Assurez-v<\/p>","protected":false},"featured_media":31166,"comment_status":"open","ping_status":"closed","template":"","meta":[],"product_brand":[],"product_cat":[137],"product_tag":[],"class_list":{"0":"post-31167","1":"product","2":"type-product","3":"status-publish","4":"has-post-thumbnail","6":"product_cat-article-offic","8":"first","9":"instock","10":"shipping-taxable","11":"purchasable","12":"product-type-simple"},"_links":{"self":[{"href":"https:\/\/topprixsarl.ch\/de\/wp-json\/wp\/v2\/product\/31167","targetHints":{"allow":["GET"]}}],"collection":[{"href":"https:\/\/topprixsarl.ch\/de\/wp-json\/wp\/v2\/product"}],"about":[{"href":"https:\/\/topprixsarl.ch\/de\/wp-json\/wp\/v2\/types\/product"}],"replies":[{"embeddable":true,"href":"https:\/\/topprixsarl.ch\/de\/wp-json\/wp\/v2\/comments?post=31167"}],"version-history":[{"count":2,"href":"https:\/\/topprixsarl.ch\/de\/wp-json\/wp\/v2\/product\/31167\/revisions"}],"predecessor-version":[{"id":32940,"href":"https:\/\/topprixsarl.ch\/de\/wp-json\/wp\/v2\/product\/31167\/revisions\/32940"}],"wp:featuredmedia":[{"embeddable":true,"href":"https:\/\/topprixsarl.ch\/de\/wp-json\/wp\/v2\/media\/31166"}],"wp:attachment":[{"href":"https:\/\/topprixsarl.ch\/de\/wp-json\/wp\/v2\/media?parent=31167"}],"wp:term":[{"taxonomy":"product_brand","embeddable":true,"href":"https:\/\/topprixsarl.ch\/de\/wp-json\/wp\/v2\/product_brand?post=31167"},{"taxonomy":"product_cat","embeddable":true,"href":"https:\/\/topprixsarl.ch\/de\/wp-json\/wp\/v2\/product_cat?post=31167"},{"taxonomy":"product_tag","embeddable":true,"href":"https:\/\/topprixsarl.ch\/de\/wp-json\/wp\/v2\/product_tag?post=31167"}],"curies":[{"name":"wp","href":"https:\/\/api.w.org\/{rel}","templated":true}]}}