{"id":31165,"date":"2026-01-09T15:04:59","date_gmt":"2026-01-09T15:04:59","guid":{"rendered":"https:\/\/topprixsarl.ch\/product\/hp-117a-original-yellow-toner-cartridge\/"},"modified":"2026-01-14T14:19:14","modified_gmt":"2026-01-14T14:19:14","slug":"hp-117a-original-yellow-toner-cartridge","status":"publish","type":"product","link":"https:\/\/topprixsarl.ch\/de\/product\/hp-117a-original-yellow-toner-cartridge\/","title":{"rendered":"HP 117A Original Yellow Toner Cartridge"},"content":{"rendered":"<p>Vous \u00eates \u00e0 la recherche d&rsquo;un compl\u00e9ment optimal \u00e0 votre imprimante haute de gamme? Ce toner est fait pour vous. Vous avez les moyens d&rsquo;investir dans une technologie d&rsquo;impression innovante. Pourquoi ne pas utiliser les bons accessoires? <\/p>\n<p>Tirez le meilleur parti de votre imprimante avec l&rsquo;HP W2072A 117A TONER JAUNE. Il en r\u00e9sulte des documents pr\u00e9cis avec des bords nets et de beaux d\u00e9grad\u00e9s de couleurs. <\/p>\n<p>+ Nombre maximum de pages imprim\u00e9es : 700<\/p>\n<p>Ce produit impressionne par son excellent rapport qualit\u00e9-prix. L&rsquo;imprimante laser est parfaitement adapt\u00e9e \u00e0 un environnement professionnel. <\/p>\n<p>+ Couleur : Jaune<\/p>\n<p>Le produit s\u00e9duit gr\u00e2ce \u00e0 ses nuances de jaune. Puisque l&rsquo;article est enti\u00e8rement neuf et vendu dans son emballage d&rsquo;origine, vous pouvez \u00eatre certain d&rsquo;obtenir les meilleurs r\u00e9sultats. <\/p>\n<p>+ Contenu du paquet : 1 article<\/p>\n<p>Vivez une exp\u00e9rience d&rsquo;impression propre! S\u00e9curisez votre standard avec ces accessoires! <\/p>\n<p>+ Garantie : 2 ans*<\/p>","protected":false},"excerpt":{"rendered":"<p>Vous \u00eates \u00e0 la recherche d&rsquo;un compl\u00e9ment optimal \u00e0 votre imprimante haute de gamme? Ce toner est fait pour vous. Vous avez les moyens d&rsquo;investir dans une technologie d&rsquo;impression innovante. Pourquoi ne pas utiliser les bons accessoires? Tirez le plus<\/p>","protected":false},"featured_media":31164,"comment_status":"open","ping_status":"closed","template":"","meta":[],"product_brand":[],"product_cat":[137],"product_tag":[],"class_list":{"0":"post-31165","1":"product","2":"type-product","3":"status-publish","4":"has-post-thumbnail","6":"product_cat-article-offic","8":"first","9":"instock","10":"shipping-taxable","11":"purchasable","12":"product-type-simple"},"_links":{"self":[{"href":"https:\/\/topprixsarl.ch\/de\/wp-json\/wp\/v2\/product\/31165","targetHints":{"allow":["GET"]}}],"collection":[{"href":"https:\/\/topprixsarl.ch\/de\/wp-json\/wp\/v2\/product"}],"about":[{"href":"https:\/\/topprixsarl.ch\/de\/wp-json\/wp\/v2\/types\/product"}],"replies":[{"embeddable":true,"href":"https:\/\/topprixsarl.ch\/de\/wp-json\/wp\/v2\/comments?post=31165"}],"version-history":[{"count":2,"href":"https:\/\/topprixsarl.ch\/de\/wp-json\/wp\/v2\/product\/31165\/revisions"}],"predecessor-version":[{"id":32939,"href":"https:\/\/topprixsarl.ch\/de\/wp-json\/wp\/v2\/product\/31165\/revisions\/32939"}],"wp:featuredmedia":[{"embeddable":true,"href":"https:\/\/topprixsarl.ch\/de\/wp-json\/wp\/v2\/media\/31164"}],"wp:attachment":[{"href":"https:\/\/topprixsarl.ch\/de\/wp-json\/wp\/v2\/media?parent=31165"}],"wp:term":[{"taxonomy":"product_brand","embeddable":true,"href":"https:\/\/topprixsarl.ch\/de\/wp-json\/wp\/v2\/product_brand?post=31165"},{"taxonomy":"product_cat","embeddable":true,"href":"https:\/\/topprixsarl.ch\/de\/wp-json\/wp\/v2\/product_cat?post=31165"},{"taxonomy":"product_tag","embeddable":true,"href":"https:\/\/topprixsarl.ch\/de\/wp-json\/wp\/v2\/product_tag?post=31165"}],"curies":[{"name":"wp","href":"https:\/\/api.w.org\/{rel}","templated":true}]}}