{"id":31139,"date":"2026-01-09T15:01:39","date_gmt":"2026-01-09T15:01:39","guid":{"rendered":"https:\/\/topprixsarl.ch\/product\/stylo-a-bille-caran-dache-825-noir-pack-grand-format-20p-182-gratuit\/"},"modified":"2026-01-14T14:19:16","modified_gmt":"2026-01-14T14:19:16","slug":"stylo-a-bille-caran-dache-825-noir-pack-grand-format-20p-182-gratuit","status":"publish","type":"product","link":"https:\/\/topprixsarl.ch\/de\/product\/stylo-a-bille-caran-dache-825-noir-pack-grand-format-20p-182-gratuit\/","title":{"rendered":"Stylo \u00e0 bille Caran d&rsquo;Ache 825, noir, pack grand format 20p. (18+2 gratuit)"},"content":{"rendered":"<p>La simplicit\u00e9 dans les petits d\u00e9tails<\/p>\n<p>Parfois, la simplicit\u00e9 est la cl\u00e9. Parfois, on a juste besoin d&rsquo;un outil pratique pour dessiner, signer des documents et prendre des notes. <\/p>\n<p>Dans ce cas, le stylo \u00e0 bille Caran D&rsquo;Ache est celui qui r\u00e9pond le mieux \u00e0 vos besoins. <\/p>\n<p>+ Outil d&rsquo;\u00e9criture simple, con\u00e7u par une marque suisse bien connue<br \/>\n+ Id\u00e9al pour un usage \u00e0 long terme au bureau<br \/>\n+ L\u00e9ger et simple, parfait pour l&rsquo;\u00e9criture quotidienne  <\/p>\n<p>\u00cates-vous pr\u00eat \u00e0 \u00e9crire tout ce dont vous avez besoin?<\/p>","protected":false},"excerpt":{"rendered":"<p>La simplicit\u00e9 dans les petits d\u00e9tailsParfois, la simplicit\u00e9 est la cl\u00e9. Parfois, on a juste besoin d&rsquo;un outil pratique pour dessiner, signer des documents et prendre des notes. Dans ce cas, le stylo \u00e0 bille Caran D&rsquo;Ache est celui qui r\u00e9pond le mieux <\/p>","protected":false},"featured_media":31138,"comment_status":"open","ping_status":"closed","template":"","meta":[],"product_brand":[],"product_cat":[137],"product_tag":[],"class_list":{"0":"post-31139","1":"product","2":"type-product","3":"status-publish","4":"has-post-thumbnail","6":"product_cat-papier","8":"first","9":"instock","10":"shipping-taxable","11":"purchasable","12":"product-type-simple"},"_links":{"self":[{"href":"https:\/\/topprixsarl.ch\/de\/wp-json\/wp\/v2\/product\/31139","targetHints":{"allow":["GET"]}}],"collection":[{"href":"https:\/\/topprixsarl.ch\/de\/wp-json\/wp\/v2\/product"}],"about":[{"href":"https:\/\/topprixsarl.ch\/de\/wp-json\/wp\/v2\/types\/product"}],"replies":[{"embeddable":true,"href":"https:\/\/topprixsarl.ch\/de\/wp-json\/wp\/v2\/comments?post=31139"}],"version-history":[{"count":2,"href":"https:\/\/topprixsarl.ch\/de\/wp-json\/wp\/v2\/product\/31139\/revisions"}],"predecessor-version":[{"id":32925,"href":"https:\/\/topprixsarl.ch\/de\/wp-json\/wp\/v2\/product\/31139\/revisions\/32925"}],"wp:featuredmedia":[{"embeddable":true,"href":"https:\/\/topprixsarl.ch\/de\/wp-json\/wp\/v2\/media\/31138"}],"wp:attachment":[{"href":"https:\/\/topprixsarl.ch\/de\/wp-json\/wp\/v2\/media?parent=31139"}],"wp:term":[{"taxonomy":"product_brand","embeddable":true,"href":"https:\/\/topprixsarl.ch\/de\/wp-json\/wp\/v2\/product_brand?post=31139"},{"taxonomy":"product_cat","embeddable":true,"href":"https:\/\/topprixsarl.ch\/de\/wp-json\/wp\/v2\/product_cat?post=31139"},{"taxonomy":"product_tag","embeddable":true,"href":"https:\/\/topprixsarl.ch\/de\/wp-json\/wp\/v2\/product_tag?post=31139"}],"curies":[{"name":"wp","href":"https:\/\/api.w.org\/{rel}","templated":true}]}}