{"id":31127,"date":"2026-01-09T14:59:59","date_gmt":"2026-01-09T14:59:59","guid":{"rendered":"https:\/\/topprixsarl.ch\/product\/gants-jetables-semperguard-style-nitrile-t-m-lot-de-100-pieces\/"},"modified":"2026-01-21T00:19:17","modified_gmt":"2026-01-21T00:19:17","slug":"einweghandschuhe-semperguard-nitril-stil-t-m-100-stuck","status":"publish","type":"product","link":"https:\/\/topprixsarl.ch\/de\/product\/einweghandschuhe-semperguard-nitril-stil-t-m-100-stuck\/","title":{"rendered":"Semperguard Style Nitril Einweghandschuhe, T. M, Packung mit 100 St\u00fcck"},"content":{"rendered":"<p>Nitrilhandschuh mit ausgezeichneter Elastizit\u00e4t. Besonders geeignet f\u00fcr \u00f6ffentlich sichtbare Anwendungen, z. B. in der Gastronomie, im Sch\u00f6nheitsbereich und bei der K\u00f6rperkunst. <\/p>\n<p>+ Doppelte Kennzeichnung: Erf\u00fcllt die medizinischen Anforderungen im Bereich Tattoos und Piercings. <\/p>\n<p>+ Hautfreundlich: frei von Phthalaten\/Weichmachern und allergieausl\u00f6senden Latexproteinen. <\/p>\n<p>+ Getestet und zertifiziert nach 1935\/2004 - geeignet f\u00fcr den Kontakt mit Lebensmitteln. <\/p>\n<p>+ Farbe: Schwarz. <\/p>\n<p>+ Packung mit 100 St\u00fcck. <\/p>\n<p>+ Preis pro Packung. <\/p>\n<p>*Fu\u00dfnoten.<\/p>","protected":false},"excerpt":{"rendered":"<p>Gant en nitrile \u00e0 l&rsquo;excellente \u00e9lasticit\u00e9. Particuli\u00e8rement adapt\u00e9 aux utilisations visibles au public, par exemple la restauration, la beaut\u00e9 et l&rsquo;art corporel. Double \u00e9tiquetage: r\u00e9pond aux exigences m\u00e9dicales dans le domaine du tatouage et piercin<\/p>","protected":false},"featured_media":31126,"comment_status":"open","ping_status":"closed","template":"","meta":[],"product_brand":[],"product_cat":[140],"product_tag":[],"class_list":{"0":"post-31127","1":"product","2":"type-product","3":"status-publish","4":"has-post-thumbnail","6":"product_cat-gants","7":"pa_taille-l","8":"pa_taille-m","9":"pa_taille-s","10":"pa_taille-xl","12":"first","13":"instock","14":"shipping-taxable","15":"purchasable","16":"product-type-variable"},"_links":{"self":[{"href":"https:\/\/topprixsarl.ch\/de\/wp-json\/wp\/v2\/product\/31127","targetHints":{"allow":["GET"]}}],"collection":[{"href":"https:\/\/topprixsarl.ch\/de\/wp-json\/wp\/v2\/product"}],"about":[{"href":"https:\/\/topprixsarl.ch\/de\/wp-json\/wp\/v2\/types\/product"}],"replies":[{"embeddable":true,"href":"https:\/\/topprixsarl.ch\/de\/wp-json\/wp\/v2\/comments?post=31127"}],"version-history":[{"count":2,"href":"https:\/\/topprixsarl.ch\/de\/wp-json\/wp\/v2\/product\/31127\/revisions"}],"predecessor-version":[{"id":32918,"href":"https:\/\/topprixsarl.ch\/de\/wp-json\/wp\/v2\/product\/31127\/revisions\/32918"}],"wp:featuredmedia":[{"embeddable":true,"href":"https:\/\/topprixsarl.ch\/de\/wp-json\/wp\/v2\/media\/31126"}],"wp:attachment":[{"href":"https:\/\/topprixsarl.ch\/de\/wp-json\/wp\/v2\/media?parent=31127"}],"wp:term":[{"taxonomy":"product_brand","embeddable":true,"href":"https:\/\/topprixsarl.ch\/de\/wp-json\/wp\/v2\/product_brand?post=31127"},{"taxonomy":"product_cat","embeddable":true,"href":"https:\/\/topprixsarl.ch\/de\/wp-json\/wp\/v2\/product_cat?post=31127"},{"taxonomy":"product_tag","embeddable":true,"href":"https:\/\/topprixsarl.ch\/de\/wp-json\/wp\/v2\/product_tag?post=31127"}],"curies":[{"name":"wp","href":"https:\/\/api.w.org\/{rel}","templated":true}]}}