{"id":31111,"date":"2026-01-09T14:57:57","date_gmt":"2026-01-09T14:57:57","guid":{"rendered":"https:\/\/topprixsarl.ch\/product\/essuie-poussiere-taski-jonmaster-ultra-plus-interior-60x60cm-noir\/"},"modified":"2026-01-14T14:19:17","modified_gmt":"2026-01-14T14:19:17","slug":"essuie-poussiere-taski-jonmaster-ultra-plus-interior-60x60cm-noir","status":"publish","type":"product","link":"https:\/\/topprixsarl.ch\/de\/product\/essuie-poussiere-taski-jonmaster-ultra-plus-interior-60x60cm-noir\/","title":{"rendered":"Essuie-poussi\u00e8re Taski Jonmaster Ultra Plus Interior, 60x60cm, noir"},"content":{"rendered":"<p>La poussi\u00e8re ne peut plus se cacher <\/p>\n<p>Depuis que le nouveau gardien est venu dans votre bureau, il est devenu plus plaisant d\u2019y travailler. Les employ\u00e9s travaillent dans un milieu d\u2019une propret\u00e9 exemplaire o\u00f9 l\u2019air est plus respirable. Vous pensiez que c&rsquo;\u00e9tait qu&rsquo;une m\u00e9taphore, mais c&rsquo;est devenu une r\u00e9alit\u00e9. <\/p>\n<p>Dans la cuisine, en ramassant des biscuits tomb\u00e9s, vous avez remarqu\u00e9 que sous le r\u00e9frig\u00e9rateur tout \u00e9tait propre, la poussi\u00e8re a \u00e9t\u00e9 nettoy\u00e9e. Ceci est d\u00fb au nouveau gardien, mais aussi au plumeau \u00e0 manche long Ultra Plus. <\/p>\n<p>+ Gr\u00e2ce \u00e0 sa conception sp\u00e9ciale, aucun endroit difficile d\u2019acc\u00e8s o\u00f9 la poussi\u00e8re peut se cacher ne lui r\u00e9siste. <\/p>\n<p>+ La forme \u00e9troite du balai vous permet d&rsquo;atteindre tout endroit, derri\u00e8re l&rsquo;armoire, sous le canap\u00e9 et d\u2019autres endroits difficiles d&rsquo;acc\u00e8s. <\/p>\n<p>+ La grande longueur de la t\u00eate facilite \u00e9galement le travail. <\/p>\n<p>+ La poign\u00e9e est pliable \u00e0 angle droit pour atteindre les endroits les plus inaccessibles. <\/p>\n<p>+ Ce balai est tr\u00e8s l\u00e9ger pour travailler sans ressentir de fatigue. <\/p>\n<p>+ Son rev\u00eatement r\u00e9sistant r\u00e9siste \u00e0 l&rsquo;abrasion et \u00e0 l\u2019usure. <\/p>\n<p>Vous \u00eates donc parfaitement pr\u00e9par\u00e9 pour n&rsquo;importe quelle t\u00e2che. <\/p>\n<p>R\u00e9pandez la propret\u00e9 dans tous les recoins!<\/p>","protected":false},"excerpt":{"rendered":"<p>La poussi\u00e8re ne peut plus se cacher Depuis que le nouveau gardien est venu dans votre bureau, il est devenu plus plaisant d\u2019y travailler. Les employ\u00e9s travaillent dans un milieu d\u2019une propret\u00e9 exemplaire o\u00f9 l\u2019air est plus respirable. Vous pensiez que<\/p>","protected":false},"featured_media":31110,"comment_status":"open","ping_status":"closed","template":"","meta":[],"product_brand":[],"product_cat":[143],"product_tag":[],"class_list":{"0":"post-31111","1":"product","2":"type-product","3":"status-publish","4":"has-post-thumbnail","6":"product_cat-nettoyage","8":"first","9":"instock","10":"shipping-taxable","11":"purchasable","12":"product-type-simple"},"_links":{"self":[{"href":"https:\/\/topprixsarl.ch\/de\/wp-json\/wp\/v2\/product\/31111","targetHints":{"allow":["GET"]}}],"collection":[{"href":"https:\/\/topprixsarl.ch\/de\/wp-json\/wp\/v2\/product"}],"about":[{"href":"https:\/\/topprixsarl.ch\/de\/wp-json\/wp\/v2\/types\/product"}],"replies":[{"embeddable":true,"href":"https:\/\/topprixsarl.ch\/de\/wp-json\/wp\/v2\/comments?post=31111"}],"version-history":[{"count":2,"href":"https:\/\/topprixsarl.ch\/de\/wp-json\/wp\/v2\/product\/31111\/revisions"}],"predecessor-version":[{"id":32910,"href":"https:\/\/topprixsarl.ch\/de\/wp-json\/wp\/v2\/product\/31111\/revisions\/32910"}],"wp:featuredmedia":[{"embeddable":true,"href":"https:\/\/topprixsarl.ch\/de\/wp-json\/wp\/v2\/media\/31110"}],"wp:attachment":[{"href":"https:\/\/topprixsarl.ch\/de\/wp-json\/wp\/v2\/media?parent=31111"}],"wp:term":[{"taxonomy":"product_brand","embeddable":true,"href":"https:\/\/topprixsarl.ch\/de\/wp-json\/wp\/v2\/product_brand?post=31111"},{"taxonomy":"product_cat","embeddable":true,"href":"https:\/\/topprixsarl.ch\/de\/wp-json\/wp\/v2\/product_cat?post=31111"},{"taxonomy":"product_tag","embeddable":true,"href":"https:\/\/topprixsarl.ch\/de\/wp-json\/wp\/v2\/product_tag?post=31111"}],"curies":[{"name":"wp","href":"https:\/\/api.w.org\/{rel}","templated":true}]}}