{"id":31101,"date":"2026-01-09T14:56:43","date_gmt":"2026-01-09T14:56:43","guid":{"rendered":"https:\/\/topprixsarl.ch\/product\/corbeille-a-courrier-exacompta-a4-vert-citron\/"},"modified":"2026-01-14T14:19:18","modified_gmt":"2026-01-14T14:19:18","slug":"corbeille-a-courrier-exacompta-a4-vert-citron","status":"publish","type":"product","link":"https:\/\/topprixsarl.ch\/de\/product\/corbeille-a-courrier-exacompta-a4-vert-citron\/","title":{"rendered":"Corbeille \u00e0 courrier Exacompta, A4, vert citron"},"content":{"rendered":"<p>Tout est sous contr\u00f4le ? Gr\u00e2ce \u00e0 cet outil de bureau, vous avez tout \u00e0 port\u00e9e de main. <\/p>\n<p>Vous faites face \u00e0 un d\u00e9fi en termes de rangement qui vous semble insurmontable ? Ne baissez pas les bras, nous avons la solution. En effet, gr\u00e2ce aux corbeilles \u00e0 courrier de la marque Exacompta, vous pouvez faire le tri rapidement et facilement. <\/p>\n<p>+ Syst\u00e8me de classement intelligent pour \u00e9viter les bourrages de papier et autres d\u00e9sagr\u00e9ments. <\/p>\n<p>Gr\u00e2ce \u00e0 son mat\u00e9riau en plastique, ce produit a une surface qui est non seulement facile \u00e0 entretenir mais aussi r\u00e9sistante aux rayures. <\/p>\n<p>+ Couleur verte vive qui attire les regards. <\/p>\n<p>L&rsquo;avantage imbattable des corbeilles \u00e0 courrier est leur capacit\u00e9 d&#8217;empilage, ce qui en fait des v\u00e9ritables miracles spatiaux. <\/p>\n<p>+ Chaque corbeille peut contenir jusqu&rsquo;\u00e0 350 feuilles, assurant un travail confortable sans interruptions fr\u00e9quentes. <\/p>\n<p>Avec les corbeilles \u00e0 courrier de la marque Exacompta, vous faites en sorte que les lettres et les documents primordiaux restent l\u00e0 o\u00f9 ils doivent \u00eatre : sur votre bureau. <\/p>\n<p>Commandez d\u00e8s maintenant ces champions du rangement pour votre lieu de travail ! <\/p>\n<p>> Garantie 25 ans*<\/p>","protected":false},"excerpt":{"rendered":"<p>Tout est sous contr\u00f4le? Gr\u00e2ce \u00e0 cet outil de bureau, vous avez tout \u00e0 port\u00e9e de main Vous faites face \u00e0 un d\u00e9fi en termes de rangement qui vous semble insurmontable? Ne baissez pas les bras, nous avons la solution. En effet, gr\u00e2ce aux corbeilles \u00e0 co<\/p>","protected":false},"featured_media":31100,"comment_status":"open","ping_status":"closed","template":"","meta":[],"product_brand":[],"product_cat":[137],"product_tag":[],"class_list":{"0":"post-31101","1":"product","2":"type-product","3":"status-publish","4":"has-post-thumbnail","6":"product_cat-article-offic","8":"first","9":"instock","10":"shipping-taxable","11":"purchasable","12":"product-type-simple"},"_links":{"self":[{"href":"https:\/\/topprixsarl.ch\/de\/wp-json\/wp\/v2\/product\/31101","targetHints":{"allow":["GET"]}}],"collection":[{"href":"https:\/\/topprixsarl.ch\/de\/wp-json\/wp\/v2\/product"}],"about":[{"href":"https:\/\/topprixsarl.ch\/de\/wp-json\/wp\/v2\/types\/product"}],"replies":[{"embeddable":true,"href":"https:\/\/topprixsarl.ch\/de\/wp-json\/wp\/v2\/comments?post=31101"}],"version-history":[{"count":2,"href":"https:\/\/topprixsarl.ch\/de\/wp-json\/wp\/v2\/product\/31101\/revisions"}],"predecessor-version":[{"id":32905,"href":"https:\/\/topprixsarl.ch\/de\/wp-json\/wp\/v2\/product\/31101\/revisions\/32905"}],"wp:featuredmedia":[{"embeddable":true,"href":"https:\/\/topprixsarl.ch\/de\/wp-json\/wp\/v2\/media\/31100"}],"wp:attachment":[{"href":"https:\/\/topprixsarl.ch\/de\/wp-json\/wp\/v2\/media?parent=31101"}],"wp:term":[{"taxonomy":"product_brand","embeddable":true,"href":"https:\/\/topprixsarl.ch\/de\/wp-json\/wp\/v2\/product_brand?post=31101"},{"taxonomy":"product_cat","embeddable":true,"href":"https:\/\/topprixsarl.ch\/de\/wp-json\/wp\/v2\/product_cat?post=31101"},{"taxonomy":"product_tag","embeddable":true,"href":"https:\/\/topprixsarl.ch\/de\/wp-json\/wp\/v2\/product_tag?post=31101"}],"curies":[{"name":"wp","href":"https:\/\/api.w.org\/{rel}","templated":true}]}}