{"id":31099,"date":"2026-01-09T14:56:29","date_gmt":"2026-01-09T14:56:29","guid":{"rendered":"https:\/\/topprixsarl.ch\/product\/corbeille-a-courrier-exacompta-a4-mauve\/"},"modified":"2026-01-14T14:19:18","modified_gmt":"2026-01-14T14:19:18","slug":"corbeille-a-courrier-exacompta-a4-mauve","status":"publish","type":"product","link":"https:\/\/topprixsarl.ch\/de\/product\/corbeille-a-courrier-exacompta-a4-mauve\/","title":{"rendered":"Corbeille \u00e0 courrier Exacompta, A4, mauve"},"content":{"rendered":"<p>Faites de votre lieu de travail un lieu polyvalent ! <\/p>\n<p>Vous \u00eates fr\u00e9quemment en train de chercher vos documents ou autres ? Cela signifie qu&rsquo;il vous manque s\u00fbrement l&rsquo;accessoire de bureau idoine ! <\/p>\n<p>La corbeille \u00e0 courrier de la marque Exacompta vous aide \u00e0 structurer votre correspondance. Gr\u00e2ce \u00e0 sa conception intelligente, les informations importantes et les documents manquants seront bient\u00f4t presque directement \u00e0 port\u00e9e de main. <\/p>\n<p>+ Mat\u00e9riau en plastique : facile \u00e0 entretenir et robuste. <\/p>\n<p>+ Bon rapport qualit\u00e9-prix. <\/p>\n<p>+ Couleur violette : assure que votre nouvel accessoire est non seulement pratique mais aussi bien visible. <\/p>\n<p>+ Capacit\u00e9 d&#8217;empilage : garantit l&rsquo;efficacit\u00e9 \u00e0 l&rsquo;usage. <\/p>\n<p>+ Chaque corbeille peut contenir jusqu&rsquo;\u00e0 350 feuilles, assurant un travail confortable sans interruptions fr\u00e9quentes. <\/p>\n<p>Avec les corbeilles \u00e0 courrier de la marque Exacompta, vous faites en sorte que les lettres et les documents primordiaux restent l\u00e0 o\u00f9 ils doivent \u00eatre : sur votre bureau. <\/p>\n<p>Laissez-nous vous convaincre ! <\/p>\n<p>> Garantie 25 ans.<\/p>","protected":false},"excerpt":{"rendered":"<p>Faites de votre lieu de travail un lieu polyvalent! Vous \u00eates fr\u00e9quemment en train de chercher vos documents ou autres? Cela signifie qu&rsquo;il vous manque s\u00fbrement l&rsquo;accessoire de bureau idoine! La corbeille \u00e0 courrier de la marque Exacompta vous aide \u00e0<\/p>","protected":false},"featured_media":31098,"comment_status":"open","ping_status":"closed","template":"","meta":[],"product_brand":[],"product_cat":[137],"product_tag":[],"class_list":{"0":"post-31099","1":"product","2":"type-product","3":"status-publish","4":"has-post-thumbnail","6":"product_cat-article-offic","8":"first","9":"instock","10":"shipping-taxable","11":"purchasable","12":"product-type-simple"},"_links":{"self":[{"href":"https:\/\/topprixsarl.ch\/de\/wp-json\/wp\/v2\/product\/31099","targetHints":{"allow":["GET"]}}],"collection":[{"href":"https:\/\/topprixsarl.ch\/de\/wp-json\/wp\/v2\/product"}],"about":[{"href":"https:\/\/topprixsarl.ch\/de\/wp-json\/wp\/v2\/types\/product"}],"replies":[{"embeddable":true,"href":"https:\/\/topprixsarl.ch\/de\/wp-json\/wp\/v2\/comments?post=31099"}],"version-history":[{"count":2,"href":"https:\/\/topprixsarl.ch\/de\/wp-json\/wp\/v2\/product\/31099\/revisions"}],"predecessor-version":[{"id":32904,"href":"https:\/\/topprixsarl.ch\/de\/wp-json\/wp\/v2\/product\/31099\/revisions\/32904"}],"wp:featuredmedia":[{"embeddable":true,"href":"https:\/\/topprixsarl.ch\/de\/wp-json\/wp\/v2\/media\/31098"}],"wp:attachment":[{"href":"https:\/\/topprixsarl.ch\/de\/wp-json\/wp\/v2\/media?parent=31099"}],"wp:term":[{"taxonomy":"product_brand","embeddable":true,"href":"https:\/\/topprixsarl.ch\/de\/wp-json\/wp\/v2\/product_brand?post=31099"},{"taxonomy":"product_cat","embeddable":true,"href":"https:\/\/topprixsarl.ch\/de\/wp-json\/wp\/v2\/product_cat?post=31099"},{"taxonomy":"product_tag","embeddable":true,"href":"https:\/\/topprixsarl.ch\/de\/wp-json\/wp\/v2\/product_tag?post=31099"}],"curies":[{"name":"wp","href":"https:\/\/api.w.org\/{rel}","templated":true}]}}