{"id":31087,"date":"2026-01-09T14:55:00","date_gmt":"2026-01-09T14:55:00","guid":{"rendered":"https:\/\/topprixsarl.ch\/product\/cartouche-de-toner-brother-tn-243bk-noire\/"},"modified":"2026-01-14T14:19:18","modified_gmt":"2026-01-14T14:19:18","slug":"cartouche-de-toner-brother-tn-243bk-noire","status":"publish","type":"product","link":"https:\/\/topprixsarl.ch\/de\/product\/cartouche-de-toner-brother-tn-243bk-noire\/","title":{"rendered":"Cartouche de toner Brother TN-243BK- noire"},"content":{"rendered":"<p>R\u00e9pondez \u00e0 vos besoins en impression avec Brother. <\/p>\n<p>Si vous voulez profiter de la technologie d&rsquo;impression la plus moderne, les cartouches de toner Brother sont faites pour vous. Elles vous garantissent des documents pr\u00e9cis aux bords nets. <\/p>\n<p>Gr\u00e2ce \u00e0 l&rsquo;encre noire de qualit\u00e9 sup\u00e9rieure, vos tirages artistiques et vos photographies en noir et blanc seront parfaits. <\/p>\n<p>Il s&rsquo;agit d&rsquo;un produit de marque authentique, neuf, qui vous conviendra par sa grande qualit\u00e9. <\/p>\n<p>+ Code fabricant : TN-243BK<br \/> + Nombre d&rsquo;unit\u00e9s emball\u00e9es : 1<br \/> + Couleur : noir<br \/> + Contenance : 669 g <\/p>\n<p>Notre service de r\u00e9approvisionnement automatique de vos consommables est la solution parfaite pour ma\u00eetriser votre budget et vous assurer une tranquillit\u00e9 d&rsquo;esprit. <\/p>\n<p>En fin de vie, vos cartouches ont encore une utilit\u00e9 : d\u00e9posez-les dans le container (r\u00e9f\u00e9rence : 2.157.879). <\/p>\n<p>Ajoutez ce produit \u00e0 votre panier, et commandez d\u00e8s maintenant ! <\/p>\n<p>> Garantie 2 ans*<\/p>","protected":false},"excerpt":{"rendered":"<p>R\u00e9pondez \u00e0 vos besoins en impression avec Brother Si vous voulez profiter de la technologie d&rsquo;impression la plus moderne, les cartouches de toner Brother sont faites pour vous. Elles vous garantissent des documents pr\u00e9cis aux bords nets. Gr\u00e2ce \u00e0 l&rsquo;en<\/p>","protected":false},"featured_media":31086,"comment_status":"open","ping_status":"closed","template":"","meta":[],"product_brand":[],"product_cat":[137],"product_tag":[],"class_list":{"0":"post-31087","1":"product","2":"type-product","3":"status-publish","4":"has-post-thumbnail","6":"product_cat-article-offic","8":"first","9":"instock","10":"shipping-taxable","11":"purchasable","12":"product-type-simple"},"_links":{"self":[{"href":"https:\/\/topprixsarl.ch\/de\/wp-json\/wp\/v2\/product\/31087","targetHints":{"allow":["GET"]}}],"collection":[{"href":"https:\/\/topprixsarl.ch\/de\/wp-json\/wp\/v2\/product"}],"about":[{"href":"https:\/\/topprixsarl.ch\/de\/wp-json\/wp\/v2\/types\/product"}],"replies":[{"embeddable":true,"href":"https:\/\/topprixsarl.ch\/de\/wp-json\/wp\/v2\/comments?post=31087"}],"version-history":[{"count":3,"href":"https:\/\/topprixsarl.ch\/de\/wp-json\/wp\/v2\/product\/31087\/revisions"}],"predecessor-version":[{"id":33253,"href":"https:\/\/topprixsarl.ch\/de\/wp-json\/wp\/v2\/product\/31087\/revisions\/33253"}],"wp:featuredmedia":[{"embeddable":true,"href":"https:\/\/topprixsarl.ch\/de\/wp-json\/wp\/v2\/media\/31086"}],"wp:attachment":[{"href":"https:\/\/topprixsarl.ch\/de\/wp-json\/wp\/v2\/media?parent=31087"}],"wp:term":[{"taxonomy":"product_brand","embeddable":true,"href":"https:\/\/topprixsarl.ch\/de\/wp-json\/wp\/v2\/product_brand?post=31087"},{"taxonomy":"product_cat","embeddable":true,"href":"https:\/\/topprixsarl.ch\/de\/wp-json\/wp\/v2\/product_cat?post=31087"},{"taxonomy":"product_tag","embeddable":true,"href":"https:\/\/topprixsarl.ch\/de\/wp-json\/wp\/v2\/product_tag?post=31087"}],"curies":[{"name":"wp","href":"https:\/\/api.w.org\/{rel}","templated":true}]}}