{"id":31085,"date":"2026-01-09T14:54:45","date_gmt":"2026-01-09T14:54:45","guid":{"rendered":"https:\/\/topprixsarl.ch\/product\/papier-dessuyage-a-devidage-central-2-plis-bleu-6-bobines\/"},"modified":"2026-04-11T01:25:36","modified_gmt":"2026-04-11T01:25:36","slug":"papier-dessuyage-a-devidage-central-2-plis-bleu-6-bobines","status":"publish","type":"product","link":"https:\/\/topprixsarl.ch\/de\/product\/papier-dessuyage-a-devidage-central-2-plis-bleu-6-bobines\/","title":{"rendered":"Papier d&rsquo;essuyage \u00e0 d\u00e9vidage central- 2 plis- bleu- 6 bobines"},"content":{"rendered":"<p>Une douceur que vous pouvez ressentir<\/p>\n<p>Il est int\u00e9ressant de voir comment une personne peut changer d\u2019avis sur un \u00e9tablissement \u00e0 cause d&rsquo;un d\u00e9tail. Par ex., Robert aimait ce caf\u00e9 \u00e0 c\u00f4t\u00e9 de son travail. Il avait du personnel sympa, un bon menu et \u00e9tait vraiment pratique. Mais aujourd&rsquo;hui, quelque chose ne va pas. <\/p>\n<p>Avant le repas, il s\u2019est lav\u00e9 les mains, mais les serviettes en papier de mauvaise qualit\u00e9 dans le distributeur, \u00e9taient d\u00e9sagr\u00e9ables au toucher, ce qui l\u2019a mis de mauvaise humeur et tout d&rsquo;un coup, la nourriture ne semble plus aussi savoureuse et le service n&rsquo;est plus aussi bon. <\/p>\n<p>Une telle situation ne se serait pas produite si la direction avait rempli les distributeurs de serviettes en papier de bonne qualit\u00e9. <\/p>\n<p>+ Produit fabriqu\u00e9 \u00e0 partir de cellulose de qualit\u00e9, tr\u00e8s doux au toucher <\/p>\n<p>+ Votre peau appr\u00e9cie les sensations \u00e0 chaque contact <\/p>\n<p>+ Excellent pouvoir absorbant : il suffit de quelques feuilles pour s&rsquo;essuyer les mains, ce qui r\u00e9duit la consommation et les co\u00fbts <\/p>\n<p>+ De meilleurs r\u00e9sultats sont obtenus avec un distributeur (10.140.318) <\/p>\n<p>Ensemble, ces produits r\u00e9duiront la consommation de serviettes et les d\u00e9penses de la soci\u00e9t\u00e9. <\/p>\n<p>Assurez \u00e0 chaque fois la satisfaction de vos clients!<\/p>","protected":false},"excerpt":{"rendered":"<p>Une douceur que vous pouvez ressentir Il est int\u00e9ressant de voir comment une personne peut changer d\u2019avis sur un \u00e9tablissement \u00e0 cause d&rsquo;un d\u00e9tail. Par ex., Robert aimait ce caf\u00e9 \u00e0 c\u00f4t\u00e9 de son travail. Il avait du personnel sympa, un bon menu et \u00e9tai<\/p>","protected":false},"featured_media":31084,"comment_status":"open","ping_status":"closed","template":"","meta":[],"product_brand":[],"product_cat":[143],"product_tag":[],"class_list":{"0":"post-31085","1":"product","2":"type-product","3":"status-publish","4":"has-post-thumbnail","6":"product_cat-nettoyage","8":"first","9":"instock","10":"shipping-taxable","11":"purchasable","12":"product-type-simple"},"_links":{"self":[{"href":"https:\/\/topprixsarl.ch\/de\/wp-json\/wp\/v2\/product\/31085","targetHints":{"allow":["GET"]}}],"collection":[{"href":"https:\/\/topprixsarl.ch\/de\/wp-json\/wp\/v2\/product"}],"about":[{"href":"https:\/\/topprixsarl.ch\/de\/wp-json\/wp\/v2\/types\/product"}],"replies":[{"embeddable":true,"href":"https:\/\/topprixsarl.ch\/de\/wp-json\/wp\/v2\/comments?post=31085"}],"version-history":[{"count":3,"href":"https:\/\/topprixsarl.ch\/de\/wp-json\/wp\/v2\/product\/31085\/revisions"}],"predecessor-version":[{"id":33254,"href":"https:\/\/topprixsarl.ch\/de\/wp-json\/wp\/v2\/product\/31085\/revisions\/33254"}],"wp:featuredmedia":[{"embeddable":true,"href":"https:\/\/topprixsarl.ch\/de\/wp-json\/wp\/v2\/media\/31084"}],"wp:attachment":[{"href":"https:\/\/topprixsarl.ch\/de\/wp-json\/wp\/v2\/media?parent=31085"}],"wp:term":[{"taxonomy":"product_brand","embeddable":true,"href":"https:\/\/topprixsarl.ch\/de\/wp-json\/wp\/v2\/product_brand?post=31085"},{"taxonomy":"product_cat","embeddable":true,"href":"https:\/\/topprixsarl.ch\/de\/wp-json\/wp\/v2\/product_cat?post=31085"},{"taxonomy":"product_tag","embeddable":true,"href":"https:\/\/topprixsarl.ch\/de\/wp-json\/wp\/v2\/product_tag?post=31085"}],"curies":[{"name":"wp","href":"https:\/\/api.w.org\/{rel}","templated":true}]}}