{"id":31081,"date":"2026-01-09T14:53:48","date_gmt":"2026-01-09T14:53:48","guid":{"rendered":"https:\/\/topprixsarl.ch\/product\/nettoyant-vitres-pro-spray-de-750-ml\/"},"modified":"2026-01-14T14:19:18","modified_gmt":"2026-01-14T14:19:18","slug":"nettoyant-vitres-pro-spray-de-750-ml","status":"publish","type":"product","link":"https:\/\/topprixsarl.ch\/de\/product\/nettoyant-vitres-pro-spray-de-750-ml\/","title":{"rendered":"Nettoyant vitres Pro- spray de 750 ml"},"content":{"rendered":"<p>A quelques clics de la propret\u00e9<\/p>\n<p>Une fois par mois, un grand nettoyage est indispensable au bureau, il faut alors laver les tables et cadres de fen\u00eatres. Cette journ\u00e9e est toujours \u00e9prouvante pour l\u2019agent d\u2019entretien, qui passe beaucoup de temps \u00e0 accomplir la t\u00e2che au mieux de ses capacit\u00e9s. <\/p>\n<p>Il doit par ailleurs se munir de nombreux d\u00e9tergents pour nettoyer diverses surfaces, puis diluer chaque concentr\u00e9 dans la bonne quantit\u00e9 d&rsquo;eau, avant de pouvoir commencer le nettoyage.<\/p>\n<p>Mais, l\u2019utilisation du nettoyant d&rsquo;int\u00e9rieur Professional peut grandement faciliter le processus. <\/p>\n<p>+ Solution polyvalente : Gr\u00e2ce \u00e0 cette solution, vous n&rsquo;avez pas besoin de plusieurs bouteilles, une seule suffit. <\/p>\n<p>+ Adapt\u00e9 \u00e0 toutes les surfaces : Il convient \u00e0 toutes les surfaces (m\u00eame les meubles et les poign\u00e9es de porte). <\/p>\n<p>+ Pr\u00eat \u00e0 l&#8217;emploi : Le produit est pr\u00e9-m\u00e9lang\u00e9 et pr\u00eat \u00e0 l&#8217;emploi, vous pouvez donc imm\u00e9diatement commencer \u00e0 nettoyer et gagnez ainsi du temps.<\/p>\n<p>+ Efficacit\u00e9 rapide : Quelques clics suffisent pour que le nettoyeur agisse, pour ne laisser qu&rsquo;une surface propre et brillante. <\/p>\n<p>+ R\u00e9sultat parfait : Il ne vous reste plus qu&rsquo;\u00e0 l&rsquo;essuyer d\u00e9licatement et profiter d&rsquo;un r\u00e9sultat parfait sans taches ni marques et d&rsquo;un parfum frais d&rsquo;agrumes.<\/p>\n<p>Voyez comme la salet\u00e9 tenace dispara\u00eet comme par magie!<\/p>\n<p>12 bouteilles\/carton<br \/> 60 cartons\/palette (=720 bouteilles\/palette)<\/p>","protected":false},"excerpt":{"rendered":"<p>A quelques clics de la propret\u00e9 Une fois par mois, un grand nettoyage est indispensable au bureau, il faut alors laver les tables et cadres de fen\u00eatres. Cette journ\u00e9e est toujours \u00e9prouvante pour l\u2019agent d\u2019entretien, qui passe beaucoup de temps \u00e0 acc<\/p>","protected":false},"featured_media":31080,"comment_status":"open","ping_status":"closed","template":"","meta":[],"product_brand":[],"product_cat":[143],"product_tag":[],"class_list":{"0":"post-31081","1":"product","2":"type-product","3":"status-publish","4":"has-post-thumbnail","6":"product_cat-nettoyage","8":"first","9":"instock","10":"shipping-taxable","11":"purchasable","12":"product-type-simple"},"_links":{"self":[{"href":"https:\/\/topprixsarl.ch\/de\/wp-json\/wp\/v2\/product\/31081","targetHints":{"allow":["GET"]}}],"collection":[{"href":"https:\/\/topprixsarl.ch\/de\/wp-json\/wp\/v2\/product"}],"about":[{"href":"https:\/\/topprixsarl.ch\/de\/wp-json\/wp\/v2\/types\/product"}],"replies":[{"embeddable":true,"href":"https:\/\/topprixsarl.ch\/de\/wp-json\/wp\/v2\/comments?post=31081"}],"version-history":[{"count":3,"href":"https:\/\/topprixsarl.ch\/de\/wp-json\/wp\/v2\/product\/31081\/revisions"}],"predecessor-version":[{"id":33256,"href":"https:\/\/topprixsarl.ch\/de\/wp-json\/wp\/v2\/product\/31081\/revisions\/33256"}],"wp:featuredmedia":[{"embeddable":true,"href":"https:\/\/topprixsarl.ch\/de\/wp-json\/wp\/v2\/media\/31080"}],"wp:attachment":[{"href":"https:\/\/topprixsarl.ch\/de\/wp-json\/wp\/v2\/media?parent=31081"}],"wp:term":[{"taxonomy":"product_brand","embeddable":true,"href":"https:\/\/topprixsarl.ch\/de\/wp-json\/wp\/v2\/product_brand?post=31081"},{"taxonomy":"product_cat","embeddable":true,"href":"https:\/\/topprixsarl.ch\/de\/wp-json\/wp\/v2\/product_cat?post=31081"},{"taxonomy":"product_tag","embeddable":true,"href":"https:\/\/topprixsarl.ch\/de\/wp-json\/wp\/v2\/product_tag?post=31081"}],"curies":[{"name":"wp","href":"https:\/\/api.w.org\/{rel}","templated":true}]}}