{"id":31077,"date":"2026-01-09T14:53:14","date_gmt":"2026-01-09T14:53:14","guid":{"rendered":"https:\/\/topprixsarl.ch\/product\/nettoyant-neutre-sols-pro-ecolabel-bidon-de-5-l\/"},"modified":"2026-01-14T14:19:18","modified_gmt":"2026-01-14T14:19:18","slug":"nettoyant-neutre-sols-pro-ecolabel-bidon-de-5-l","status":"publish","type":"product","link":"https:\/\/topprixsarl.ch\/de\/product\/nettoyant-neutre-sols-pro-ecolabel-bidon-de-5-l\/","title":{"rendered":"Nettoyant neutre sols Pro- \u00e9colabel- bidon de 5 L"},"content":{"rendered":"<p>Une solution professionnelle contre la salet\u00e9 et les impuret\u00e9s. Vous n&rsquo;allez pas croire \u00e0 quel point le travail des agents de nettoyage est parfois difficile. Ainsi, ils ne sont pas seulement confront\u00e9s \u00e0 des sols poussi\u00e9reux, mais souvent aussi \u00e0 des salet\u00e9s tenaces- un v\u00e9ritable test de r\u00e9sistance pour les collaborateurs de l&rsquo;entreprise. <\/p>\n<p>Mais avec le nettoyeur de sol professionnel dans votre arsenal, ce n&rsquo;est pas un probl\u00e8me. <\/p>\n<p>+ Produit universel, convient \u00e0 tous les types de sols. <\/p>\n<p>Vous n&rsquo;avez donc plus besoin de stocker plusieurs bouteilles diff\u00e9rentes pour diff\u00e9rentes surfaces. Ainsi, m\u00eame la salet\u00e9 la plus tenace n&rsquo;a aucune chance. <\/p>\n<p>+ Odeur fra\u00eeche de pin, produit \u00e9cologique. <\/p>\n<p>Votre odorat et Dame Nature se r\u00e9jouissent \u00e9galement de l&rsquo;odeur fra\u00eeche de pin de ce produit \u00e9cologique. Associ\u00e9 \u00e0 un lavage automatique, ce nettoyant vous permet de faire le travail encore plus rapidement. <\/p>\n<p>+ Concentr\u00e9 tr\u00e8s efficace, longue dur\u00e9e. <\/p>\n<p>De plus, le concentr\u00e9 tr\u00e8s efficace est dilu\u00e9 dans de l&rsquo;eau, ce qui fait que la bouteille de 5 litres dure vraiment longtemps. <\/p>\n<p>+ Pompe de dosage disponible pour une efficacit\u00e9 optimale. <\/p>\n<p>De plus, une pompe de dosage est disponible pour une efficacit\u00e9 optimale et une r\u00e9duction des d\u00e9chets (11.060.967). <\/p>\n<p>Assurez une propret\u00e9 sans pr\u00e9c\u00e9dent ! <\/p>\n<p>*Produit dangereux. Respecter les pr\u00e9cautions d\u2019emploi indiqu\u00e9es sur la fiche de donn\u00e9es de s\u00e9curit\u00e9.*<\/p>","protected":false},"excerpt":{"rendered":"<p>Une solution professionnelle contre la salet\u00e9 et les impuret\u00e9s. Vous n&rsquo;allez pas croire \u00e0 quel point le travail des agents de nettoyage est parfois difficile. Ainsi, ils ne sont pas seulement confront\u00e9s \u00e0 des sols poussi\u00e9reux, mais souvent aussi \u00e0 de<\/p>","protected":false},"featured_media":31076,"comment_status":"open","ping_status":"closed","template":"","meta":[],"product_brand":[],"product_cat":[143],"product_tag":[],"class_list":{"0":"post-31077","1":"product","2":"type-product","3":"status-publish","4":"has-post-thumbnail","6":"product_cat-nettoyage","8":"first","9":"instock","10":"shipping-taxable","11":"purchasable","12":"product-type-simple"},"_links":{"self":[{"href":"https:\/\/topprixsarl.ch\/de\/wp-json\/wp\/v2\/product\/31077","targetHints":{"allow":["GET"]}}],"collection":[{"href":"https:\/\/topprixsarl.ch\/de\/wp-json\/wp\/v2\/product"}],"about":[{"href":"https:\/\/topprixsarl.ch\/de\/wp-json\/wp\/v2\/types\/product"}],"replies":[{"embeddable":true,"href":"https:\/\/topprixsarl.ch\/de\/wp-json\/wp\/v2\/comments?post=31077"}],"version-history":[{"count":3,"href":"https:\/\/topprixsarl.ch\/de\/wp-json\/wp\/v2\/product\/31077\/revisions"}],"predecessor-version":[{"id":33258,"href":"https:\/\/topprixsarl.ch\/de\/wp-json\/wp\/v2\/product\/31077\/revisions\/33258"}],"wp:featuredmedia":[{"embeddable":true,"href":"https:\/\/topprixsarl.ch\/de\/wp-json\/wp\/v2\/media\/31076"}],"wp:attachment":[{"href":"https:\/\/topprixsarl.ch\/de\/wp-json\/wp\/v2\/media?parent=31077"}],"wp:term":[{"taxonomy":"product_brand","embeddable":true,"href":"https:\/\/topprixsarl.ch\/de\/wp-json\/wp\/v2\/product_brand?post=31077"},{"taxonomy":"product_cat","embeddable":true,"href":"https:\/\/topprixsarl.ch\/de\/wp-json\/wp\/v2\/product_cat?post=31077"},{"taxonomy":"product_tag","embeddable":true,"href":"https:\/\/topprixsarl.ch\/de\/wp-json\/wp\/v2\/product_tag?post=31077"}],"curies":[{"name":"wp","href":"https:\/\/api.w.org\/{rel}","templated":true}]}}