{"id":31071,"date":"2026-01-09T14:52:27","date_gmt":"2026-01-09T14:52:27","guid":{"rendered":"https:\/\/topprixsarl.ch\/product\/nettoyant-detartrant-sanitaire-pro-ecolabel-spray-de-750-ml\/"},"modified":"2026-01-14T14:19:19","modified_gmt":"2026-01-14T14:19:19","slug":"nettoyant-detartrant-sanitaire-pro-ecolabel-spray-de-750-ml","status":"publish","type":"product","link":"https:\/\/topprixsarl.ch\/de\/product\/nettoyant-detartrant-sanitaire-pro-ecolabel-spray-de-750-ml\/","title":{"rendered":"Nettoyant d\u00e9tartrant sanitaire Pro- \u00e9colabel- spray de 750 ml"},"content":{"rendered":"<p>Une solution brillante au bout des doigts<\/p>\n<p>Vous aimez nettoyer le bureau, parce que vous connaissez l&rsquo;importance d&rsquo;un espace de travail propre. Il est aussi agr\u00e9able de faire partie d&rsquo;une grande \u00e9quipe. Le matin, vos coll\u00e8gues vous remercient pour votre sens de l\u2019ordre. Par contre, le nettoyage des toilettes et de la plomberie devient un supplice.<\/p>\n<p>Heureusement, vous avez d\u00e9sormais le nettoyant sanitaire Professional qui facilite grandement votre travail. Prenez le flacon en main (sa forme ergonomique est pratique \u00e0 utiliser avec des gants) et appuyez sur la g\u00e2chette. Le spray couvre une grande surface et agit imm\u00e9diatement.<\/p>\n<p>Sa formule douce \u00e0 base d&rsquo;acide permet une propret\u00e9 impeccable et \u00e9limine simplement les traces de salet\u00e9, de crasse, de savon ou de sel. Apr\u00e8s utilisation, nul besoin de rincer la surface, asseyez-vous, admirez l&rsquo;excellent r\u00e9sultat et profitez de l&rsquo;agr\u00e9able ar\u00f4me d\u00e9licat.<\/p>\n<p>Ne craignez pas de nuire \u00e0 la nature ou aux ressources en eau, ce produit a le label \u00e9cologique de l&rsquo;UE et son utilisation a un impact minimal sur l&rsquo;environnement.<\/p>\n<p>Transformez un travail d\u00e9sagr\u00e9able en un simple divertissement!<\/p>\n<p>+ 12 bouteilles \/ carton<br \/> + 60 cartons \/ palette (=720 bouteilles \/ palette)<\/p>","protected":false},"excerpt":{"rendered":"<p>Une solution brillante au bout des doigts Vous aimez nettoyer le bureau, parce que vous connaissez l&rsquo;importance d&rsquo;un espace de travail propre. Il est aussi agr\u00e9able de faire partie d&rsquo;une grande \u00e9quipe. Le matin, vos coll\u00e8gues vous remercient pour vot<\/p>","protected":false},"featured_media":31070,"comment_status":"open","ping_status":"closed","template":"","meta":[],"product_brand":[],"product_cat":[143],"product_tag":[],"class_list":{"0":"post-31071","1":"product","2":"type-product","3":"status-publish","4":"has-post-thumbnail","6":"product_cat-nettoyage","8":"first","9":"instock","10":"shipping-taxable","11":"purchasable","12":"product-type-simple"},"_links":{"self":[{"href":"https:\/\/topprixsarl.ch\/de\/wp-json\/wp\/v2\/product\/31071","targetHints":{"allow":["GET"]}}],"collection":[{"href":"https:\/\/topprixsarl.ch\/de\/wp-json\/wp\/v2\/product"}],"about":[{"href":"https:\/\/topprixsarl.ch\/de\/wp-json\/wp\/v2\/types\/product"}],"replies":[{"embeddable":true,"href":"https:\/\/topprixsarl.ch\/de\/wp-json\/wp\/v2\/comments?post=31071"}],"version-history":[{"count":3,"href":"https:\/\/topprixsarl.ch\/de\/wp-json\/wp\/v2\/product\/31071\/revisions"}],"predecessor-version":[{"id":33261,"href":"https:\/\/topprixsarl.ch\/de\/wp-json\/wp\/v2\/product\/31071\/revisions\/33261"}],"wp:featuredmedia":[{"embeddable":true,"href":"https:\/\/topprixsarl.ch\/de\/wp-json\/wp\/v2\/media\/31070"}],"wp:attachment":[{"href":"https:\/\/topprixsarl.ch\/de\/wp-json\/wp\/v2\/media?parent=31071"}],"wp:term":[{"taxonomy":"product_brand","embeddable":true,"href":"https:\/\/topprixsarl.ch\/de\/wp-json\/wp\/v2\/product_brand?post=31071"},{"taxonomy":"product_cat","embeddable":true,"href":"https:\/\/topprixsarl.ch\/de\/wp-json\/wp\/v2\/product_cat?post=31071"},{"taxonomy":"product_tag","embeddable":true,"href":"https:\/\/topprixsarl.ch\/de\/wp-json\/wp\/v2\/product_tag?post=31071"}],"curies":[{"name":"wp","href":"https:\/\/api.w.org\/{rel}","templated":true}]}}