{"id":31069,"date":"2026-01-09T14:52:12","date_gmt":"2026-01-09T14:52:12","guid":{"rendered":"https:\/\/topprixsarl.ch\/product\/nettoyant-detartrant-sanitaire-concentre-pro-ecolabel-flacon-de-1-l\/"},"modified":"2026-01-14T14:19:19","modified_gmt":"2026-01-14T14:19:19","slug":"nettoyant-detartrant-sanitaire-concentre-pro-ecolabel-flacon-de-1-l","status":"publish","type":"product","link":"https:\/\/topprixsarl.ch\/de\/product\/nettoyant-detartrant-sanitaire-concentre-pro-ecolabel-flacon-de-1-l\/","title":{"rendered":"Nettoyant d\u00e9tartrant sanitaire concentr\u00e9 Pro- \u00e9colabel- flacon de 1 L"},"content":{"rendered":"<p>Destructeur de microbes et de tartre<\/p>\n<p>Chaque \u00e9tablissement, dirig\u00e9 par Steven, a connu un grand succ\u00e8s et a attir\u00e9 un grand nombre de visiteurs. Pourquoi? Parce qu&rsquo;il suivait une r\u00e8gle de base: \u00able client a toujours raison et doit repartir satisfait\u00bb. <\/p>\n<p>Bien s\u00fbr, diff\u00e9rentes m\u00e9thodes sont utilis\u00e9es dans divers secteurs, mais quand il s&rsquo;agit de la propret\u00e9 des toilettes, un seul nettoyant suffit: Pro. <\/p>\n<p>Ce d\u00e9tergent pr\u00e9sente de nombreux avantages. <\/p>\n<p>+ Polyvalent, il convient \u00e0 toutes les surfaces r\u00e9sistant aux acides, dont les lavabos, cuvettes de toilette et autre plomberie. <\/p>\n<p>+ Efficace: m\u00eame la crasse tenace, la salet\u00e9 ou les r\u00e9sidus de savon disparaissent en quelques secondes. <\/p>\n<p>+ Son utilisation ravit non seulement les yeux, mais aussi le nez. Un ar\u00f4me d\u00e9licat plane d\u00e9sormais dans l&rsquo;air, transformant les toilettes en un lieu de confort supr\u00eame.<\/p>\n<p>+ Choix \u00e9conomique: le liquide concentr\u00e9 d&rsquo;une bouteille d\u2019un litre, une fois dilu\u00e9 dans l&rsquo;eau (un bouchon sp\u00e9cial permet de mesurer la dose souhait\u00e9e), durera longtemps. <\/p>\n<p>+ Respectueux de l&rsquo;environnement: son utilisation a un impact minimal sur la nature.<\/p>\n<p>Transformez une salle de bain en un lieu d&rsquo;une propret\u00e9 parfaite!<\/p>\n<p>12 bouteilles \/ carton<\/p>\n<p>45 cartons \/ palette (= 540 bouteilles \/ palette)<\/p>","protected":false},"excerpt":{"rendered":"<p>Destructeur de microbes et de tartre Chaque \u00e9tablissement, dirig\u00e9 par Steven, a connu un grand succ\u00e8s et a attir\u00e9 un grand nombre de visiteurs. Pourquoi? Parce qu&rsquo;il suivait une r\u00e8gle de base: \u00able client a toujours raison et doit repartir satisfait\u00bb.<\/p>","protected":false},"featured_media":31068,"comment_status":"open","ping_status":"closed","template":"","meta":[],"product_brand":[],"product_cat":[143],"product_tag":[],"class_list":{"0":"post-31069","1":"product","2":"type-product","3":"status-publish","4":"has-post-thumbnail","6":"product_cat-nettoyage","8":"first","9":"instock","10":"shipping-taxable","11":"purchasable","12":"product-type-simple"},"_links":{"self":[{"href":"https:\/\/topprixsarl.ch\/de\/wp-json\/wp\/v2\/product\/31069","targetHints":{"allow":["GET"]}}],"collection":[{"href":"https:\/\/topprixsarl.ch\/de\/wp-json\/wp\/v2\/product"}],"about":[{"href":"https:\/\/topprixsarl.ch\/de\/wp-json\/wp\/v2\/types\/product"}],"replies":[{"embeddable":true,"href":"https:\/\/topprixsarl.ch\/de\/wp-json\/wp\/v2\/comments?post=31069"}],"version-history":[{"count":3,"href":"https:\/\/topprixsarl.ch\/de\/wp-json\/wp\/v2\/product\/31069\/revisions"}],"predecessor-version":[{"id":33262,"href":"https:\/\/topprixsarl.ch\/de\/wp-json\/wp\/v2\/product\/31069\/revisions\/33262"}],"wp:featuredmedia":[{"embeddable":true,"href":"https:\/\/topprixsarl.ch\/de\/wp-json\/wp\/v2\/media\/31068"}],"wp:attachment":[{"href":"https:\/\/topprixsarl.ch\/de\/wp-json\/wp\/v2\/media?parent=31069"}],"wp:term":[{"taxonomy":"product_brand","embeddable":true,"href":"https:\/\/topprixsarl.ch\/de\/wp-json\/wp\/v2\/product_brand?post=31069"},{"taxonomy":"product_cat","embeddable":true,"href":"https:\/\/topprixsarl.ch\/de\/wp-json\/wp\/v2\/product_cat?post=31069"},{"taxonomy":"product_tag","embeddable":true,"href":"https:\/\/topprixsarl.ch\/de\/wp-json\/wp\/v2\/product_tag?post=31069"}],"curies":[{"name":"wp","href":"https:\/\/api.w.org\/{rel}","templated":true}]}}