{"id":31067,"date":"2026-01-09T14:51:58","date_gmt":"2026-01-09T14:51:58","guid":{"rendered":"https:\/\/topprixsarl.ch\/product\/nettoyant-detartrant-sanitaire-concentre-pro-ecolabel-bidon-de-5-l\/"},"modified":"2026-01-14T14:19:19","modified_gmt":"2026-01-14T14:19:19","slug":"nettoyant-detartrant-sanitaire-concentre-pro-ecolabel-bidon-de-5-l","status":"publish","type":"product","link":"https:\/\/topprixsarl.ch\/de\/product\/nettoyant-detartrant-sanitaire-concentre-pro-ecolabel-bidon-de-5-l\/","title":{"rendered":"Nettoyant d\u00e9tartrant sanitaire concentr\u00e9 Pro- \u00e9colabel- bidon de 5 L"},"content":{"rendered":"<p>Une salle de bains plus brillante que les \u00e9toiles<\/p>\n<p>Depuis quand n&rsquo;avez-vous pas \u00e9t\u00e9 agr\u00e9ablement surpris par une salle de bains? Sam a v\u00e9cu cette exp\u00e9rience aujourd&rsquo;hui. Il est int\u00e9ressant de noter que rien n&rsquo;avait chang\u00e9 sur le plan esth\u00e9tique, y aller semblait simplement plus l\u00e9ger, plus frais et plus agr\u00e9able. Il en a vite d\u00e9couvert la raison: l\u2019agent d\u2019entretien avait chang\u00e9 de d\u00e9tergent.<\/p>\n<p>+ Nettoyant sanitaire Pro assure une propret\u00e9 parfaite et garantit une brillance \u00e9tincelante dans toute la salle de bains.<\/p>\n<p>+ Formule acide tr\u00e8s efficace \u00e9limine tous les types de contamination sur toutes les surfaces.<\/p>\n<p>+ \u00c9limine les d\u00e9p\u00f4ts de calcaire, les traces de dentifrice et de savon sur le lavabo ou les toilettes.<\/p>\n<p>+ Les robinets et tuyaux m\u00e9talliques brillent comme neufs.<\/p>\n<p>Une petite dose, dilu\u00e9e dans l&rsquo;eau (le produit est concentr\u00e9) suffit pour supprimer m\u00eame les salet\u00e9s les plus tenaces. Ainsi, la bouteille de 5l gardera vos toilettes impeccables pendant des mois.<\/p>\n<p>+ Ar\u00f4me l\u00e9ger et frais remplace les mauvaises odeurs dans l&rsquo;air.<\/p>\n<p>Gardez l\u2019esprit tranquille car le produit Pro porte le label \u00e9cologique de l&rsquo;UE, ce qui montre l&rsquo;engagement de la soci\u00e9t\u00e9 en faveur des produits durables.<\/p>\n<p>Transformez la vieille plomberie en objets d&rsquo;admiration!<\/p>","protected":false},"excerpt":{"rendered":"<p>Une salle de bains plus brillante que les \u00e9toiles Depuis quand n&rsquo;avez-vous pas \u00e9t\u00e9 agr\u00e9ablement surpris par une salle de bains? Sam a v\u00e9cu cette exp\u00e9rience aujourd&rsquo;hui. Il est int\u00e9ressant de noter que rien n&rsquo;avait chang\u00e9 sur le plan esth\u00e9tique, y all<\/p>","protected":false},"featured_media":31066,"comment_status":"open","ping_status":"closed","template":"","meta":[],"product_brand":[],"product_cat":[143],"product_tag":[],"class_list":{"0":"post-31067","1":"product","2":"type-product","3":"status-publish","4":"has-post-thumbnail","6":"product_cat-nettoyage","8":"first","9":"instock","10":"shipping-taxable","11":"purchasable","12":"product-type-simple"},"_links":{"self":[{"href":"https:\/\/topprixsarl.ch\/de\/wp-json\/wp\/v2\/product\/31067","targetHints":{"allow":["GET"]}}],"collection":[{"href":"https:\/\/topprixsarl.ch\/de\/wp-json\/wp\/v2\/product"}],"about":[{"href":"https:\/\/topprixsarl.ch\/de\/wp-json\/wp\/v2\/types\/product"}],"replies":[{"embeddable":true,"href":"https:\/\/topprixsarl.ch\/de\/wp-json\/wp\/v2\/comments?post=31067"}],"version-history":[{"count":3,"href":"https:\/\/topprixsarl.ch\/de\/wp-json\/wp\/v2\/product\/31067\/revisions"}],"predecessor-version":[{"id":33263,"href":"https:\/\/topprixsarl.ch\/de\/wp-json\/wp\/v2\/product\/31067\/revisions\/33263"}],"wp:featuredmedia":[{"embeddable":true,"href":"https:\/\/topprixsarl.ch\/de\/wp-json\/wp\/v2\/media\/31066"}],"wp:attachment":[{"href":"https:\/\/topprixsarl.ch\/de\/wp-json\/wp\/v2\/media?parent=31067"}],"wp:term":[{"taxonomy":"product_brand","embeddable":true,"href":"https:\/\/topprixsarl.ch\/de\/wp-json\/wp\/v2\/product_brand?post=31067"},{"taxonomy":"product_cat","embeddable":true,"href":"https:\/\/topprixsarl.ch\/de\/wp-json\/wp\/v2\/product_cat?post=31067"},{"taxonomy":"product_tag","embeddable":true,"href":"https:\/\/topprixsarl.ch\/de\/wp-json\/wp\/v2\/product_tag?post=31067"}],"curies":[{"name":"wp","href":"https:\/\/api.w.org\/{rel}","templated":true}]}}