{"id":31065,"date":"2026-01-09T14:51:42","date_gmt":"2026-01-09T14:51:42","guid":{"rendered":"https:\/\/topprixsarl.ch\/product\/nettoyant-multi-surfaces-pro-flacon-de-1-l\/"},"modified":"2026-01-14T14:19:19","modified_gmt":"2026-01-14T14:19:19","slug":"nettoyant-multi-surfaces-pro-flacon-de-1-l","status":"publish","type":"product","link":"https:\/\/topprixsarl.ch\/de\/product\/nettoyant-multi-surfaces-pro-flacon-de-1-l\/","title":{"rendered":"Nettoyant multi-surfaces Pro- flacon de 1 L"},"content":{"rendered":"<p>Un assistant efficace, Michael a r\u00e9cemment commenc\u00e9 \u00e0 travailler comme agent d\u2019entretien au bureau. Il a d\u00fb retirer la vieille salet\u00e9 de tous les cadres de fen\u00eatres, nettoyer le mobilier de bureau et les sols. Le bureau semble \u00e0 pr\u00e9sent parfait et les patrons sont extr\u00eamement satisfaits de son travail. Michael aurait d\u00fb y consacrer beaucoup de temps et d&rsquo;efforts, mais il a sorti son arme secr\u00e8te.<\/p>\n<p>+ Nettoyant d&rsquo;int\u00e9rieur Professional : a rendu ce travail amusant.<\/p>\n<p>+ D\u00e9tergent universel : id\u00e9al pour toutes les surfaces de bureau.<\/p>\n<p>+ Tr\u00e8s efficace : traite rapidement toutes les salet\u00e9s et ne laisse qu&rsquo;une surface propre, sans graisse.<\/p>\n<p>+ Parfum agr\u00e9able : le lieu de travail est d\u00e9sormais agr\u00e9able, un r\u00e9gal pour les yeux et le nez gr\u00e2ce au d\u00e9licat parfum d&rsquo;agrumes.<\/p>\n<p>+ Produit concentr\u00e9 : apr\u00e8s dilution de la formule tr\u00e8s efficace, votre espace de bureau restera longtemps propre, m\u00eame avec une petite bouteille (1l).<\/p>\n<p>+ \u00c9cologique : ne craignez pas les dommages caus\u00e9s \u00e0 l&rsquo;environnement, le produit respecte l&rsquo;environnement et porte le label \u00e9cologique de l&rsquo;UE.<\/p>\n<p>Cr\u00e9ez un lieu de travail propre et frais!<\/p>\n<p>12 bouteilles \/ carton<\/p>\n<p>45 cartons \/ palette (=540 bouteilles \/ palette)<\/p>\n<p>Ein gef\u00e4hrliches Produkt. Beachten Sie die Vorsichtsma\u00dfnahmen auf dem Sicherheitsdatenblatt.*.<\/p>","protected":false},"excerpt":{"rendered":"<p>Un assistant efficace Michael a r\u00e9cemment commenc\u00e9 \u00e0 travailler comme agent d\u2019entretien au bureau. Il a d\u00fb retirer la vieille salet\u00e9 de tous les cadres de fen\u00eatres, nettoyer le mobilier de bureau et les sols. Le bureau semble \u00e0 pr\u00e9sent parfait et les<\/p>","protected":false},"featured_media":31064,"comment_status":"open","ping_status":"closed","template":"","meta":[],"product_brand":[],"product_cat":[143],"product_tag":[],"class_list":{"0":"post-31065","1":"product","2":"type-product","3":"status-publish","4":"has-post-thumbnail","6":"product_cat-nettoyage","8":"first","9":"instock","10":"shipping-taxable","11":"purchasable","12":"product-type-simple"},"_links":{"self":[{"href":"https:\/\/topprixsarl.ch\/de\/wp-json\/wp\/v2\/product\/31065","targetHints":{"allow":["GET"]}}],"collection":[{"href":"https:\/\/topprixsarl.ch\/de\/wp-json\/wp\/v2\/product"}],"about":[{"href":"https:\/\/topprixsarl.ch\/de\/wp-json\/wp\/v2\/types\/product"}],"replies":[{"embeddable":true,"href":"https:\/\/topprixsarl.ch\/de\/wp-json\/wp\/v2\/comments?post=31065"}],"version-history":[{"count":3,"href":"https:\/\/topprixsarl.ch\/de\/wp-json\/wp\/v2\/product\/31065\/revisions"}],"predecessor-version":[{"id":33264,"href":"https:\/\/topprixsarl.ch\/de\/wp-json\/wp\/v2\/product\/31065\/revisions\/33264"}],"wp:featuredmedia":[{"embeddable":true,"href":"https:\/\/topprixsarl.ch\/de\/wp-json\/wp\/v2\/media\/31064"}],"wp:attachment":[{"href":"https:\/\/topprixsarl.ch\/de\/wp-json\/wp\/v2\/media?parent=31065"}],"wp:term":[{"taxonomy":"product_brand","embeddable":true,"href":"https:\/\/topprixsarl.ch\/de\/wp-json\/wp\/v2\/product_brand?post=31065"},{"taxonomy":"product_cat","embeddable":true,"href":"https:\/\/topprixsarl.ch\/de\/wp-json\/wp\/v2\/product_cat?post=31065"},{"taxonomy":"product_tag","embeddable":true,"href":"https:\/\/topprixsarl.ch\/de\/wp-json\/wp\/v2\/product_tag?post=31065"}],"curies":[{"name":"wp","href":"https:\/\/api.w.org\/{rel}","templated":true}]}}