{"id":31057,"date":"2026-01-09T14:50:44","date_gmt":"2026-01-09T14:50:44","guid":{"rendered":"https:\/\/topprixsarl.ch\/product\/crochet-l-rectangulaire-waterproof-tesa-powerstrip-adhesif-metal-chrome\/"},"modified":"2026-01-14T14:19:19","modified_gmt":"2026-01-14T14:19:19","slug":"crochet-l-rectangulaire-waterproof-tesa-powerstrip-adhesif-metal-chrome","status":"publish","type":"product","link":"https:\/\/topprixsarl.ch\/de\/product\/crochet-l-rectangulaire-waterproof-tesa-powerstrip-adhesif-metal-chrome\/","title":{"rendered":"Tesa Powerstrip Waterproof L-Haken, rechteckig - selbstklebend - verchromtes Metall"},"content":{"rendered":"<p>\u00c9l\u00e9gance et fonctionnalit\u00e9 vont de pair.<\/p>\n<p>C\u2019est \u00e9trange, mais depuis la r\u00e9novation de votre installation, vos h\u00f4tes mettent plus souvent leurs serviettes au sale. Tous les matins, la femme de m\u00e9nage ramasse le tas sur le sol. Mais pourquoi cette augmentation soudaine? Apr\u00e8s la remise \u00e0 neuf, les crochets porte-serviettes ont \u00e9t\u00e9 n\u00e9glig\u00e9s dans les plans.<\/p>\n<p>Heureusement, il y a les crochets Tesa. Leur conception permet de les fixer rapidement et facilement au mur. <\/p>\n<p>+ Crochets auto-adh\u00e9sifs adapt\u00e9s au carrelage, aux surfaces en verre, m\u00e9tal ou bois.<br \/>\n+ Pr\u00eats \u00e0 l&#8217;emploi d\u00e8s le matin (apr\u00e8s 12 heures).<br \/>\n+ Crochet solide r\u00e9sistant m\u00eame sous le poids d\u2019une lourde serviette mouill\u00e9e.<br \/>\n+ D\u00e9tachables et amovibles sans ab\u00eemer le mur.  <\/p>\n<p>L&rsquo;\u00e9l\u00e9gant design en acier inoxydable ajoutera de la classe \u00e0 tout int\u00e9rieur. <\/p>\n<p>+ Style intemporel, r\u00e9sistant \u00e0 l&rsquo;humidit\u00e9 et \u00e0 la rouille.  <\/p>\n<p>Gardez un \u0153il sur les d\u00e9tails! C&rsquo;est tr\u00e8s appr\u00e9ci\u00e9!<\/p>","protected":false},"excerpt":{"rendered":"<p>\u00c9l\u00e9gance et fonctionnalit\u00e9 vont de pair C\u2019est \u00e9trange, mais depuis la r\u00e9novation de votre installation, vos h\u00f4tes mettent plus souvent leurs serviettes au sale. Tous les matins, la femme de m\u00e9nage ramasse le tas sur le sol. Mais pourquoi cette augmen<\/p>","protected":false},"featured_media":31056,"comment_status":"open","ping_status":"closed","template":"","meta":[],"product_brand":[],"product_cat":[142],"product_tag":[],"class_list":{"0":"post-31057","1":"product","2":"type-product","3":"status-publish","4":"has-post-thumbnail","6":"product_cat-entretien","8":"first","9":"instock","10":"shipping-taxable","11":"purchasable","12":"product-type-simple"},"_links":{"self":[{"href":"https:\/\/topprixsarl.ch\/de\/wp-json\/wp\/v2\/product\/31057","targetHints":{"allow":["GET"]}}],"collection":[{"href":"https:\/\/topprixsarl.ch\/de\/wp-json\/wp\/v2\/product"}],"about":[{"href":"https:\/\/topprixsarl.ch\/de\/wp-json\/wp\/v2\/types\/product"}],"replies":[{"embeddable":true,"href":"https:\/\/topprixsarl.ch\/de\/wp-json\/wp\/v2\/comments?post=31057"}],"version-history":[{"count":2,"href":"https:\/\/topprixsarl.ch\/de\/wp-json\/wp\/v2\/product\/31057\/revisions"}],"predecessor-version":[{"id":32880,"href":"https:\/\/topprixsarl.ch\/de\/wp-json\/wp\/v2\/product\/31057\/revisions\/32880"}],"wp:featuredmedia":[{"embeddable":true,"href":"https:\/\/topprixsarl.ch\/de\/wp-json\/wp\/v2\/media\/31056"}],"wp:attachment":[{"href":"https:\/\/topprixsarl.ch\/de\/wp-json\/wp\/v2\/media?parent=31057"}],"wp:term":[{"taxonomy":"product_brand","embeddable":true,"href":"https:\/\/topprixsarl.ch\/de\/wp-json\/wp\/v2\/product_brand?post=31057"},{"taxonomy":"product_cat","embeddable":true,"href":"https:\/\/topprixsarl.ch\/de\/wp-json\/wp\/v2\/product_cat?post=31057"},{"taxonomy":"product_tag","embeddable":true,"href":"https:\/\/topprixsarl.ch\/de\/wp-json\/wp\/v2\/product_tag?post=31057"}],"curies":[{"name":"wp","href":"https:\/\/api.w.org\/{rel}","templated":true}]}}