{"id":31049,"date":"2026-01-09T14:49:34","date_gmt":"2026-01-09T14:49:34","guid":{"rendered":"https:\/\/topprixsarl.ch\/product\/stylo-a-bille-caran-dache-849-brut-rose\/"},"modified":"2026-01-14T14:19:20","modified_gmt":"2026-01-14T14:19:20","slug":"stylo-a-bille-caran-dache-849-brut-rose","status":"publish","type":"product","link":"https:\/\/topprixsarl.ch\/de\/product\/stylo-a-bille-caran-dache-849-brut-rose\/","title":{"rendered":"Stylo \u00e0 bille Caran d&rsquo;Ache 849 Brut ros\u00e9"},"content":{"rendered":"<p>Pour conf\u00e9rer une certaine classe \u00e0 votre \u00e9criture, optez pour l&rsquo;instrument d&rsquo;\u00e9criture exclusif de la marque Caran d&rsquo;Ache. Professionnel dans les moindres d\u00e9tails, cet accessoire noble devrait \u00e9galement \u00eatre utilis\u00e9 en dehors de votre bureau.<\/p>\n<p>+ Design de haute qualit\u00e9 qui impressionne visuellement<br \/>\n+ Support compact pour une \u00e9criture fluide  <\/p>\n<p>Utilisez-le lors de rendez-vous ou lors de r\u00e9unions et vous impressionnerez vos clients ainsi que vos coll\u00e8gues. Une encre p\u00e2teuse rend ce produit particuli\u00e8rement fonctionnel. Gr\u00e2ce \u00e0 la pointe ogive r\u00e9sistante, l&rsquo;encre s&rsquo;applique facilement de mani\u00e8re r\u00e9guli\u00e8re sur le support. <\/p>\n<p>+ Couleur bleue sobre et classique<br \/>\n+ Rechargeable pour \u00e9viter les d\u00e9chets d&#8217;emballage  <\/p>\n<p>Utilisez toujours cet accessoire lorsqu&rsquo;il faut faire preuve de vari\u00e9t\u00e9. Car l&rsquo;instrument d&rsquo;\u00e9criture exclusif de la marque Caran d&rsquo;Ache est fait pour la perfection. <\/p>\n<p>+ R\u00e9sultat parfaitement visible avec une longue dur\u00e9e de vie<br \/>\n+ Design polyvalent pour diff\u00e9rentes t\u00e2ches  <\/p>\n<p>Optez pour un outil qui vous convaincra d\u00e8s le premier jour!<\/p>","protected":false},"excerpt":{"rendered":"<p>Pour conf\u00e9rer une certaine classe \u00e0 votre \u00e9criture Professionnel dans les moindres d\u00e9tails! Avec l&rsquo;instrument d&rsquo;\u00e9criture exclusif de la marque Caran d&rsquo;Ache, vous b\u00e9n\u00e9ficiez d&rsquo;un accessoire noble, qui devrait \u00e9galement \u00eatre utilis\u00e9 en dehors de votre <\/p>","protected":false},"featured_media":31048,"comment_status":"open","ping_status":"closed","template":"","meta":[],"product_brand":[],"product_cat":[137],"product_tag":[],"class_list":{"0":"post-31049","1":"product","2":"type-product","3":"status-publish","4":"has-post-thumbnail","6":"product_cat-article-offic","8":"first","9":"instock","10":"shipping-taxable","11":"purchasable","12":"product-type-simple"},"_links":{"self":[{"href":"https:\/\/topprixsarl.ch\/de\/wp-json\/wp\/v2\/product\/31049","targetHints":{"allow":["GET"]}}],"collection":[{"href":"https:\/\/topprixsarl.ch\/de\/wp-json\/wp\/v2\/product"}],"about":[{"href":"https:\/\/topprixsarl.ch\/de\/wp-json\/wp\/v2\/types\/product"}],"replies":[{"embeddable":true,"href":"https:\/\/topprixsarl.ch\/de\/wp-json\/wp\/v2\/comments?post=31049"}],"version-history":[{"count":2,"href":"https:\/\/topprixsarl.ch\/de\/wp-json\/wp\/v2\/product\/31049\/revisions"}],"predecessor-version":[{"id":32875,"href":"https:\/\/topprixsarl.ch\/de\/wp-json\/wp\/v2\/product\/31049\/revisions\/32875"}],"wp:featuredmedia":[{"embeddable":true,"href":"https:\/\/topprixsarl.ch\/de\/wp-json\/wp\/v2\/media\/31048"}],"wp:attachment":[{"href":"https:\/\/topprixsarl.ch\/de\/wp-json\/wp\/v2\/media?parent=31049"}],"wp:term":[{"taxonomy":"product_brand","embeddable":true,"href":"https:\/\/topprixsarl.ch\/de\/wp-json\/wp\/v2\/product_brand?post=31049"},{"taxonomy":"product_cat","embeddable":true,"href":"https:\/\/topprixsarl.ch\/de\/wp-json\/wp\/v2\/product_cat?post=31049"},{"taxonomy":"product_tag","embeddable":true,"href":"https:\/\/topprixsarl.ch\/de\/wp-json\/wp\/v2\/product_tag?post=31049"}],"curies":[{"name":"wp","href":"https:\/\/api.w.org\/{rel}","templated":true}]}}