{"id":31047,"date":"2026-01-09T14:49:18","date_gmt":"2026-01-09T14:49:18","guid":{"rendered":"https:\/\/topprixsarl.ch\/product\/film-etirable-handy-wrap-o75-cm-film-150-m-epaisseur-23%c2%b5m\/"},"modified":"2026-01-14T14:19:20","modified_gmt":"2026-01-14T14:19:20","slug":"film-etirable-handy-wrap-o75-cm-film-150-m-epaisseur-23%c2%b5m","status":"publish","type":"product","link":"https:\/\/topprixsarl.ch\/de\/product\/film-etirable-handy-wrap-o75-cm-film-150-m-epaisseur-23%c2%b5m\/","title":{"rendered":"Film \u00e9tirable Handy-Wrap \u00d87,5 cm, film: 150 m, \u00e9paisseur 23\u00b5m"},"content":{"rendered":"<p>Excellente aide pour n&rsquo;importe quel paquet. <\/p>\n<p>Une bo\u00eete seule ne suffit pas toujours pour une protection maximale d&rsquo;un colis de valeur, car il peut souvent \u00eatre endommag\u00e9 pendant le transport. Le carton devient facilement humide, il absorbe l&rsquo;eau. <\/p>\n<p>Si vous voulez \u00eatre s\u00fbr qu&rsquo;il sera livr\u00e9 en parfait \u00e9tat, utilisez cet emballage parfait pour les palettes, les bo\u00eetes et d&rsquo;autres objets facilement et sans stress. <\/p>\n<p>+ Il remplit plusieurs fonctions, en particulier, l&#8217;emballage prot\u00e8ge, fixe et emballe les objets de valeur pendant le transport. <\/p>\n<p>+ Moins de risques d&rsquo;endommager le contenu pendant la livraison.<\/p>\n<p>Avec sa longueur de 150 m\u00e8tres, imaginez le nombre de bo\u00eetes que vous pouvez emballer avec un seul rouleau. C&rsquo;est impressionnant, surtout si vous l&rsquo;utilisez avec une poign\u00e9e pratique. <\/p>\n<p>+ Il convient aux surfaces d\u00e9licates car l\u2019emballage ne laisse aucune trace d&rsquo;adh\u00e9sif, contrairement au ruban adh\u00e9sif.<\/p>\n<p>Emballez les choses facilement pour une meilleure protection!<\/p>","protected":false},"excerpt":{"rendered":"<p>Excellente aide pour n&rsquo;importe quel paquet Une bo\u00eete seule ne suffit pas toujours pour une protection maximale d&rsquo;un colis de valeur, car il peut souvent \u00eatre endommag\u00e9 pendant le transport. Le carton devient facilement humide, il absorbe l&rsquo;eau. Si vo<\/p>","protected":false},"featured_media":31046,"comment_status":"open","ping_status":"closed","template":"","meta":[],"product_brand":[],"product_cat":[143],"product_tag":[],"class_list":{"0":"post-31047","1":"product","2":"type-product","3":"status-publish","4":"has-post-thumbnail","6":"product_cat-nettoyage","8":"first","9":"instock","10":"shipping-taxable","11":"purchasable","12":"product-type-simple"},"_links":{"self":[{"href":"https:\/\/topprixsarl.ch\/de\/wp-json\/wp\/v2\/product\/31047","targetHints":{"allow":["GET"]}}],"collection":[{"href":"https:\/\/topprixsarl.ch\/de\/wp-json\/wp\/v2\/product"}],"about":[{"href":"https:\/\/topprixsarl.ch\/de\/wp-json\/wp\/v2\/types\/product"}],"replies":[{"embeddable":true,"href":"https:\/\/topprixsarl.ch\/de\/wp-json\/wp\/v2\/comments?post=31047"}],"version-history":[{"count":2,"href":"https:\/\/topprixsarl.ch\/de\/wp-json\/wp\/v2\/product\/31047\/revisions"}],"predecessor-version":[{"id":32874,"href":"https:\/\/topprixsarl.ch\/de\/wp-json\/wp\/v2\/product\/31047\/revisions\/32874"}],"wp:featuredmedia":[{"embeddable":true,"href":"https:\/\/topprixsarl.ch\/de\/wp-json\/wp\/v2\/media\/31046"}],"wp:attachment":[{"href":"https:\/\/topprixsarl.ch\/de\/wp-json\/wp\/v2\/media?parent=31047"}],"wp:term":[{"taxonomy":"product_brand","embeddable":true,"href":"https:\/\/topprixsarl.ch\/de\/wp-json\/wp\/v2\/product_brand?post=31047"},{"taxonomy":"product_cat","embeddable":true,"href":"https:\/\/topprixsarl.ch\/de\/wp-json\/wp\/v2\/product_cat?post=31047"},{"taxonomy":"product_tag","embeddable":true,"href":"https:\/\/topprixsarl.ch\/de\/wp-json\/wp\/v2\/product_tag?post=31047"}],"curies":[{"name":"wp","href":"https:\/\/api.w.org\/{rel}","templated":true}]}}