{"id":31043,"date":"2026-01-09T14:48:48","date_gmt":"2026-01-09T14:48:48","guid":{"rendered":"https:\/\/topprixsarl.ch\/product\/toner-hp-cf542x-203x-2500-pages-yellow\/"},"modified":"2026-01-14T14:19:20","modified_gmt":"2026-01-14T14:19:20","slug":"toner-hp-cf542x-203x-2500-pages-yellow","status":"publish","type":"product","link":"https:\/\/topprixsarl.ch\/de\/product\/toner-hp-cf542x-203x-2500-pages-yellow\/","title":{"rendered":"Toner HP CF542X \/ 203X, 2500 pages, yellow"},"content":{"rendered":"<p>Le choix id\u00e9al pour votre bureau : CART HP COLOR 203X JAUNE CF542X. <\/p>\n<p>En fait, vous ne pourrez pas vous en passer : les cartouches d&rsquo;encre sont tout simplement indispensables dans l&rsquo;environnement professionnel actuel. Ils veillent \u00e0 ce qu&rsquo;un flux d&rsquo;informations fluides soit assur\u00e9 gr\u00e2ce \u00e0 des documents clairement lisibles. <\/p>\n<p>Avec la CART HP COLOR 203X JAUNE CF542X, les exigences quotidiennes tout comme les exigences plus sp\u00e9ciales sont satisfaites avec une grande qualit\u00e9 ainsi qu&rsquo;une grande pr\u00e9cision. <\/p>\n<p>Avec cet achat, vous optez pour l&rsquo;efficacit\u00e9 : jusqu&rsquo;\u00e0 2 500 pages seront imprim\u00e9es sans effort avec le produit contenu dans l&#8217;emballage. <\/p>\n<p>+ Produit con\u00e7u de mani\u00e8re optimale pour \u00eatre utilis\u00e9 avec des imprimantes laser. <\/p>\n<p>+ Nuances de jaune s\u00e9duisantes. <\/p>\n<p>+ Produit d&rsquo;origine, \u00e0 l&rsquo;\u00e9tat neuf. <\/p>\n<p>+ Un paquet contient 1 article. <\/p>\n<p>\u00c9vitez les probl\u00e8mes de ravitaillement ! \u00c9vitez les interruptions d\u00e9sagr\u00e9ables ! <\/p>\n<p>> Garantie 2 ans.<\/p>","protected":false},"excerpt":{"rendered":"<p>Le choix id\u00e9al pour votre bureau: CART HP COLOR 203X JAUNE CF542X. En fait, vous ne pourrez pas vous en passer: les cartouches d&rsquo;encre sont tout simplement indispensables dans l&rsquo;environnement professionnel actuel. Ils veillent \u00e0 ce qu&rsquo;un flux d&rsquo;infor<\/p>","protected":false},"featured_media":31042,"comment_status":"open","ping_status":"closed","template":"","meta":[],"product_brand":[],"product_cat":[137],"product_tag":[],"class_list":{"0":"post-31043","1":"product","2":"type-product","3":"status-publish","4":"has-post-thumbnail","6":"product_cat-article-offic","8":"first","9":"instock","10":"shipping-taxable","11":"purchasable","12":"product-type-simple"},"_links":{"self":[{"href":"https:\/\/topprixsarl.ch\/de\/wp-json\/wp\/v2\/product\/31043","targetHints":{"allow":["GET"]}}],"collection":[{"href":"https:\/\/topprixsarl.ch\/de\/wp-json\/wp\/v2\/product"}],"about":[{"href":"https:\/\/topprixsarl.ch\/de\/wp-json\/wp\/v2\/types\/product"}],"replies":[{"embeddable":true,"href":"https:\/\/topprixsarl.ch\/de\/wp-json\/wp\/v2\/comments?post=31043"}],"version-history":[{"count":2,"href":"https:\/\/topprixsarl.ch\/de\/wp-json\/wp\/v2\/product\/31043\/revisions"}],"predecessor-version":[{"id":32872,"href":"https:\/\/topprixsarl.ch\/de\/wp-json\/wp\/v2\/product\/31043\/revisions\/32872"}],"wp:featuredmedia":[{"embeddable":true,"href":"https:\/\/topprixsarl.ch\/de\/wp-json\/wp\/v2\/media\/31042"}],"wp:attachment":[{"href":"https:\/\/topprixsarl.ch\/de\/wp-json\/wp\/v2\/media?parent=31043"}],"wp:term":[{"taxonomy":"product_brand","embeddable":true,"href":"https:\/\/topprixsarl.ch\/de\/wp-json\/wp\/v2\/product_brand?post=31043"},{"taxonomy":"product_cat","embeddable":true,"href":"https:\/\/topprixsarl.ch\/de\/wp-json\/wp\/v2\/product_cat?post=31043"},{"taxonomy":"product_tag","embeddable":true,"href":"https:\/\/topprixsarl.ch\/de\/wp-json\/wp\/v2\/product_tag?post=31043"}],"curies":[{"name":"wp","href":"https:\/\/api.w.org\/{rel}","templated":true}]}}