{"id":31041,"date":"2026-01-09T14:48:34","date_gmt":"2026-01-09T14:48:34","guid":{"rendered":"https:\/\/topprixsarl.ch\/product\/toner-hp-cf541x-203x-2500-pages-cyan\/"},"modified":"2026-01-14T14:19:20","modified_gmt":"2026-01-14T14:19:20","slug":"toner-hp-cf541x-203x-2500-pages-cyan","status":"publish","type":"product","link":"https:\/\/topprixsarl.ch\/de\/product\/toner-hp-cf541x-203x-2500-pages-cyan\/","title":{"rendered":"Toner HP CF541X \/ 203X, 2500 pages, cyan"},"content":{"rendered":"<p>Commandez \u00e0 temps et \u00e9vitez les stries peu esth\u00e9tiques. En fait, vous ne pourrez pas vous en passer: les cartouches d&rsquo;encre sont tout simplement indispensables dans l&rsquo;environnement professionnel actuel. Ils veillent \u00e0 ce qu&rsquo;un flux d&rsquo;informations fluides soit assur\u00e9 gr\u00e2ce \u00e0 des documents clairement lisibles.<\/p>\n<p>Avec la CART HP COLOR 203X CYAN CF541X, les exigences quotidiennes tout comme les exigences plus sp\u00e9ciales sont satisfaites avec une grande qualit\u00e9 ainsi qu&rsquo;une grande pr\u00e9cision. <\/p>\n<p>+ Imprimez jusqu&rsquo;\u00e0 2 500 pages : un rendement suffisant, qui convient \u00e9galement aux projets de plus grande envergure.<\/p>\n<p>L&rsquo;imprimante laser est parfaitement adapt\u00e9e \u00e0 un environnement professionnel. Avec cet article, vous enrichissez la palette de couleurs de votre imprimante gr\u00e2ce aux nuances de ce cyan. <\/p>\n<p>+ Produit de marque \u00e0 l&rsquo;\u00e9tat neuf : il vous s\u00e9duira par son excellente qualit\u00e9. <\/p>\n<p>Avec un seul achat, vous obtenez 1 article. Veillez au bon fonctionnement de l&rsquo;impression! <\/p>\n<p>+ Garantie 2 ans*<\/p>","protected":false},"excerpt":{"rendered":"<p>Commandez \u00e0 temps et \u00e9vitez les stries peu esth\u00e9tiques. En fait, vous ne pourrez pas vous en passer: les cartouches d&rsquo;encre sont tout simplement indispensables dans l&rsquo;environnement professionnel actuel. Ils veillent \u00e0 ce qu&rsquo;un flux d&rsquo;informations flu<\/p>","protected":false},"featured_media":31040,"comment_status":"open","ping_status":"closed","template":"","meta":[],"product_brand":[],"product_cat":[137],"product_tag":[],"class_list":{"0":"post-31041","1":"product","2":"type-product","3":"status-publish","4":"has-post-thumbnail","6":"product_cat-article-offic","8":"first","9":"instock","10":"shipping-taxable","11":"purchasable","12":"product-type-simple"},"_links":{"self":[{"href":"https:\/\/topprixsarl.ch\/de\/wp-json\/wp\/v2\/product\/31041","targetHints":{"allow":["GET"]}}],"collection":[{"href":"https:\/\/topprixsarl.ch\/de\/wp-json\/wp\/v2\/product"}],"about":[{"href":"https:\/\/topprixsarl.ch\/de\/wp-json\/wp\/v2\/types\/product"}],"replies":[{"embeddable":true,"href":"https:\/\/topprixsarl.ch\/de\/wp-json\/wp\/v2\/comments?post=31041"}],"version-history":[{"count":2,"href":"https:\/\/topprixsarl.ch\/de\/wp-json\/wp\/v2\/product\/31041\/revisions"}],"predecessor-version":[{"id":32871,"href":"https:\/\/topprixsarl.ch\/de\/wp-json\/wp\/v2\/product\/31041\/revisions\/32871"}],"wp:featuredmedia":[{"embeddable":true,"href":"https:\/\/topprixsarl.ch\/de\/wp-json\/wp\/v2\/media\/31040"}],"wp:attachment":[{"href":"https:\/\/topprixsarl.ch\/de\/wp-json\/wp\/v2\/media?parent=31041"}],"wp:term":[{"taxonomy":"product_brand","embeddable":true,"href":"https:\/\/topprixsarl.ch\/de\/wp-json\/wp\/v2\/product_brand?post=31041"},{"taxonomy":"product_cat","embeddable":true,"href":"https:\/\/topprixsarl.ch\/de\/wp-json\/wp\/v2\/product_cat?post=31041"},{"taxonomy":"product_tag","embeddable":true,"href":"https:\/\/topprixsarl.ch\/de\/wp-json\/wp\/v2\/product_tag?post=31041"}],"curies":[{"name":"wp","href":"https:\/\/api.w.org\/{rel}","templated":true}]}}