{"id":31033,"date":"2026-01-09T14:47:25","date_gmt":"2026-01-09T14:47:25","guid":{"rendered":"https:\/\/topprixsarl.ch\/product\/cartouche-de-toner-brother-tn-2420-noire\/"},"modified":"2026-01-14T14:19:20","modified_gmt":"2026-01-14T14:19:20","slug":"cartouche-de-toner-brother-tn-2420-noire","status":"publish","type":"product","link":"https:\/\/topprixsarl.ch\/de\/product\/cartouche-de-toner-brother-tn-2420-noire\/","title":{"rendered":"Cartouche de toner Brother TN-2420- noire"},"content":{"rendered":"<p>Le choix id\u00e9al pour votre bureau : cartouche de toner Brother<\/p>\n<p>Les cartouches de toner sont un \u00e9l\u00e9ment essentiel dans le monde professionnel. Avec Brother, vous b\u00e9n\u00e9ficiez d&rsquo;une qualit\u00e9 et d&rsquo;une pr\u00e9cision optimales pour r\u00e9pondre \u00e0 tous vos besoins quotidiens.<\/p>\n<p>Gr\u00e2ce \u00e0 l&rsquo;encre noire de qualit\u00e9 sup\u00e9rieure et \u00e0 la technologie avanc\u00e9e de Brother, vos tirages artistiques et vos photographies en noir et blanc seront parfaits.<\/p>\n<p>En choisissant ce produit de marque authentique et neuf, vous optez pour la qualit\u00e9 et la fiabilit\u00e9.<\/p>\n<p>+ Code fabricant : TN-2420<br \/> + Nombre d&rsquo;unit\u00e9s emball\u00e9es : 1<br \/> + Couleur : noir <\/p>\n<p>Pour un budget ma\u00eetris\u00e9 et une tranquillit\u00e9 assur\u00e9e : profitez de notre service de r\u00e9approvisionnement automatique de vos consommables ! <\/p>\n<p>Toutes vos cartouches usag\u00e9es ont leur place dans le container (r\u00e9f\u00e9rence : 2.157.879). <\/p>\n<p>Ajoutez ce produit \u00e0 votre panier, et commandez d\u00e8s \u00e0 pr\u00e9sent !<\/p>\n<p>> Garantie 2 ans<\/p>","protected":false},"excerpt":{"rendered":"<p>Le choix id\u00e9al pour votre bureau : cartouche de toner Brother Les cartouches de toner, sont un \u00e9l\u00e9ment essentiel dans le monde professionnel. Avec Brother, vous b\u00e9n\u00e9ficiez d&rsquo;une qualit\u00e9 et d&rsquo;une pr\u00e9cision optimales pour r\u00e9pondre \u00e0 tous vos besoins qu<\/p>","protected":false},"featured_media":31032,"comment_status":"open","ping_status":"closed","template":"","meta":[],"product_brand":[],"product_cat":[137],"product_tag":[],"class_list":{"0":"post-31033","1":"product","2":"type-product","3":"status-publish","4":"has-post-thumbnail","6":"product_cat-article-offic","8":"first","9":"instock","10":"shipping-taxable","11":"purchasable","12":"product-type-simple"},"_links":{"self":[{"href":"https:\/\/topprixsarl.ch\/de\/wp-json\/wp\/v2\/product\/31033","targetHints":{"allow":["GET"]}}],"collection":[{"href":"https:\/\/topprixsarl.ch\/de\/wp-json\/wp\/v2\/product"}],"about":[{"href":"https:\/\/topprixsarl.ch\/de\/wp-json\/wp\/v2\/types\/product"}],"replies":[{"embeddable":true,"href":"https:\/\/topprixsarl.ch\/de\/wp-json\/wp\/v2\/comments?post=31033"}],"version-history":[{"count":3,"href":"https:\/\/topprixsarl.ch\/de\/wp-json\/wp\/v2\/product\/31033\/revisions"}],"predecessor-version":[{"id":33270,"href":"https:\/\/topprixsarl.ch\/de\/wp-json\/wp\/v2\/product\/31033\/revisions\/33270"}],"wp:featuredmedia":[{"embeddable":true,"href":"https:\/\/topprixsarl.ch\/de\/wp-json\/wp\/v2\/media\/31032"}],"wp:attachment":[{"href":"https:\/\/topprixsarl.ch\/de\/wp-json\/wp\/v2\/media?parent=31033"}],"wp:term":[{"taxonomy":"product_brand","embeddable":true,"href":"https:\/\/topprixsarl.ch\/de\/wp-json\/wp\/v2\/product_brand?post=31033"},{"taxonomy":"product_cat","embeddable":true,"href":"https:\/\/topprixsarl.ch\/de\/wp-json\/wp\/v2\/product_cat?post=31033"},{"taxonomy":"product_tag","embeddable":true,"href":"https:\/\/topprixsarl.ch\/de\/wp-json\/wp\/v2\/product_tag?post=31033"}],"curies":[{"name":"wp","href":"https:\/\/api.w.org\/{rel}","templated":true}]}}