{"id":31029,"date":"2026-01-09T14:46:54","date_gmt":"2026-01-09T14:46:54","guid":{"rendered":"https:\/\/topprixsarl.ch\/product\/distributeur-de-papier-toilette-maxi-jumbo-blanc\/"},"modified":"2026-04-11T01:25:05","modified_gmt":"2026-04-11T01:25:05","slug":"distributeur-de-papier-toilette-maxi-jumbo-blanc","status":"publish","type":"product","link":"https:\/\/topprixsarl.ch\/de\/product\/distributeur-de-papier-toilette-maxi-jumbo-blanc\/","title":{"rendered":"Distributeur de papier toilette Maxi Jumbo &#8211; blanc"},"content":{"rendered":"<p>**Distributeur de papier hygi\u00e9nique universel**<\/p>\n<p>+ Rouleau papier toilette de toute marque maximum 400 m.<br \/>\n+ Fermeture s\u00e9curis\u00e9e avec cl\u00e9.<br \/>\n+ Pratique : chargement facile des consommables en fa\u00e7ade.<br \/>\n+ D\u00e9coupe facile droite et gauche gr\u00e2ce aux lames cisel\u00e9es.<br \/>\n+ Visualisation du niveau de papier.<br \/>\n+ Mandrin \u00d8 45 mm.<br \/>\n+ 4 points de fixations.<br \/>\n+ Capot blanc\/ch\u00e2ssis gris.  <\/p>\n<p>**Dimensions :** H 32 x L 28,5 x P 12 cm.<\/p>","protected":false},"excerpt":{"rendered":"<p>Distributeur de papier hygi\u00e9nique universel;&rsquo;- Rouleau papier toilette de toute marque maximum 400 m.- Fermeture s\u00e9curis\u00e9e avec cl\u00e9.- Pratique : chargement facile des consommables en fa\u00e7ade.- D\u00e9coupe facile droite et gauche gr\u00e2ce aux lames cisel\u00e9es.-<\/p>","protected":false},"featured_media":31028,"comment_status":"open","ping_status":"closed","template":"","meta":[],"product_brand":[],"product_cat":[143],"product_tag":[],"class_list":{"0":"post-31029","1":"product","2":"type-product","3":"status-publish","4":"has-post-thumbnail","6":"product_cat-nettoyage","8":"first","9":"instock","10":"shipping-taxable","11":"purchasable","12":"product-type-simple"},"_links":{"self":[{"href":"https:\/\/topprixsarl.ch\/de\/wp-json\/wp\/v2\/product\/31029","targetHints":{"allow":["GET"]}}],"collection":[{"href":"https:\/\/topprixsarl.ch\/de\/wp-json\/wp\/v2\/product"}],"about":[{"href":"https:\/\/topprixsarl.ch\/de\/wp-json\/wp\/v2\/types\/product"}],"replies":[{"embeddable":true,"href":"https:\/\/topprixsarl.ch\/de\/wp-json\/wp\/v2\/comments?post=31029"}],"version-history":[{"count":2,"href":"https:\/\/topprixsarl.ch\/de\/wp-json\/wp\/v2\/product\/31029\/revisions"}],"predecessor-version":[{"id":32864,"href":"https:\/\/topprixsarl.ch\/de\/wp-json\/wp\/v2\/product\/31029\/revisions\/32864"}],"wp:featuredmedia":[{"embeddable":true,"href":"https:\/\/topprixsarl.ch\/de\/wp-json\/wp\/v2\/media\/31028"}],"wp:attachment":[{"href":"https:\/\/topprixsarl.ch\/de\/wp-json\/wp\/v2\/media?parent=31029"}],"wp:term":[{"taxonomy":"product_brand","embeddable":true,"href":"https:\/\/topprixsarl.ch\/de\/wp-json\/wp\/v2\/product_brand?post=31029"},{"taxonomy":"product_cat","embeddable":true,"href":"https:\/\/topprixsarl.ch\/de\/wp-json\/wp\/v2\/product_cat?post=31029"},{"taxonomy":"product_tag","embeddable":true,"href":"https:\/\/topprixsarl.ch\/de\/wp-json\/wp\/v2\/product_tag?post=31029"}],"curies":[{"name":"wp","href":"https:\/\/api.w.org\/{rel}","templated":true}]}}