{"id":31027,"date":"2026-01-09T14:46:40","date_gmt":"2026-01-09T14:46:40","guid":{"rendered":"https:\/\/topprixsarl.ch\/product\/distributeur-dessuie-mains-plies-blanc\/"},"modified":"2026-04-11T01:24:58","modified_gmt":"2026-04-11T01:24:58","slug":"distributeur-dessuie-mains-plies-blanc","status":"publish","type":"product","link":"https:\/\/topprixsarl.ch\/de\/product\/distributeur-dessuie-mains-plies-blanc\/","title":{"rendered":"Distributeur d&rsquo;essuie-mains pli\u00e9s  &#8211; blanc"},"content":{"rendered":"<p>**Distributeur d&rsquo;essuie-mains universel pliage V**<\/p>\n<p>+ Couleur : blanche<\/p>\n<p>+ Fermeture s\u00e9curis\u00e9e avec cl\u00e9<\/p>\n<p>+ Pratique : changement facile des consommables<\/p>\n<p>+ Capot ABS \u2013 Ch\u00e2ssis ABS gris<\/p>\n<p>+ Capacit\u00e9 : 400 \u00e0 600 essuie-mains<\/p>\n<p>+ Dimensions maximum du format : L 245 x P 110 mm<\/p>\n<p>+ Utilise les essuie-mains r\u00e9f : 10.081.314<\/p>\n<p>+ Visualisation du niveau de papier<\/p>\n<p>+ 4 points de fixation<\/p>\n<p>*Note : Les essuie-mains r\u00e9f : 10.081.314 sont compatibles avec ce distributeur.*<\/p>","protected":false},"excerpt":{"rendered":"<p>Distributeur d&rsquo;essuie mains universel pliage V.Couleur blanche.Fermeture s\u00e9curis\u00e9e avec cl\u00e9.Pratique : changement facile des consommables.Capot ABS \u2013 Ch\u00e2ssis ABS gris.Capacit\u00e9 : 400 \u00e0 600 essuie-mains.Dimensions maximum du format : L 245 x P 110 mm.U<\/p>","protected":false},"featured_media":31026,"comment_status":"open","ping_status":"closed","template":"","meta":[],"product_brand":[],"product_cat":[143],"product_tag":[],"class_list":{"0":"post-31027","1":"product","2":"type-product","3":"status-publish","4":"has-post-thumbnail","6":"product_cat-nettoyage","8":"first","9":"instock","10":"shipping-taxable","11":"purchasable","12":"product-type-simple"},"_links":{"self":[{"href":"https:\/\/topprixsarl.ch\/de\/wp-json\/wp\/v2\/product\/31027","targetHints":{"allow":["GET"]}}],"collection":[{"href":"https:\/\/topprixsarl.ch\/de\/wp-json\/wp\/v2\/product"}],"about":[{"href":"https:\/\/topprixsarl.ch\/de\/wp-json\/wp\/v2\/types\/product"}],"replies":[{"embeddable":true,"href":"https:\/\/topprixsarl.ch\/de\/wp-json\/wp\/v2\/comments?post=31027"}],"version-history":[{"count":2,"href":"https:\/\/topprixsarl.ch\/de\/wp-json\/wp\/v2\/product\/31027\/revisions"}],"predecessor-version":[{"id":32863,"href":"https:\/\/topprixsarl.ch\/de\/wp-json\/wp\/v2\/product\/31027\/revisions\/32863"}],"wp:featuredmedia":[{"embeddable":true,"href":"https:\/\/topprixsarl.ch\/de\/wp-json\/wp\/v2\/media\/31026"}],"wp:attachment":[{"href":"https:\/\/topprixsarl.ch\/de\/wp-json\/wp\/v2\/media?parent=31027"}],"wp:term":[{"taxonomy":"product_brand","embeddable":true,"href":"https:\/\/topprixsarl.ch\/de\/wp-json\/wp\/v2\/product_brand?post=31027"},{"taxonomy":"product_cat","embeddable":true,"href":"https:\/\/topprixsarl.ch\/de\/wp-json\/wp\/v2\/product_cat?post=31027"},{"taxonomy":"product_tag","embeddable":true,"href":"https:\/\/topprixsarl.ch\/de\/wp-json\/wp\/v2\/product_tag?post=31027"}],"curies":[{"name":"wp","href":"https:\/\/api.w.org\/{rel}","templated":true}]}}